{"id":186,"date":"2020-03-08T13:47:47","date_gmt":"2020-03-08T10:17:47","guid":{"rendered":"http:\/\/soheilwoodmosaics.com\/?page_id=186"},"modified":"2020-03-09T23:00:49","modified_gmt":"2020-03-09T19:30:49","slug":"order","status":"publish","type":"page","link":"https:\/\/soheilwoodmosaics.com\/nb\/order\/","title":{"rendered":"Betal\/bestill\/vedlikehold"},"content":{"rendered":"<h4 class=\"wp-block-heading\">Ordrer<\/h4>\n\n\n\n<p>Bestillinger og provisjoner b\u00f8r plasseres via e-post ved hjelp av Kontakt meg-anlegget, under Kontakt p\u00e5 hovedmenyen.&nbsp;<\/p>\n\n\n\n<p>Du vil ha muligheten til \u00e5 finne ut mer om kj\u00f8pet og forhandle dine ideer for en provisjon.&nbsp;<\/p>\n\n\n\n<p>Dette er et avgj\u00f8rende viktig stadium hvor jeg tar stor forsiktighet for \u00e5 sikre at spesifikasjonene dine blir lyttet til og s\u00e5 langt som mulig oppfylt<\/p>\n\n\n\n<h4 class=\"wp-block-heading\">Betalingsprosedyre<\/h4>\n\n\n\n<p>En faktura vil bli sendt p\u00e5 e-post som inneholder: 1) Bestillingsnummer 2) Dato 3) Kj\u00f8pt vare 4) Kostnad for vare 5) Forsendelsesomkostninger (fraktdetaljer) <br>PayPal-detaljer: Alle betalinger fra PayPal. Bestillingen din vil bli sendt direkte betaling er mottatt.<\/p>\n\n\n\n<p>Hvis du har sp\u00f8rsm\u00e5l, ikke n\u00f8l med \u00e5 sende e-post p\u00e5\u00a0<em><strong>info@soheilwoodmosaics.com<\/strong><\/em><\/p>\n\n\n\n<h4 class=\"wp-block-heading\">Etter salgsservice og vedlikehold\u00a0<\/h4>\n\n\n\n<p>Mine styrene vil vare i generasjoner og kan gi en fantastisk arv for medlemmer av familien din, hvis de behandles med respekt.<\/p>\n\n\n\n<p>Derfor tilbyr jeg en etterpleietjeneste som involverer sm\u00f8ringen.<\/p>","protected":false},"excerpt":{"rendered":"<p>Orders Orders and commissions should be placed by email using the&nbsp;Contact Me&nbsp;facility, under&nbsp;Contact&nbsp;on the main&nbsp;Menu.&nbsp; You will have the opportunity to find out more about your purchase and negotiate your ideas for a commission.&nbsp; This is a crucially important stage where I take great care to ensure your specifications are listened to and as far [&hellip;]<\/p>","protected":false},"author":1,"featured_media":0,"parent":0,"menu_order":0,"comment_status":"closed","ping_status":"closed","template":"","meta":{"footnotes":""},"_links":{"self":[{"href":"https:\/\/soheilwoodmosaics.com\/nb\/wp-json\/wp\/v2\/pages\/186"}],"collection":[{"href":"https:\/\/soheilwoodmosaics.com\/nb\/wp-json\/wp\/v2\/pages"}],"about":[{"href":"https:\/\/soheilwoodmosaics.com\/nb\/wp-json\/wp\/v2\/types\/page"}],"author":[{"embeddable":true,"href":"https:\/\/soheilwoodmosaics.com\/nb\/wp-json\/wp\/v2\/users\/1"}],"replies":[{"embeddable":true,"href":"https:\/\/soheilwoodmosaics.com\/nb\/wp-json\/wp\/v2\/comments?post=186"}],"version-history":[{"count":3,"href":"https:\/\/soheilwoodmosaics.com\/nb\/wp-json\/wp\/v2\/pages\/186\/revisions"}],"predecessor-version":[{"id":226,"href":"https:\/\/soheilwoodmosaics.com\/nb\/wp-json\/wp\/v2\/pages\/186\/revisions\/226"}],"wp:attachment":[{"href":"https:\/\/soheilwoodmosaics.com\/nb\/wp-json\/wp\/v2\/media?parent=186"}],"curies":[{"name":"wp","href":"https:\/\/api.w.org\/{rel}","templated":true}]}}