{"id":184,"date":"2020-03-08T13:45:21","date_gmt":"2020-03-08T10:15:21","guid":{"rendered":"http:\/\/soheilwoodmosaics.com\/?page_id=184"},"modified":"2020-03-10T18:09:57","modified_gmt":"2020-03-10T14:39:57","slug":"commissions","status":"publish","type":"page","link":"https:\/\/soheilwoodmosaics.com\/nb\/commissions\/","title":{"rendered":"Provisjoner"},"content":{"rendered":"<p>Jeg \u00f8nsker velkommen oppdrag for etablering av skreddersydd edivid, par eller grupper av styrene. Jeg vil analysere og tolke bilder og velge den mest hensiktsmessige skogen fra et bredt spekter av pr\u00f8ver, (som kan ses p\u00e5 'Wood Samples'-siden p\u00e5 denne nettsiden). Boards kan v\u00e6re laget av en rekke fire forskjellige st\u00f8rrelser (20x30cm, 40x60cm, 70x50cm eller 80x80cm). Bestillinger for alle typer skrivebord, stoler, tilbeh\u00f8r som backgammon boards (dekorative og funksjonelle) er akseptert. Visuell kommunikasjon p\u00e5 nettet og via e-post vil sikre at du holdes godt informert om hvordan kommisjonen din utvikler seg.<br>\nKostnaden for kommisjonen vil bli forhandlet og ferdigstilt i forkant av bestillingen din blir plassert og vil v\u00e6re basert p\u00e5 styretst\u00f8rrelse og intricacy av det foresl\u00e5tte prosjektet. Materialer belastes p\u00e5 forh\u00e5nd. Jeg vil be om en tredjedel av avgiften ved starten av prosjektet, en tredjedel p\u00e5 halvveis scenen og en tredjedel ved ferdigstillelse.<\/p>\n\n\n\n<p>ALT ARBEIDET MITT ER SKREDDERSYDD OG H\u00c5NDSK\u00c5RET VED HJELP AV DEN NATURLIGE SKJ\u00d8NNHETEN TIL ET BREDT SPEKTER AV TRE FOR FARGE OG P\u00c5VIRKNING.<br> (Aldri malt som er mange d\u00e5rligere produkter)<\/p>","protected":false},"excerpt":{"rendered":"<p>I welcome commissions for the creation of bespoke individual, pairs of or groups of boards. I will analyse and interpret images and select the most appropriate woods from a wide range of samples, (which can be seen on the &#8216;Wood Samples&#8217; page on this website). Boards can be made from a range of four different [&hellip;]<\/p>","protected":false},"author":1,"featured_media":0,"parent":0,"menu_order":0,"comment_status":"closed","ping_status":"closed","template":"","meta":{"footnotes":""},"_links":{"self":[{"href":"https:\/\/soheilwoodmosaics.com\/nb\/wp-json\/wp\/v2\/pages\/184"}],"collection":[{"href":"https:\/\/soheilwoodmosaics.com\/nb\/wp-json\/wp\/v2\/pages"}],"about":[{"href":"https:\/\/soheilwoodmosaics.com\/nb\/wp-json\/wp\/v2\/types\/page"}],"author":[{"embeddable":true,"href":"https:\/\/soheilwoodmosaics.com\/nb\/wp-json\/wp\/v2\/users\/1"}],"replies":[{"embeddable":true,"href":"https:\/\/soheilwoodmosaics.com\/nb\/wp-json\/wp\/v2\/comments?post=184"}],"version-history":[{"count":4,"href":"https:\/\/soheilwoodmosaics.com\/nb\/wp-json\/wp\/v2\/pages\/184\/revisions"}],"predecessor-version":[{"id":236,"href":"https:\/\/soheilwoodmosaics.com\/nb\/wp-json\/wp\/v2\/pages\/184\/revisions\/236"}],"wp:attachment":[{"href":"https:\/\/soheilwoodmosaics.com\/nb\/wp-json\/wp\/v2\/media?parent=184"}],"curies":[{"name":"wp","href":"https:\/\/api.w.org\/{rel}","templated":true}]}}