{"id":182,"date":"2020-03-08T13:45:06","date_gmt":"2020-03-08T10:15:06","guid":{"rendered":"http:\/\/soheilwoodmosaics.com\/?page_id=182"},"modified":"2020-03-24T20:24:45","modified_gmt":"2020-03-24T16:54:45","slug":"the-history-of-wood-mosaics","status":"publish","type":"page","link":"https:\/\/soheilwoodmosaics.com\/nb\/the-history-of-wood-mosaics\/","title":{"rendered":"Historien om tre mosaikker"},"content":{"rendered":"<p class=\"underlined-text\"><strong>Historien om tre mosaikk kunst i Iran<\/strong><\/p>\n\n\n\n<p>Persisk kunst eller iransk kunst har en av de rikeste kunstarvene i verdenshistorien. En av de vakreste kunst og h\u00e5ndverk i Iran er tre mosaikk kunst.&nbsp;<\/p>\n\n\n\n<p>Det eldste eksempelet p\u00e5 tremosaikkkunst i Iran ble oppdaget under utgravninger i den gamle brente byen Zabul. Det dateres tilbake til femte \u00e5rtusen f.Kr. Den best\u00e5r av geometriske former.<\/p>\n\n\n\n<figure class=\"wp-block-image size-large\"><img loading=\"lazy\" decoding=\"async\" width=\"1024\" height=\"719\" src=\"https:\/\/soheilwoodmosaics.com\/wp-content\/uploads\/2020\/03\/shahre-sookhte-1024x719.jpeg\" alt=\"\" class=\"wp-image-76\"\/><\/figure>\n\n\n\n<p>Ett tusen \u00e5r senere ble det funnet to mosaikker til. Den f\u00f8rste ble oppdaget i de brente byutgravningene. Den andre var et panel fra 1313AH (1934). &nbsp;<\/p>\n\n\n\n<p>&nbsp;Disse eksemplene har blitt etterfulgt av ahmad Rhanas enest\u00e5ende arbeid. Hans arbeid anses \u00e5 gi et overlegent tidlig eksempel p\u00e5 tre mosaikk kunst.&nbsp;<\/p>\n\n\n\n<p>(&nbsp;PHOTO)&nbsp;<\/p>\n\n\n\n<p>Fra det sjette \u00e5rhundre og utover arbeidet til Seljuk kan bli funnet i Iran.&nbsp;<\/p>\n\n\n\n<p>Med opprinnelse fra det \u00e5ttende \u00e5rhundre AH, er det noen eksepsjonelle eksempler p\u00e5 iransk mosaikkkunst. Iranerne var i stand til \u00e5 skape denne gamle kunsten i de vakreste geometriske former gjennom anvendelsen av matematisk vitenskap.&nbsp;<\/p>\n\n\n\n<p>Fra 1334AH (1955) og fremover ble det brukt mer fargevariasjon, og dermed var det tydelig i mosaikkene.<\/p>","protected":false},"excerpt":{"rendered":"<p>The History of Wooden Mosaic Art in Iran Persian&nbsp;art or&nbsp;Iranian&nbsp;art has one of the richest art heritages in world&nbsp;history.&nbsp;One of the most beautiful arts and crafts in Iran is wood mosaic art.&nbsp; The oldest example of wood mosaic art in Iran was discovered during excavations in the ancient burnt city of Zabul. It dated back [&hellip;]<\/p>","protected":false},"author":1,"featured_media":0,"parent":0,"menu_order":0,"comment_status":"closed","ping_status":"closed","template":"","meta":{"footnotes":""},"_links":{"self":[{"href":"https:\/\/soheilwoodmosaics.com\/nb\/wp-json\/wp\/v2\/pages\/182"}],"collection":[{"href":"https:\/\/soheilwoodmosaics.com\/nb\/wp-json\/wp\/v2\/pages"}],"about":[{"href":"https:\/\/soheilwoodmosaics.com\/nb\/wp-json\/wp\/v2\/types\/page"}],"author":[{"embeddable":true,"href":"https:\/\/soheilwoodmosaics.com\/nb\/wp-json\/wp\/v2\/users\/1"}],"replies":[{"embeddable":true,"href":"https:\/\/soheilwoodmosaics.com\/nb\/wp-json\/wp\/v2\/comments?post=182"}],"version-history":[{"count":11,"href":"https:\/\/soheilwoodmosaics.com\/nb\/wp-json\/wp\/v2\/pages\/182\/revisions"}],"predecessor-version":[{"id":294,"href":"https:\/\/soheilwoodmosaics.com\/nb\/wp-json\/wp\/v2\/pages\/182\/revisions\/294"}],"wp:attachment":[{"href":"https:\/\/soheilwoodmosaics.com\/nb\/wp-json\/wp\/v2\/media?parent=182"}],"curies":[{"name":"wp","href":"https:\/\/api.w.org\/{rel}","templated":true}]}}