{"id":180,"date":"2020-03-08T13:44:46","date_gmt":"2020-03-08T10:14:46","guid":{"rendered":"http:\/\/soheilwoodmosaics.com\/?page_id=180"},"modified":"2020-03-21T18:46:31","modified_gmt":"2020-03-21T15:16:31","slug":"the-environment","status":"publish","type":"page","link":"https:\/\/soheilwoodmosaics.com\/nb\/the-environment\/","title":{"rendered":"Milj\u00f8et"},"content":{"rendered":"<div class=\"wp-block-media-text alignwide is-stacked-on-mobile is-vertically-aligned-top\" style=\"grid-template-columns:61% auto\"><figure class=\"wp-block-media-text__media\"><video controls src=\"http:\/\/soheilwoodmosaics.com\/wp-content\/uploads\/2020\/03\/video_2020-03-06_20-54-37.webm\"><\/video><\/figure><div class=\"wp-block-media-text__content\">\n<p class=\"has-normal-font-size\"><strong>Tre<\/strong>: mitt viktigste og mest verdsatte r\u00e5stoff.<br> Her er noen av variantene jeg bruker til \u00e5 lage bilder p\u00e5 mine h\u00e5ndkuttede tremosaikker.<br> Selv etter d\u00f8den gj\u00f8r tr\u00e6r v\u00e5r verden s\u00e5 mye vakrere.<\/p>\n<\/div><\/div>\n\n\n\n<p>Jeg er en dedikert milj\u00f8forkjemper og kan \u00e6rlig si at jeg aldri har kuttet ned et levende tre og bare bruke t\u00f8rkede frukttr\u00e6r, for \u00e5 demonstrere hvordan tr\u00e6r som har d\u00f8dd naturlig, er like i stand til \u00e5 gi skj\u00f8nnhet i v\u00e5r verden. I tillegg til deres uts\u00f8kte tre, gir tr\u00e6r oss oksygen, helse, skj\u00f8nnhet, trygghet og ro. Jeg har l\u00e6rt l\u00e6rdom av liv og fred fra tr\u00e6rne rundt oss.&nbsp;<\/p>\n\n\n\n<figure class=\"wp-block-image size-large\"><img loading=\"lazy\" decoding=\"async\" width=\"576\" height=\"1024\" src=\"http:\/\/soheilwoodmosaics.com\/wp-content\/uploads\/2020\/03\/P_20190613_112131-576x1024.jpg\" alt=\"\" class=\"wp-image-283\" srcset=\"https:\/\/soheilwoodmosaics.com\/wp-content\/uploads\/2020\/03\/P_20190613_112131-576x1024.jpg 576w, https:\/\/soheilwoodmosaics.com\/wp-content\/uploads\/2020\/03\/P_20190613_112131-169x300.jpg 169w, https:\/\/soheilwoodmosaics.com\/wp-content\/uploads\/2020\/03\/P_20190613_112131-600x1067.jpg 600w, https:\/\/soheilwoodmosaics.com\/wp-content\/uploads\/2020\/03\/P_20190613_112131.jpg 675w\" sizes=\"(max-width: 576px) 100vw, 576px\" \/><\/figure>\n\n\n\n<figure class=\"wp-block-image size-large\"><img loading=\"lazy\" decoding=\"async\" width=\"576\" height=\"1024\" src=\"http:\/\/soheilwoodmosaics.com\/wp-content\/uploads\/2020\/03\/P_20190613_112116-576x1024.jpg\" alt=\"\" class=\"wp-image-282\" srcset=\"https:\/\/soheilwoodmosaics.com\/wp-content\/uploads\/2020\/03\/P_20190613_112116-576x1024.jpg 576w, https:\/\/soheilwoodmosaics.com\/wp-content\/uploads\/2020\/03\/P_20190613_112116-169x300.jpg 169w, https:\/\/soheilwoodmosaics.com\/wp-content\/uploads\/2020\/03\/P_20190613_112116-600x1067.jpg 600w, https:\/\/soheilwoodmosaics.com\/wp-content\/uploads\/2020\/03\/P_20190613_112116.jpg 675w\" sizes=\"(max-width: 576px) 100vw, 576px\" \/><\/figure>\n\n\n\n<figure class=\"wp-block-image size-large\"><img loading=\"lazy\" decoding=\"async\" width=\"576\" height=\"1024\" src=\"http:\/\/soheilwoodmosaics.com\/wp-content\/uploads\/2020\/03\/P_20190613_112102-576x1024.jpg\" alt=\"\" class=\"wp-image-281\" srcset=\"https:\/\/soheilwoodmosaics.com\/wp-content\/uploads\/2020\/03\/P_20190613_112102-576x1024.jpg 576w, https:\/\/soheilwoodmosaics.com\/wp-content\/uploads\/2020\/03\/P_20190613_112102-169x300.jpg 169w, https:\/\/soheilwoodmosaics.com\/wp-content\/uploads\/2020\/03\/P_20190613_112102-600x1067.jpg 600w, https:\/\/soheilwoodmosaics.com\/wp-content\/uploads\/2020\/03\/P_20190613_112102.jpg 675w\" sizes=\"(max-width: 576px) 100vw, 576px\" \/><\/figure>","protected":false},"excerpt":{"rendered":"<p>Wood: my most important and valued raw material. Here are some of the varieties I use for creating images on my hand-cut wood mosaics. Even after death, trees make our world so much more beautiful. I am a dedicated environmentalist and can honestly say that I have never cut down a living tree and only [&hellip;]<\/p>","protected":false},"author":1,"featured_media":0,"parent":0,"menu_order":0,"comment_status":"closed","ping_status":"closed","template":"","meta":{"footnotes":""},"_links":{"self":[{"href":"https:\/\/soheilwoodmosaics.com\/nb\/wp-json\/wp\/v2\/pages\/180"}],"collection":[{"href":"https:\/\/soheilwoodmosaics.com\/nb\/wp-json\/wp\/v2\/pages"}],"about":[{"href":"https:\/\/soheilwoodmosaics.com\/nb\/wp-json\/wp\/v2\/types\/page"}],"author":[{"embeddable":true,"href":"https:\/\/soheilwoodmosaics.com\/nb\/wp-json\/wp\/v2\/users\/1"}],"replies":[{"embeddable":true,"href":"https:\/\/soheilwoodmosaics.com\/nb\/wp-json\/wp\/v2\/comments?post=180"}],"version-history":[{"count":5,"href":"https:\/\/soheilwoodmosaics.com\/nb\/wp-json\/wp\/v2\/pages\/180\/revisions"}],"predecessor-version":[{"id":285,"href":"https:\/\/soheilwoodmosaics.com\/nb\/wp-json\/wp\/v2\/pages\/180\/revisions\/285"}],"wp:attachment":[{"href":"https:\/\/soheilwoodmosaics.com\/nb\/wp-json\/wp\/v2\/media?parent=180"}],"curies":[{"name":"wp","href":"https:\/\/api.w.org\/{rel}","templated":true}]}}