{"id":24,"date":"2020-02-06T18:11:47","date_gmt":"2020-02-06T14:41:47","guid":{"rendered":"http:\/\/soheilwoodmosaics.com\/?page_id=24"},"modified":"2022-03-09T00:25:12","modified_gmt":"2022-03-08T20:55:12","slug":"about-me","status":"publish","type":"page","link":"https:\/\/soheilwoodmosaics.com\/fr\/about-me\/","title":{"rendered":"\u00c0 propos de Moi"},"content":{"rendered":"<p><strong>\u00c0 propos de Moi<\/strong><\/p>\n\n\n\n<p>Il y a une dizaine d\u2019ann\u00e9es, pendant mon service militaire, j\u2019ai d\u00fb travailler au Bureau du patrimoine culturel. C\u2019est l\u00e0 que j\u2019ai d\u2019abord observ\u00e9 un artiste de l\u2019artisanat du bois au travail et la formation re\u00e7ue par ses apprentis. D\u00e8s lors, je suis tomb\u00e9 amoureux de ce m\u00e9tier. Je suis tomb\u00e9 amoureux du look, de la sensation, de l\u2019odeur du bois et j\u2019ai r\u00e9alis\u00e9 que mon ambition \u00e9tait de m\u2019entra\u00eener en tant qu\u2019artisan comme eux. Apr\u00e8s une longue conversation, l\u2019artiste de l\u2019artisanat du bois m\u2019a sugg\u00e9r\u00e9 de pouvoir y aller \u00e0 la fin de ma journ\u00e9e de travail, une fois que le personnel avait quitt\u00e9 le b\u00e2timent et d\u2019apprendre certaines des comp\u00e9tences. Donc, je verrouillais les portes et j\u2019allais secr\u00e8tement \u00e0 la salle d\u2019artisanat pour \u00eatre enseign\u00e9 par mon merveilleux mentor. J\u2019ai profit\u00e9 de chaque occasion pour pratiquer autant que je pouvais et je suis tomb\u00e9 de plus en plus amoureux de ce bel art. J\u2019ai appris \u00e0 ma\u00eetriser les scies et \u00e0 couper une ligne droite en bois. Je suis ensuite pass\u00e9 \u00e0 des lignes courbes et apr\u00e8s seulement une semaine, j\u2019ai commenc\u00e9 \u00e0 faire une image simple en bois ordinaire. Mon mentor m\u2019a dit que j\u2019\u00e9tais tr\u00e8s talentueux et m\u2019a donn\u00e9 des images de plus en plus sophistiqu\u00e9es. Je me suis senti tr\u00e8s fier quand mon entra\u00eeneur m\u2019a dit qu\u2019il y avait des \u00e9tudiants qui faisaient cela depuis un an qui \u00e9taient beaucoup moins pr\u00e9cis que moi.\u00a0<\/p>\n\n\n\n<p>&nbsp; &nbsp;Apr\u00e8s la fin de mon service militaire, je suis rentr\u00e9 chez moi et j\u2019ai d\u00e9cid\u00e9 de travailler avec un ancien ma\u00eetre tr\u00e8s exp\u00e9riment\u00e9 et comp\u00e9tent afin de progresser \u00e0 un niveau plus avanc\u00e9. Pendant ce temps, j\u2019ai non seulement am\u00e9lior\u00e9 mes comp\u00e9tences, mais j\u2019ai aussi appris, par son exemple, \u00e0 \u00eatre plus patient, plus gentil et \u00e0 aimer les autres comme il l\u2019a fait. Je m\u2019efforcerai toujours d\u2019\u00eatre comme lui. Malheureusement, il est mort quelques mois plus tard, mais sa m\u00e9moire et son exemple restent en moi.&nbsp;<\/p>\n\n\n\n<p>&nbsp; &nbsp;J\u2019ai eu la chance de pouvoir mettre en place mon propre atelier et apr\u00e8s plusieurs ann\u00e9es, j\u2019ai obtenu une licence de l\u2019Organisation iranienne du patrimoine culturel et de l\u2019artisanat. Cela m\u2019a donn\u00e9 la reconnaissance dont j\u2019avais besoin en tant qu\u2019artiste professionnel et habile en mosa\u00efque en bois, et m\u2019a permis d\u2019acc\u00e9der \u00e0 des planches avanc\u00e9es en mosa\u00efque de bois.<\/p>\n\n\n\n<figure class=\"wp-block-video\"><video controls src=\"https:\/\/soheilwoodmosaics.com\/wp-content\/uploads\/2021\/05\/Soheil_Trailer-final.mp4\"><\/video><figcaption>Short Teaser of My Documentary Film &#8220;Eternal Life&#8221;<\/figcaption><\/figure>\n\n\n\n<div class=\"wp-block-group\"><div class=\"wp-block-group__inner-container is-layout-flow wp-block-group-is-layout-flow\">\n<div style=\"height:50px\" aria-hidden=\"true\" class=\"wp-block-spacer\"><\/div>\n\n\n\n<hr class=\"wp-block-separator has-text-color has-background has-black-background-color has-black-color is-style-wide\"\/>\n\n\n\n<div style=\"height:50px\" aria-hidden=\"true\" class=\"wp-block-spacer\"><\/div>\n<\/div><\/div>\n\n\n\n<figure class=\"wp-block-image size-large\"><img loading=\"lazy\" decoding=\"async\" width=\"1024\" height=\"683\" src=\"http:\/\/soheilwoodmosaics.com\/wp-content\/uploads\/2020\/03\/Soheyll-34-1024x683.jpg\" alt=\"\" class=\"wp-image-85\" srcset=\"https:\/\/soheilwoodmosaics.com\/wp-content\/uploads\/2020\/03\/Soheyll-34-1024x683.jpg 1024w, https:\/\/soheilwoodmosaics.com\/wp-content\/uploads\/2020\/03\/Soheyll-34-300x200.jpg 300w, https:\/\/soheilwoodmosaics.com\/wp-content\/uploads\/2020\/03\/Soheyll-34-768x512.jpg 768w, https:\/\/soheilwoodmosaics.com\/wp-content\/uploads\/2020\/03\/Soheyll-34-750x500.jpg 750w, https:\/\/soheilwoodmosaics.com\/wp-content\/uploads\/2020\/03\/Soheyll-34-600x400.jpg 600w, https:\/\/soheilwoodmosaics.com\/wp-content\/uploads\/2020\/03\/Soheyll-34.jpg 1200w\" sizes=\"(max-width: 1024px) 100vw, 1024px\" \/><\/figure>\n\n\n\n<figure class=\"wp-block-image size-large\"><img loading=\"lazy\" decoding=\"async\" width=\"1024\" height=\"683\" src=\"http:\/\/soheilwoodmosaics.com\/wp-content\/uploads\/2020\/03\/e7e11afa-8775-4f56-8e7e-f633de0b0b9a-1024x683.jpeg\" alt=\"\" class=\"wp-image-162\" srcset=\"https:\/\/soheilwoodmosaics.com\/wp-content\/uploads\/2020\/03\/e7e11afa-8775-4f56-8e7e-f633de0b0b9a-1024x683.jpeg 1024w, https:\/\/soheilwoodmosaics.com\/wp-content\/uploads\/2020\/03\/e7e11afa-8775-4f56-8e7e-f633de0b0b9a-300x200.jpeg 300w, https:\/\/soheilwoodmosaics.com\/wp-content\/uploads\/2020\/03\/e7e11afa-8775-4f56-8e7e-f633de0b0b9a-768x512.jpeg 768w, https:\/\/soheilwoodmosaics.com\/wp-content\/uploads\/2020\/03\/e7e11afa-8775-4f56-8e7e-f633de0b0b9a-750x500.jpeg 750w, https:\/\/soheilwoodmosaics.com\/wp-content\/uploads\/2020\/03\/e7e11afa-8775-4f56-8e7e-f633de0b0b9a-600x400.jpeg 600w, https:\/\/soheilwoodmosaics.com\/wp-content\/uploads\/2020\/03\/e7e11afa-8775-4f56-8e7e-f633de0b0b9a.jpeg 1080w\" sizes=\"(max-width: 1024px) 100vw, 1024px\" \/><\/figure>\n\n\n\n<figure class=\"wp-block-image size-large\"><img loading=\"lazy\" decoding=\"async\" width=\"1024\" height=\"683\" src=\"http:\/\/soheilwoodmosaics.com\/wp-content\/uploads\/2020\/03\/da7f5992-f268-4e4c-90a0-c176032c4659-1024x683.jpeg\" alt=\"\" class=\"wp-image-161\" srcset=\"https:\/\/soheilwoodmosaics.com\/wp-content\/uploads\/2020\/03\/da7f5992-f268-4e4c-90a0-c176032c4659-1024x683.jpeg 1024w, https:\/\/soheilwoodmosaics.com\/wp-content\/uploads\/2020\/03\/da7f5992-f268-4e4c-90a0-c176032c4659-300x200.jpeg 300w, https:\/\/soheilwoodmosaics.com\/wp-content\/uploads\/2020\/03\/da7f5992-f268-4e4c-90a0-c176032c4659-768x512.jpeg 768w, https:\/\/soheilwoodmosaics.com\/wp-content\/uploads\/2020\/03\/da7f5992-f268-4e4c-90a0-c176032c4659-750x500.jpeg 750w, https:\/\/soheilwoodmosaics.com\/wp-content\/uploads\/2020\/03\/da7f5992-f268-4e4c-90a0-c176032c4659-600x400.jpeg 600w, https:\/\/soheilwoodmosaics.com\/wp-content\/uploads\/2020\/03\/da7f5992-f268-4e4c-90a0-c176032c4659.jpeg 1080w\" sizes=\"(max-width: 1024px) 100vw, 1024px\" \/><\/figure>\n\n\n\n<figure class=\"wp-block-image size-large\"><img loading=\"lazy\" decoding=\"async\" width=\"1024\" height=\"683\" src=\"http:\/\/soheilwoodmosaics.com\/wp-content\/uploads\/2020\/03\/30ec9d5f-e32c-4ea6-9745-7c128612ff46-1024x683.jpeg\" alt=\"\" class=\"wp-image-155\" srcset=\"https:\/\/soheilwoodmosaics.com\/wp-content\/uploads\/2020\/03\/30ec9d5f-e32c-4ea6-9745-7c128612ff46-1024x683.jpeg 1024w, https:\/\/soheilwoodmosaics.com\/wp-content\/uploads\/2020\/03\/30ec9d5f-e32c-4ea6-9745-7c128612ff46-300x200.jpeg 300w, https:\/\/soheilwoodmosaics.com\/wp-content\/uploads\/2020\/03\/30ec9d5f-e32c-4ea6-9745-7c128612ff46-768x512.jpeg 768w, https:\/\/soheilwoodmosaics.com\/wp-content\/uploads\/2020\/03\/30ec9d5f-e32c-4ea6-9745-7c128612ff46-750x500.jpeg 750w, https:\/\/soheilwoodmosaics.com\/wp-content\/uploads\/2020\/03\/30ec9d5f-e32c-4ea6-9745-7c128612ff46-600x400.jpeg 600w, https:\/\/soheilwoodmosaics.com\/wp-content\/uploads\/2020\/03\/30ec9d5f-e32c-4ea6-9745-7c128612ff46.jpeg 1080w\" sizes=\"(max-width: 1024px) 100vw, 1024px\" \/><\/figure>\n\n\n\n<figure class=\"wp-block-image size-large\"><img loading=\"lazy\" decoding=\"async\" width=\"1024\" height=\"683\" src=\"http:\/\/soheilwoodmosaics.com\/wp-content\/uploads\/2020\/03\/Soheyll-49-1024x683.jpg\" alt=\"\" class=\"wp-image-83\" srcset=\"https:\/\/soheilwoodmosaics.com\/wp-content\/uploads\/2020\/03\/Soheyll-49-1024x683.jpg 1024w, https:\/\/soheilwoodmosaics.com\/wp-content\/uploads\/2020\/03\/Soheyll-49-300x200.jpg 300w, https:\/\/soheilwoodmosaics.com\/wp-content\/uploads\/2020\/03\/Soheyll-49-768x512.jpg 768w, https:\/\/soheilwoodmosaics.com\/wp-content\/uploads\/2020\/03\/Soheyll-49-750x500.jpg 750w, https:\/\/soheilwoodmosaics.com\/wp-content\/uploads\/2020\/03\/Soheyll-49-600x400.jpg 600w, https:\/\/soheilwoodmosaics.com\/wp-content\/uploads\/2020\/03\/Soheyll-49.jpg 1200w\" sizes=\"(max-width: 1024px) 100vw, 1024px\" \/><\/figure>\n\n\n\n<figure class=\"wp-block-image size-large\"><img loading=\"lazy\" decoding=\"async\" width=\"1024\" height=\"683\" src=\"http:\/\/soheilwoodmosaics.com\/wp-content\/uploads\/2020\/03\/9d55a16e-4198-4d21-a6b7-b4a92bcd04f4-1024x683.jpeg\" alt=\"\" class=\"wp-image-154\" srcset=\"https:\/\/soheilwoodmosaics.com\/wp-content\/uploads\/2020\/03\/9d55a16e-4198-4d21-a6b7-b4a92bcd04f4-1024x683.jpeg 1024w, https:\/\/soheilwoodmosaics.com\/wp-content\/uploads\/2020\/03\/9d55a16e-4198-4d21-a6b7-b4a92bcd04f4-300x200.jpeg 300w, https:\/\/soheilwoodmosaics.com\/wp-content\/uploads\/2020\/03\/9d55a16e-4198-4d21-a6b7-b4a92bcd04f4-768x512.jpeg 768w, https:\/\/soheilwoodmosaics.com\/wp-content\/uploads\/2020\/03\/9d55a16e-4198-4d21-a6b7-b4a92bcd04f4-750x500.jpeg 750w, https:\/\/soheilwoodmosaics.com\/wp-content\/uploads\/2020\/03\/9d55a16e-4198-4d21-a6b7-b4a92bcd04f4-600x400.jpeg 600w, https:\/\/soheilwoodmosaics.com\/wp-content\/uploads\/2020\/03\/9d55a16e-4198-4d21-a6b7-b4a92bcd04f4.jpeg 1080w\" sizes=\"(max-width: 1024px) 100vw, 1024px\" \/><\/figure>\n\n\n\n<figure class=\"wp-block-image size-large\"><img loading=\"lazy\" decoding=\"async\" width=\"1024\" height=\"683\" src=\"http:\/\/soheilwoodmosaics.com\/wp-content\/uploads\/2020\/03\/Soheyll-33-1024x683.jpg\" alt=\"\" class=\"wp-image-86\" srcset=\"https:\/\/soheilwoodmosaics.com\/wp-content\/uploads\/2020\/03\/Soheyll-33-1024x683.jpg 1024w, https:\/\/soheilwoodmosaics.com\/wp-content\/uploads\/2020\/03\/Soheyll-33-300x200.jpg 300w, https:\/\/soheilwoodmosaics.com\/wp-content\/uploads\/2020\/03\/Soheyll-33-768x512.jpg 768w, https:\/\/soheilwoodmosaics.com\/wp-content\/uploads\/2020\/03\/Soheyll-33-750x500.jpg 750w, https:\/\/soheilwoodmosaics.com\/wp-content\/uploads\/2020\/03\/Soheyll-33-600x400.jpg 600w, https:\/\/soheilwoodmosaics.com\/wp-content\/uploads\/2020\/03\/Soheyll-33.jpg 1200w\" sizes=\"(max-width: 1024px) 100vw, 1024px\" \/><\/figure>\n\n\n\n<figure class=\"wp-block-image size-large\"><img loading=\"lazy\" decoding=\"async\" width=\"1024\" height=\"683\" src=\"http:\/\/soheilwoodmosaics.com\/wp-content\/uploads\/2020\/03\/309d69a6-eb4d-47da-9ec3-7242e8ca3375-1024x683.jpeg\" alt=\"\" class=\"wp-image-157\" srcset=\"https:\/\/soheilwoodmosaics.com\/wp-content\/uploads\/2020\/03\/309d69a6-eb4d-47da-9ec3-7242e8ca3375-1024x683.jpeg 1024w, https:\/\/soheilwoodmosaics.com\/wp-content\/uploads\/2020\/03\/309d69a6-eb4d-47da-9ec3-7242e8ca3375-300x200.jpeg 300w, https:\/\/soheilwoodmosaics.com\/wp-content\/uploads\/2020\/03\/309d69a6-eb4d-47da-9ec3-7242e8ca3375-768x512.jpeg 768w, https:\/\/soheilwoodmosaics.com\/wp-content\/uploads\/2020\/03\/309d69a6-eb4d-47da-9ec3-7242e8ca3375-750x500.jpeg 750w, https:\/\/soheilwoodmosaics.com\/wp-content\/uploads\/2020\/03\/309d69a6-eb4d-47da-9ec3-7242e8ca3375-600x400.jpeg 600w, https:\/\/soheilwoodmosaics.com\/wp-content\/uploads\/2020\/03\/309d69a6-eb4d-47da-9ec3-7242e8ca3375.jpeg 1080w\" sizes=\"(max-width: 1024px) 100vw, 1024px\" \/><\/figure>\n\n\n\n<figure class=\"wp-block-image size-large\"><img loading=\"lazy\" decoding=\"async\" width=\"1024\" height=\"683\" src=\"http:\/\/soheilwoodmosaics.com\/wp-content\/uploads\/2020\/03\/561b9158-d404-4ab8-9971-dcf15ef3b2f2-1024x683.jpeg\" alt=\"\" class=\"wp-image-158\" srcset=\"https:\/\/soheilwoodmosaics.com\/wp-content\/uploads\/2020\/03\/561b9158-d404-4ab8-9971-dcf15ef3b2f2-1024x683.jpeg 1024w, https:\/\/soheilwoodmosaics.com\/wp-content\/uploads\/2020\/03\/561b9158-d404-4ab8-9971-dcf15ef3b2f2-300x200.jpeg 300w, https:\/\/soheilwoodmosaics.com\/wp-content\/uploads\/2020\/03\/561b9158-d404-4ab8-9971-dcf15ef3b2f2-768x512.jpeg 768w, https:\/\/soheilwoodmosaics.com\/wp-content\/uploads\/2020\/03\/561b9158-d404-4ab8-9971-dcf15ef3b2f2-750x500.jpeg 750w, https:\/\/soheilwoodmosaics.com\/wp-content\/uploads\/2020\/03\/561b9158-d404-4ab8-9971-dcf15ef3b2f2-600x400.jpeg 600w, https:\/\/soheilwoodmosaics.com\/wp-content\/uploads\/2020\/03\/561b9158-d404-4ab8-9971-dcf15ef3b2f2.jpeg 1080w\" sizes=\"(max-width: 1024px) 100vw, 1024px\" \/><\/figure>\n\n\n\n<figure class=\"wp-block-image size-large\"><img loading=\"lazy\" decoding=\"async\" width=\"1024\" height=\"683\" src=\"http:\/\/soheilwoodmosaics.com\/wp-content\/uploads\/2020\/03\/c2e566a4-4285-4f5e-903d-6e9636363d43-1024x683.jpeg\" alt=\"\" class=\"wp-image-159\" srcset=\"https:\/\/soheilwoodmosaics.com\/wp-content\/uploads\/2020\/03\/c2e566a4-4285-4f5e-903d-6e9636363d43-1024x683.jpeg 1024w, https:\/\/soheilwoodmosaics.com\/wp-content\/uploads\/2020\/03\/c2e566a4-4285-4f5e-903d-6e9636363d43-300x200.jpeg 300w, https:\/\/soheilwoodmosaics.com\/wp-content\/uploads\/2020\/03\/c2e566a4-4285-4f5e-903d-6e9636363d43-768x512.jpeg 768w, https:\/\/soheilwoodmosaics.com\/wp-content\/uploads\/2020\/03\/c2e566a4-4285-4f5e-903d-6e9636363d43-750x500.jpeg 750w, https:\/\/soheilwoodmosaics.com\/wp-content\/uploads\/2020\/03\/c2e566a4-4285-4f5e-903d-6e9636363d43-600x400.jpeg 600w, https:\/\/soheilwoodmosaics.com\/wp-content\/uploads\/2020\/03\/c2e566a4-4285-4f5e-903d-6e9636363d43.jpeg 1080w\" sizes=\"(max-width: 1024px) 100vw, 1024px\" \/><\/figure>\n\n\n\n<figure class=\"wp-block-image size-large\"><img loading=\"lazy\" decoding=\"async\" width=\"1024\" height=\"683\" src=\"http:\/\/soheilwoodmosaics.com\/wp-content\/uploads\/2020\/03\/52c037d3-ea4d-43a3-a70a-5b20327be4e6-1024x683.jpeg\" alt=\"\" class=\"wp-image-156\" srcset=\"https:\/\/soheilwoodmosaics.com\/wp-content\/uploads\/2020\/03\/52c037d3-ea4d-43a3-a70a-5b20327be4e6-1024x683.jpeg 1024w, https:\/\/soheilwoodmosaics.com\/wp-content\/uploads\/2020\/03\/52c037d3-ea4d-43a3-a70a-5b20327be4e6-300x200.jpeg 300w, https:\/\/soheilwoodmosaics.com\/wp-content\/uploads\/2020\/03\/52c037d3-ea4d-43a3-a70a-5b20327be4e6-768x512.jpeg 768w, https:\/\/soheilwoodmosaics.com\/wp-content\/uploads\/2020\/03\/52c037d3-ea4d-43a3-a70a-5b20327be4e6-750x500.jpeg 750w, https:\/\/soheilwoodmosaics.com\/wp-content\/uploads\/2020\/03\/52c037d3-ea4d-43a3-a70a-5b20327be4e6-600x400.jpeg 600w, https:\/\/soheilwoodmosaics.com\/wp-content\/uploads\/2020\/03\/52c037d3-ea4d-43a3-a70a-5b20327be4e6.jpeg 1080w\" sizes=\"(max-width: 1024px) 100vw, 1024px\" \/><\/figure>\n\n\n\n<figure class=\"wp-block-image size-large\"><img loading=\"lazy\" decoding=\"async\" width=\"1024\" height=\"628\" src=\"http:\/\/soheilwoodmosaics.com\/wp-content\/uploads\/2020\/03\/d5e7b8a8-da07-4fd6-9f7e-d6739ffba9ae-1024x628.jpeg\" alt=\"\" class=\"wp-image-160\" srcset=\"https:\/\/soheilwoodmosaics.com\/wp-content\/uploads\/2020\/03\/d5e7b8a8-da07-4fd6-9f7e-d6739ffba9ae-1024x628.jpeg 1024w, https:\/\/soheilwoodmosaics.com\/wp-content\/uploads\/2020\/03\/d5e7b8a8-da07-4fd6-9f7e-d6739ffba9ae-300x184.jpeg 300w, https:\/\/soheilwoodmosaics.com\/wp-content\/uploads\/2020\/03\/d5e7b8a8-da07-4fd6-9f7e-d6739ffba9ae-768x471.jpeg 768w, https:\/\/soheilwoodmosaics.com\/wp-content\/uploads\/2020\/03\/d5e7b8a8-da07-4fd6-9f7e-d6739ffba9ae-600x368.jpeg 600w, https:\/\/soheilwoodmosaics.com\/wp-content\/uploads\/2020\/03\/d5e7b8a8-da07-4fd6-9f7e-d6739ffba9ae.jpeg 1080w\" sizes=\"(max-width: 1024px) 100vw, 1024px\" \/><\/figure>\n\n\n\n<div class=\"wp-block-group\"><div class=\"wp-block-group__inner-container is-layout-flow wp-block-group-is-layout-flow\">\n<div style=\"height:50px\" aria-hidden=\"true\" class=\"wp-block-spacer\"><\/div>\n\n\n\n<hr class=\"wp-block-separator has-text-color has-background has-black-background-color has-black-color is-style-wide\"\/>\n\n\n\n<div style=\"height:50px\" aria-hidden=\"true\" class=\"wp-block-spacer\"><\/div>\n<\/div><\/div>\n\n\n\n<figure class=\"wp-block-video\"><video controls src=\"https:\/\/soheilwoodmosaics.com\/wp-content\/uploads\/2021\/05\/Zendegi-Javdaneh-Teaser_final_.mp4\"><\/video><figcaption>Another Teaser of My Documentary Film &#8220;Eternal Life&#8221;<\/figcaption><\/figure>","protected":false},"excerpt":{"rendered":"<p>About Me About ten years ago during my military service, I was required to work at the Cultural Heritage Bureau. It was there that I first observed a wood craft artist at work and the training received by his apprentices. From then on, I fell in love with this craft. I fell in love with [&hellip;]<\/p>","protected":false},"author":1,"featured_media":0,"parent":0,"menu_order":0,"comment_status":"closed","ping_status":"closed","template":"","meta":{"footnotes":""},"_links":{"self":[{"href":"https:\/\/soheilwoodmosaics.com\/fr\/wp-json\/wp\/v2\/pages\/24"}],"collection":[{"href":"https:\/\/soheilwoodmosaics.com\/fr\/wp-json\/wp\/v2\/pages"}],"about":[{"href":"https:\/\/soheilwoodmosaics.com\/fr\/wp-json\/wp\/v2\/types\/page"}],"author":[{"embeddable":true,"href":"https:\/\/soheilwoodmosaics.com\/fr\/wp-json\/wp\/v2\/users\/1"}],"replies":[{"embeddable":true,"href":"https:\/\/soheilwoodmosaics.com\/fr\/wp-json\/wp\/v2\/comments?post=24"}],"version-history":[{"count":34,"href":"https:\/\/soheilwoodmosaics.com\/fr\/wp-json\/wp\/v2\/pages\/24\/revisions"}],"predecessor-version":[{"id":504,"href":"https:\/\/soheilwoodmosaics.com\/fr\/wp-json\/wp\/v2\/pages\/24\/revisions\/504"}],"wp:attachment":[{"href":"https:\/\/soheilwoodmosaics.com\/fr\/wp-json\/wp\/v2\/media?parent=24"}],"curies":[{"name":"wp","href":"https:\/\/api.w.org\/{rel}","templated":true}]}}