{"id":186,"date":"2020-03-08T13:47:47","date_gmt":"2020-03-08T10:17:47","guid":{"rendered":"http:\/\/soheilwoodmosaics.com\/?page_id=186"},"modified":"2020-03-09T23:00:49","modified_gmt":"2020-03-09T19:30:49","slug":"order","status":"publish","type":"page","link":"https:\/\/soheilwoodmosaics.com\/fr\/order\/","title":{"rendered":"Paiement\/Commande\/Entretien"},"content":{"rendered":"<h4 class=\"wp-block-heading\">Commandes<\/h4>\n\n\n\n<p>Les commandes et les commissions doivent \u00eatre pass\u00e9es par e-mail \u00e0 l\u2019aide de l\u2019installation Contact Me, sous Contact sur le menu principal.&nbsp;<\/p>\n\n\n\n<p>Vous aurez l\u2019occasion d\u2019en savoir plus sur votre achat et de n\u00e9gocier vos id\u00e9es pour une commission.&nbsp;<\/p>\n\n\n\n<p>Il s\u2019agit d\u2019une \u00e9tape d\u2019une importance cruciale o\u00f9 je prends grand soin de m\u2019assurer que vos sp\u00e9cifications sont \u00e9cout\u00e9es et dans la mesure du possible<\/p>\n\n\n\n<h4 class=\"wp-block-heading\">Proc\u00e9dure de paiement<\/h4>\n\n\n\n<p>Une facture sera envoy\u00e9e par e-mail contenant: 1) le num\u00e9ro de commande 2) la date 3) l'article achet\u00e9 4) le co\u00fbt de l'article 5) les frais d'exp\u00e9dition (d\u00e9tails d'exp\u00e9dition) <br>D\u00e9tails PayPal: Tous les paiements par PayPal. Votre commande sera exp\u00e9di\u00e9e paiement direct a \u00e9t\u00e9 re\u00e7u.<\/p>\n\n\n\n<p>Si vous avez des requ\u00eates, n\u2019h\u00e9sitez pas \u00e0\u00a0<em><strong>info@soheilwoodmosaics.com<\/strong><\/em><\/p>\n\n\n\n<h4 class=\"wp-block-heading\">Apr\u00e8s le service de vente et la maintenance\u00a0<\/h4>\n\n\n\n<p>Mes conseils d\u2019administration dureront des g\u00e9n\u00e9rations et pourront fournir un h\u00e9ritage \u00e9poustouflant aux membres de votre famille, s\u2019ils sont trait\u00e9s avec respect.<\/p>\n\n\n\n<p>Par cons\u00e9quent, je fournis un service apr\u00e8s-soins impliquant la lubrification.<\/p>","protected":false},"excerpt":{"rendered":"<p>Orders Orders and commissions should be placed by email using the&nbsp;Contact Me&nbsp;facility, under&nbsp;Contact&nbsp;on the main&nbsp;Menu.&nbsp; You will have the opportunity to find out more about your purchase and negotiate your ideas for a commission.&nbsp; This is a crucially important stage where I take great care to ensure your specifications are listened to and as far [&hellip;]<\/p>","protected":false},"author":1,"featured_media":0,"parent":0,"menu_order":0,"comment_status":"closed","ping_status":"closed","template":"","meta":{"footnotes":""},"_links":{"self":[{"href":"https:\/\/soheilwoodmosaics.com\/fr\/wp-json\/wp\/v2\/pages\/186"}],"collection":[{"href":"https:\/\/soheilwoodmosaics.com\/fr\/wp-json\/wp\/v2\/pages"}],"about":[{"href":"https:\/\/soheilwoodmosaics.com\/fr\/wp-json\/wp\/v2\/types\/page"}],"author":[{"embeddable":true,"href":"https:\/\/soheilwoodmosaics.com\/fr\/wp-json\/wp\/v2\/users\/1"}],"replies":[{"embeddable":true,"href":"https:\/\/soheilwoodmosaics.com\/fr\/wp-json\/wp\/v2\/comments?post=186"}],"version-history":[{"count":3,"href":"https:\/\/soheilwoodmosaics.com\/fr\/wp-json\/wp\/v2\/pages\/186\/revisions"}],"predecessor-version":[{"id":226,"href":"https:\/\/soheilwoodmosaics.com\/fr\/wp-json\/wp\/v2\/pages\/186\/revisions\/226"}],"wp:attachment":[{"href":"https:\/\/soheilwoodmosaics.com\/fr\/wp-json\/wp\/v2\/media?parent=186"}],"curies":[{"name":"wp","href":"https:\/\/api.w.org\/{rel}","templated":true}]}}