{"id":184,"date":"2020-03-08T13:45:21","date_gmt":"2020-03-08T10:15:21","guid":{"rendered":"http:\/\/soheilwoodmosaics.com\/?page_id=184"},"modified":"2020-03-10T18:09:57","modified_gmt":"2020-03-10T14:39:57","slug":"commissions","status":"publish","type":"page","link":"https:\/\/soheilwoodmosaics.com\/fr\/commissions\/","title":{"rendered":"Commissions"},"content":{"rendered":"<p>Je me r\u00e9jouis des commissions pour la cr\u00e9ation d\u2019individus sur mesure, de paires ou de groupes de conseils d\u2019administration. Je vais analyser et interpr\u00e9ter des images et s\u00e9lectionner les bois les plus appropri\u00e9s \u00e0 partir d\u2019un large \u00e9ventail d\u2019\u00e9chantillons, (qui peut \u00eatre vu sur la page \u00ab\u00c9chantillons de bois\u00bb sur ce site). Les planches peuvent \u00eatre faites \u00e0 partir d\u2019une gamme de quatre tailles diff\u00e9rentes (20x30cm, 40x60cm, 70x50cm ou 80x80cm). Les commandes pour toutes sortes de bureaux, chaises, accessoires tels que les planches de backgammon (d\u00e9coratifs et fonctionnels) sont accept\u00e9es. La communication visuelle en ligne et par courriel vous assurera que vous \u00eates bien inform\u00e9 sur la fa\u00e7on dont votre commission progresse.<br>\nLe co\u00fbt de votre commission sera n\u00e9goci\u00e9 et finalis\u00e9 avant le fait que votre commande soit pass\u00e9e et sera bas\u00e9 sur la taille du conseil d\u2019administration et la complexit\u00e9 du projet propos\u00e9. Les mat\u00e9riaux sont factur\u00e9s \u00e0 l\u2019avance. Je demanderais un tiers des frais au d\u00e9but du projet, un tiers \u00e0 mi-parcours et un tiers \u00e0 l\u2019ach\u00e8vement.<\/p>\n\n\n\n<p>TOUT MON TRAVAIL EST SUR MESURE ET COUP\u00c9 \u00c0 LA MAIN EN UTILISANT LA BEAUT\u00c9 NATURELLE D\u2019UNE LARGE GAMME DE BOIS POUR LA COULEUR ET L\u2019IMPACT.<br> (Jamais peint comme beaucoup de produits de qualit\u00e9 inf\u00e9rieure)<\/p>","protected":false},"excerpt":{"rendered":"<p>I welcome commissions for the creation of bespoke individual, pairs of or groups of boards. I will analyse and interpret images and select the most appropriate woods from a wide range of samples, (which can be seen on the &#8216;Wood Samples&#8217; page on this website). Boards can be made from a range of four different [&hellip;]<\/p>","protected":false},"author":1,"featured_media":0,"parent":0,"menu_order":0,"comment_status":"closed","ping_status":"closed","template":"","meta":{"footnotes":""},"_links":{"self":[{"href":"https:\/\/soheilwoodmosaics.com\/fr\/wp-json\/wp\/v2\/pages\/184"}],"collection":[{"href":"https:\/\/soheilwoodmosaics.com\/fr\/wp-json\/wp\/v2\/pages"}],"about":[{"href":"https:\/\/soheilwoodmosaics.com\/fr\/wp-json\/wp\/v2\/types\/page"}],"author":[{"embeddable":true,"href":"https:\/\/soheilwoodmosaics.com\/fr\/wp-json\/wp\/v2\/users\/1"}],"replies":[{"embeddable":true,"href":"https:\/\/soheilwoodmosaics.com\/fr\/wp-json\/wp\/v2\/comments?post=184"}],"version-history":[{"count":4,"href":"https:\/\/soheilwoodmosaics.com\/fr\/wp-json\/wp\/v2\/pages\/184\/revisions"}],"predecessor-version":[{"id":236,"href":"https:\/\/soheilwoodmosaics.com\/fr\/wp-json\/wp\/v2\/pages\/184\/revisions\/236"}],"wp:attachment":[{"href":"https:\/\/soheilwoodmosaics.com\/fr\/wp-json\/wp\/v2\/media?parent=184"}],"curies":[{"name":"wp","href":"https:\/\/api.w.org\/{rel}","templated":true}]}}