{"id":182,"date":"2020-03-08T13:45:06","date_gmt":"2020-03-08T10:15:06","guid":{"rendered":"http:\/\/soheilwoodmosaics.com\/?page_id=182"},"modified":"2020-03-24T20:24:45","modified_gmt":"2020-03-24T16:54:45","slug":"the-history-of-wood-mosaics","status":"publish","type":"page","link":"https:\/\/soheilwoodmosaics.com\/fr\/the-history-of-wood-mosaics\/","title":{"rendered":"L\u2019histoire des mosa\u00efques de bois"},"content":{"rendered":"<p class=\"underlined-text\"><strong>L\u2019histoire de l\u2019art de la mosa\u00efque en bois en Iran<\/strong><\/p>\n\n\n\n<p>L\u2019art persan ou l\u2019art iranien poss\u00e8de l\u2019un des patrimoines artistiques les plus riches de l\u2019histoire du monde. L\u2019un des plus beaux arts et m\u00e9tiers en Iran est l\u2019art de la mosa\u00efque de bois.&nbsp;<\/p>\n\n\n\n<p>Le plus ancien exemple d\u2019art de la mosa\u00efque de bois en Iran a \u00e9t\u00e9 d\u00e9couvert lors de fouilles dans l\u2019ancienne ville incendi\u00e9e de Zabul. Il remonte au cinqui\u00e8me mill\u00e9naire av. J.-C. Il \u00e9tait compos\u00e9 de formes g\u00e9om\u00e9triques.<\/p>\n\n\n\n<figure class=\"wp-block-image size-large\"><img loading=\"lazy\" decoding=\"async\" width=\"1024\" height=\"719\" src=\"https:\/\/soheilwoodmosaics.com\/wp-content\/uploads\/2020\/03\/shahre-sookhte-1024x719.jpeg\" alt=\"\" class=\"wp-image-76\"\/><\/figure>\n\n\n\n<p>Mille ans plus tard, deux autres mosa\u00efques ont \u00e9t\u00e9 trouv\u00e9es. Le premier a \u00e9t\u00e9 d\u00e9couvert dans les fouilles de la ville br\u00fbl\u00e9e. Le second \u00e9tait un panel de 1313AH (1934). &nbsp;<\/p>\n\n\n\n<p>&nbsp;Ces exemples ont \u00e9t\u00e9 remplac\u00e9s par le travail exceptionnel d\u2019Ahmad Rhana. Son travail est consid\u00e9r\u00e9 comme un exemple sup\u00e9rieur pr\u00e9coce de l\u2019art de la mosa\u00efque en bois.&nbsp;<\/p>\n\n\n\n<p>(&nbsp;PHOTO)&nbsp;<\/p>\n\n\n\n<p>A partir du VIe si\u00e8cle, l\u2019\u0153uvre de Seljuk se trouve en Iran.&nbsp;<\/p>\n\n\n\n<p>Originaire du VIIIe si\u00e8cle av. J.-C., il existe des exemples exceptionnels d\u2019art de la mosa\u00efque iranienne. Les Iraniens ont pu cr\u00e9er cet art ancien dans les plus belles formes g\u00e9om\u00e9triques gr\u00e2ce \u00e0 l\u2019application de la science math\u00e9matique.&nbsp;<\/p>\n\n\n\n<p>\u00c0 partir de 1334AH (1955), plus de variation de couleur a \u00e9t\u00e9 appliqu\u00e9e, et par cons\u00e9quent une plus grande vari\u00e9t\u00e9 de bois industriels \u00e9taient \u00e9vidents dans les mosa\u00efques.<\/p>","protected":false},"excerpt":{"rendered":"<p>The History of Wooden Mosaic Art in Iran Persian&nbsp;art or&nbsp;Iranian&nbsp;art has one of the richest art heritages in world&nbsp;history.&nbsp;One of the most beautiful arts and crafts in Iran is wood mosaic art.&nbsp; The oldest example of wood mosaic art in Iran was discovered during excavations in the ancient burnt city of Zabul. It dated back [&hellip;]<\/p>","protected":false},"author":1,"featured_media":0,"parent":0,"menu_order":0,"comment_status":"closed","ping_status":"closed","template":"","meta":{"footnotes":""},"_links":{"self":[{"href":"https:\/\/soheilwoodmosaics.com\/fr\/wp-json\/wp\/v2\/pages\/182"}],"collection":[{"href":"https:\/\/soheilwoodmosaics.com\/fr\/wp-json\/wp\/v2\/pages"}],"about":[{"href":"https:\/\/soheilwoodmosaics.com\/fr\/wp-json\/wp\/v2\/types\/page"}],"author":[{"embeddable":true,"href":"https:\/\/soheilwoodmosaics.com\/fr\/wp-json\/wp\/v2\/users\/1"}],"replies":[{"embeddable":true,"href":"https:\/\/soheilwoodmosaics.com\/fr\/wp-json\/wp\/v2\/comments?post=182"}],"version-history":[{"count":11,"href":"https:\/\/soheilwoodmosaics.com\/fr\/wp-json\/wp\/v2\/pages\/182\/revisions"}],"predecessor-version":[{"id":294,"href":"https:\/\/soheilwoodmosaics.com\/fr\/wp-json\/wp\/v2\/pages\/182\/revisions\/294"}],"wp:attachment":[{"href":"https:\/\/soheilwoodmosaics.com\/fr\/wp-json\/wp\/v2\/media?parent=182"}],"curies":[{"name":"wp","href":"https:\/\/api.w.org\/{rel}","templated":true}]}}