{"id":180,"date":"2020-03-08T13:44:46","date_gmt":"2020-03-08T10:14:46","guid":{"rendered":"http:\/\/soheilwoodmosaics.com\/?page_id=180"},"modified":"2020-03-21T18:46:31","modified_gmt":"2020-03-21T15:16:31","slug":"the-environment","status":"publish","type":"page","link":"https:\/\/soheilwoodmosaics.com\/fr\/the-environment\/","title":{"rendered":"L\u2019environnement"},"content":{"rendered":"<div class=\"wp-block-media-text alignwide is-stacked-on-mobile is-vertically-aligned-top\" style=\"grid-template-columns:61% auto\"><figure class=\"wp-block-media-text__media\"><video controls src=\"http:\/\/soheilwoodmosaics.com\/wp-content\/uploads\/2020\/03\/video_2020-03-06_20-54-37.webm\"><\/video><\/figure><div class=\"wp-block-media-text__content\">\n<p class=\"has-normal-font-size\"><strong>Bois<\/strong>: ma mati\u00e8re premi\u00e8re la plus importante et la plus valoris\u00e9e.<br> Voici quelques-unes des vari\u00e9t\u00e9s que j\u2019utilise pour cr\u00e9er des images sur mes mosa\u00efques de bois taill\u00e9es \u00e0 la main.<br> M\u00eame apr\u00e8s la mort, les arbres rendent notre monde tellement plus beau.<\/p>\n<\/div><\/div>\n\n\n\n<p>Je suis un \u00e9cologiste d\u00e9vou\u00e9 et je peux honn\u00eatement dire que je n\u2019ai jamais abattu un arbre vivant et que je n\u2019utilise que des arbres fruitiers s\u00e9ch\u00e9s, pour d\u00e9montrer comment les arbres qui sont morts naturellement sont \u00e9galement en mesure de fournir la beaut\u00e9 dans notre monde. En plus de leur bois exquis, les arbres nous fournissent de l\u2019oxyg\u00e8ne, la sant\u00e9, la beaut\u00e9, la tranquillit\u00e9 d\u2019esprit et la tranquillit\u00e9. J\u2019ai appris des le\u00e7ons de vie et de paix des arbres qui nous entourent.&nbsp;<\/p>\n\n\n\n<figure class=\"wp-block-image size-large\"><img loading=\"lazy\" decoding=\"async\" width=\"576\" height=\"1024\" src=\"http:\/\/soheilwoodmosaics.com\/wp-content\/uploads\/2020\/03\/P_20190613_112131-576x1024.jpg\" alt=\"\" class=\"wp-image-283\" srcset=\"https:\/\/soheilwoodmosaics.com\/wp-content\/uploads\/2020\/03\/P_20190613_112131-576x1024.jpg 576w, https:\/\/soheilwoodmosaics.com\/wp-content\/uploads\/2020\/03\/P_20190613_112131-169x300.jpg 169w, https:\/\/soheilwoodmosaics.com\/wp-content\/uploads\/2020\/03\/P_20190613_112131-600x1067.jpg 600w, https:\/\/soheilwoodmosaics.com\/wp-content\/uploads\/2020\/03\/P_20190613_112131.jpg 675w\" sizes=\"(max-width: 576px) 100vw, 576px\" \/><\/figure>\n\n\n\n<figure class=\"wp-block-image size-large\"><img loading=\"lazy\" decoding=\"async\" width=\"576\" height=\"1024\" src=\"http:\/\/soheilwoodmosaics.com\/wp-content\/uploads\/2020\/03\/P_20190613_112116-576x1024.jpg\" alt=\"\" class=\"wp-image-282\" srcset=\"https:\/\/soheilwoodmosaics.com\/wp-content\/uploads\/2020\/03\/P_20190613_112116-576x1024.jpg 576w, https:\/\/soheilwoodmosaics.com\/wp-content\/uploads\/2020\/03\/P_20190613_112116-169x300.jpg 169w, https:\/\/soheilwoodmosaics.com\/wp-content\/uploads\/2020\/03\/P_20190613_112116-600x1067.jpg 600w, https:\/\/soheilwoodmosaics.com\/wp-content\/uploads\/2020\/03\/P_20190613_112116.jpg 675w\" sizes=\"(max-width: 576px) 100vw, 576px\" \/><\/figure>\n\n\n\n<figure class=\"wp-block-image size-large\"><img loading=\"lazy\" decoding=\"async\" width=\"576\" height=\"1024\" src=\"http:\/\/soheilwoodmosaics.com\/wp-content\/uploads\/2020\/03\/P_20190613_112102-576x1024.jpg\" alt=\"\" class=\"wp-image-281\" srcset=\"https:\/\/soheilwoodmosaics.com\/wp-content\/uploads\/2020\/03\/P_20190613_112102-576x1024.jpg 576w, https:\/\/soheilwoodmosaics.com\/wp-content\/uploads\/2020\/03\/P_20190613_112102-169x300.jpg 169w, https:\/\/soheilwoodmosaics.com\/wp-content\/uploads\/2020\/03\/P_20190613_112102-600x1067.jpg 600w, https:\/\/soheilwoodmosaics.com\/wp-content\/uploads\/2020\/03\/P_20190613_112102.jpg 675w\" sizes=\"(max-width: 576px) 100vw, 576px\" \/><\/figure>","protected":false},"excerpt":{"rendered":"<p>Wood: my most important and valued raw material. Here are some of the varieties I use for creating images on my hand-cut wood mosaics. Even after death, trees make our world so much more beautiful. I am a dedicated environmentalist and can honestly say that I have never cut down a living tree and only [&hellip;]<\/p>","protected":false},"author":1,"featured_media":0,"parent":0,"menu_order":0,"comment_status":"closed","ping_status":"closed","template":"","meta":{"footnotes":""},"_links":{"self":[{"href":"https:\/\/soheilwoodmosaics.com\/fr\/wp-json\/wp\/v2\/pages\/180"}],"collection":[{"href":"https:\/\/soheilwoodmosaics.com\/fr\/wp-json\/wp\/v2\/pages"}],"about":[{"href":"https:\/\/soheilwoodmosaics.com\/fr\/wp-json\/wp\/v2\/types\/page"}],"author":[{"embeddable":true,"href":"https:\/\/soheilwoodmosaics.com\/fr\/wp-json\/wp\/v2\/users\/1"}],"replies":[{"embeddable":true,"href":"https:\/\/soheilwoodmosaics.com\/fr\/wp-json\/wp\/v2\/comments?post=180"}],"version-history":[{"count":5,"href":"https:\/\/soheilwoodmosaics.com\/fr\/wp-json\/wp\/v2\/pages\/180\/revisions"}],"predecessor-version":[{"id":285,"href":"https:\/\/soheilwoodmosaics.com\/fr\/wp-json\/wp\/v2\/pages\/180\/revisions\/285"}],"wp:attachment":[{"href":"https:\/\/soheilwoodmosaics.com\/fr\/wp-json\/wp\/v2\/media?parent=180"}],"curies":[{"name":"wp","href":"https:\/\/api.w.org\/{rel}","templated":true}]}}