{"id":178,"date":"2020-03-08T13:44:05","date_gmt":"2020-03-08T10:14:05","guid":{"rendered":"http:\/\/soheilwoodmosaics.com\/?page_id=178"},"modified":"2020-03-24T20:06:33","modified_gmt":"2020-03-24T16:36:33","slug":"amazing-wood","status":"publish","type":"page","link":"https:\/\/soheilwoodmosaics.com\/fr\/amazing-wood\/","title":{"rendered":"Bois \u00e9tonnant"},"content":{"rendered":"<p>L\u2019un des aspects les plus passionnants d\u2019\u00eatre un artiste de mosa\u00efque de bois est d\u2019apprendre \u00e0 conna\u00eetre et de d\u00e9velopper une affinit\u00e9 avec les nombreux bois magnifiquement granul\u00e9s et color\u00e9s que j\u2019ai eu le privil\u00e8ge de travailler avec. Une expertise en d\u00e9veloppement dans la couleur, la texture, le design, la duret\u00e9 et le sexe du bois devient une cons\u00e9quence in\u00e9vitable de cette relation. Le bois peut englober toutes les couleurs naturelles qui nous entourent, des vari\u00e9t\u00e9s de blanc au rouge, aux bruns et m\u00eame aux tons de vert et de bleu.&nbsp;&nbsp;<\/p>\n\n\n\n<p>Les vari\u00e9t\u00e9s de bois comme la famille des noix peuvent arriver dans jusqu\u2019\u00e0 300 nuances diff\u00e9rentes sur le spectre des couleurs. Les bois peuvent \u00eatre divis\u00e9s en deux cat\u00e9gories : le grand conif\u00e8re et les groupes \u00e0 feuilles larges. Les conif\u00e8res poussent principalement dans l\u2019h\u00e9misph\u00e8re nord, dans les r\u00e9gions froides et temp\u00e9r\u00e9es. Ils sont compatibles avec l\u2019environnement, debout \u00e0 la fois grand et magnifiquement en forme. Le bois de ces esp\u00e8ces est g\u00e9n\u00e9ralement plus l\u00e9ger avec moins de grain et beaucoup plus doux. Les couleurs du bois de cette esp\u00e8ce varient du blanc aux cr\u00e8mes, des bruns aux rouges et violets. Les arbres \u00e0 larges levas sont dispers\u00e9s dans la r\u00e9gion en pleine croissance de l\u2019Iran. Leur grande apparence et les couronnes importantes et irr\u00e9guli\u00e8res sont leurs principales caract\u00e9ristiques. Le bois des arbres \u00e0 feuilles larges a une grande vari\u00e9t\u00e9 de structures et de textures produisant \u00e0 la fois des vari\u00e9t\u00e9s de bois douces \u00e0 tr\u00e8s lourdes et \u00e0 haute densit\u00e9. Cette diversit\u00e9 est due \u00e0 la dispersion de grande envergure de ces esp\u00e8ces \u00e0 travers le monde. Les couleurs vont du blanc, cr\u00e8mes, bruns et rouges dans une vari\u00e9t\u00e9 de nuances. La raison de ces merveilleuses variations de couleurs, est la pr\u00e9sence d\u2019une gamme vari\u00e9e de min\u00e9raux dans le sol dans les nombreuses r\u00e9gions de l\u2019Iran.<\/p>\n\n\n\n<figure class=\"wp-block-gallery columns-3 is-cropped wp-block-gallery-1 is-layout-flex wp-block-gallery-is-layout-flex\"><ul class=\"blocks-gallery-grid\"><li class=\"blocks-gallery-item\"><figure><img loading=\"lazy\" decoding=\"async\" width=\"1024\" height=\"683\" src=\"https:\/\/soheilwoodmosaics.com\/wp-content\/uploads\/2020\/03\/Zereshk-1024x683.jpg\" alt=\"Barberries\" data-id=\"257\" data-full-url=\"https:\/\/soheilwoodmosaics.com\/wp-content\/uploads\/2020\/03\/Zereshk.jpg\" data-link=\"https:\/\/soheilwoodmosaics.com\/amazing-wood\/zereshk\/\" class=\"wp-image-257\" srcset=\"https:\/\/soheilwoodmosaics.com\/wp-content\/uploads\/2020\/03\/Zereshk-1024x683.jpg 1024w, https:\/\/soheilwoodmosaics.com\/wp-content\/uploads\/2020\/03\/Zereshk-300x200.jpg 300w, https:\/\/soheilwoodmosaics.com\/wp-content\/uploads\/2020\/03\/Zereshk-768x512.jpg 768w, https:\/\/soheilwoodmosaics.com\/wp-content\/uploads\/2020\/03\/Zereshk-750x500.jpg 750w, https:\/\/soheilwoodmosaics.com\/wp-content\/uploads\/2020\/03\/Zereshk-600x400.jpg 600w, https:\/\/soheilwoodmosaics.com\/wp-content\/uploads\/2020\/03\/Zereshk.jpg 1200w\" sizes=\"(max-width: 1024px) 100vw, 1024px\" \/><figcaption class=\"blocks-gallery-item__caption\">Barberries (barberries)<\/figcaption><\/figure><\/li><li class=\"blocks-gallery-item\"><figure><img loading=\"lazy\" decoding=\"async\" width=\"533\" height=\"800\" src=\"https:\/\/soheilwoodmosaics.com\/wp-content\/uploads\/2020\/03\/Valik.jpg\" alt=\"Common hawthorn\" data-id=\"256\" data-full-url=\"https:\/\/soheilwoodmosaics.com\/wp-content\/uploads\/2020\/03\/Valik.jpg\" data-link=\"https:\/\/soheilwoodmosaics.com\/amazing-wood\/valik\/\" class=\"wp-image-256\" srcset=\"https:\/\/soheilwoodmosaics.com\/wp-content\/uploads\/2020\/03\/Valik.jpg 533w, https:\/\/soheilwoodmosaics.com\/wp-content\/uploads\/2020\/03\/Valik-200x300.jpg 200w\" sizes=\"(max-width: 533px) 100vw, 533px\" \/><figcaption class=\"blocks-gallery-item__caption\">Common hawthorn<\/figcaption><\/figure><\/li><li class=\"blocks-gallery-item\"><figure><img loading=\"lazy\" decoding=\"async\" width=\"1024\" height=\"683\" src=\"https:\/\/soheilwoodmosaics.com\/wp-content\/uploads\/2020\/03\/Tut-1024x683.jpg\" alt=\"Strawberry\" data-id=\"276\" data-full-url=\"https:\/\/soheilwoodmosaics.com\/wp-content\/uploads\/2020\/03\/Tut.jpg\" data-link=\"https:\/\/soheilwoodmosaics.com\/amazing-wood\/tut\/\" class=\"wp-image-276\" srcset=\"https:\/\/soheilwoodmosaics.com\/wp-content\/uploads\/2020\/03\/Tut-1024x683.jpg 1024w, https:\/\/soheilwoodmosaics.com\/wp-content\/uploads\/2020\/03\/Tut-300x200.jpg 300w, https:\/\/soheilwoodmosaics.com\/wp-content\/uploads\/2020\/03\/Tut-768x512.jpg 768w, https:\/\/soheilwoodmosaics.com\/wp-content\/uploads\/2020\/03\/Tut-750x500.jpg 750w, https:\/\/soheilwoodmosaics.com\/wp-content\/uploads\/2020\/03\/Tut-600x400.jpg 600w, https:\/\/soheilwoodmosaics.com\/wp-content\/uploads\/2020\/03\/Tut.jpg 1200w\" sizes=\"(max-width: 1024px) 100vw, 1024px\" \/><figcaption class=\"blocks-gallery-item__caption\">Strawberry<\/figcaption><\/figure><\/li><li class=\"blocks-gallery-item\"><figure><img loading=\"lazy\" decoding=\"async\" width=\"1024\" height=\"683\" src=\"https:\/\/soheilwoodmosaics.com\/wp-content\/uploads\/2020\/03\/Mamarz2-1024x683.jpg\" alt=\"European hornbeam\" data-id=\"254\" data-full-url=\"https:\/\/soheilwoodmosaics.com\/wp-content\/uploads\/2020\/03\/Mamarz2.jpg\" data-link=\"https:\/\/soheilwoodmosaics.com\/amazing-wood\/mamarz2\/\" class=\"wp-image-254\" srcset=\"https:\/\/soheilwoodmosaics.com\/wp-content\/uploads\/2020\/03\/Mamarz2-1024x683.jpg 1024w, https:\/\/soheilwoodmosaics.com\/wp-content\/uploads\/2020\/03\/Mamarz2-300x200.jpg 300w, https:\/\/soheilwoodmosaics.com\/wp-content\/uploads\/2020\/03\/Mamarz2-768x512.jpg 768w, https:\/\/soheilwoodmosaics.com\/wp-content\/uploads\/2020\/03\/Mamarz2-750x500.jpg 750w, https:\/\/soheilwoodmosaics.com\/wp-content\/uploads\/2020\/03\/Mamarz2-600x400.jpg 600w, https:\/\/soheilwoodmosaics.com\/wp-content\/uploads\/2020\/03\/Mamarz2.jpg 1200w\" sizes=\"(max-width: 1024px) 100vw, 1024px\" \/><figcaption class=\"blocks-gallery-item__caption\">European hornbeam<\/figcaption><\/figure><\/li><li class=\"blocks-gallery-item\"><figure><img loading=\"lazy\" decoding=\"async\" width=\"1024\" height=\"683\" src=\"https:\/\/soheilwoodmosaics.com\/wp-content\/uploads\/2020\/03\/Mamarz-1024x683.jpg\" alt=\"European hornbeam\" data-id=\"253\" data-full-url=\"https:\/\/soheilwoodmosaics.com\/wp-content\/uploads\/2020\/03\/Mamarz.jpg\" data-link=\"https:\/\/soheilwoodmosaics.com\/amazing-wood\/mamarz\/\" class=\"wp-image-253\" srcset=\"https:\/\/soheilwoodmosaics.com\/wp-content\/uploads\/2020\/03\/Mamarz-1024x683.jpg 1024w, https:\/\/soheilwoodmosaics.com\/wp-content\/uploads\/2020\/03\/Mamarz-300x200.jpg 300w, https:\/\/soheilwoodmosaics.com\/wp-content\/uploads\/2020\/03\/Mamarz-768x512.jpg 768w, https:\/\/soheilwoodmosaics.com\/wp-content\/uploads\/2020\/03\/Mamarz-750x500.jpg 750w, https:\/\/soheilwoodmosaics.com\/wp-content\/uploads\/2020\/03\/Mamarz-600x400.jpg 600w, https:\/\/soheilwoodmosaics.com\/wp-content\/uploads\/2020\/03\/Mamarz.jpg 1200w\" sizes=\"(max-width: 1024px) 100vw, 1024px\" \/><figcaption class=\"blocks-gallery-item__caption\">European hornbeam<\/figcaption><\/figure><\/li><li class=\"blocks-gallery-item\"><figure><img loading=\"lazy\" decoding=\"async\" width=\"1024\" height=\"683\" src=\"https:\/\/soheilwoodmosaics.com\/wp-content\/uploads\/2020\/03\/karat2-1024x683.jpg\" alt=\"Gleditsia caspica\" data-id=\"252\" data-full-url=\"https:\/\/soheilwoodmosaics.com\/wp-content\/uploads\/2020\/03\/karat2.jpg\" data-link=\"https:\/\/soheilwoodmosaics.com\/amazing-wood\/karat2\/\" class=\"wp-image-252\" srcset=\"https:\/\/soheilwoodmosaics.com\/wp-content\/uploads\/2020\/03\/karat2-1024x683.jpg 1024w, https:\/\/soheilwoodmosaics.com\/wp-content\/uploads\/2020\/03\/karat2-300x200.jpg 300w, https:\/\/soheilwoodmosaics.com\/wp-content\/uploads\/2020\/03\/karat2-768x512.jpg 768w, https:\/\/soheilwoodmosaics.com\/wp-content\/uploads\/2020\/03\/karat2-750x500.jpg 750w, https:\/\/soheilwoodmosaics.com\/wp-content\/uploads\/2020\/03\/karat2-600x400.jpg 600w, https:\/\/soheilwoodmosaics.com\/wp-content\/uploads\/2020\/03\/karat2.jpg 1200w\" sizes=\"(max-width: 1024px) 100vw, 1024px\" \/><figcaption class=\"blocks-gallery-item__caption\">Gleditsia caspica<\/figcaption><\/figure><\/li><li class=\"blocks-gallery-item\"><figure><img loading=\"lazy\" decoding=\"async\" width=\"1024\" height=\"683\" src=\"https:\/\/soheilwoodmosaics.com\/wp-content\/uploads\/2020\/03\/Karat-1024x683.jpg\" alt=\"Gleditsia caspica\" data-id=\"251\" data-full-url=\"https:\/\/soheilwoodmosaics.com\/wp-content\/uploads\/2020\/03\/Karat.jpg\" data-link=\"https:\/\/soheilwoodmosaics.com\/amazing-wood\/karat\/\" class=\"wp-image-251\" srcset=\"https:\/\/soheilwoodmosaics.com\/wp-content\/uploads\/2020\/03\/Karat-1024x683.jpg 1024w, https:\/\/soheilwoodmosaics.com\/wp-content\/uploads\/2020\/03\/Karat-300x200.jpg 300w, https:\/\/soheilwoodmosaics.com\/wp-content\/uploads\/2020\/03\/Karat-768x512.jpg 768w, https:\/\/soheilwoodmosaics.com\/wp-content\/uploads\/2020\/03\/Karat-750x500.jpg 750w, https:\/\/soheilwoodmosaics.com\/wp-content\/uploads\/2020\/03\/Karat-600x400.jpg 600w, https:\/\/soheilwoodmosaics.com\/wp-content\/uploads\/2020\/03\/Karat.jpg 1200w\" sizes=\"(max-width: 1024px) 100vw, 1024px\" \/><figcaption class=\"blocks-gallery-item__caption\">Gleditsia caspica<\/figcaption><\/figure><\/li><li class=\"blocks-gallery-item\"><figure><img loading=\"lazy\" decoding=\"async\" width=\"1024\" height=\"683\" src=\"https:\/\/soheilwoodmosaics.com\/wp-content\/uploads\/2020\/03\/Kahoor-1024x683.jpg\" alt=\"Mesquites\" data-id=\"250\" data-full-url=\"https:\/\/soheilwoodmosaics.com\/wp-content\/uploads\/2020\/03\/Kahoor.jpg\" data-link=\"https:\/\/soheilwoodmosaics.com\/amazing-wood\/kahoor\/\" class=\"wp-image-250\" srcset=\"https:\/\/soheilwoodmosaics.com\/wp-content\/uploads\/2020\/03\/Kahoor-1024x683.jpg 1024w, https:\/\/soheilwoodmosaics.com\/wp-content\/uploads\/2020\/03\/Kahoor-300x200.jpg 300w, https:\/\/soheilwoodmosaics.com\/wp-content\/uploads\/2020\/03\/Kahoor-768x512.jpg 768w, https:\/\/soheilwoodmosaics.com\/wp-content\/uploads\/2020\/03\/Kahoor-750x500.jpg 750w, https:\/\/soheilwoodmosaics.com\/wp-content\/uploads\/2020\/03\/Kahoor-600x400.jpg 600w, https:\/\/soheilwoodmosaics.com\/wp-content\/uploads\/2020\/03\/Kahoor.jpg 1200w\" sizes=\"(max-width: 1024px) 100vw, 1024px\" \/><figcaption class=\"blocks-gallery-item__caption\">Mesquites<\/figcaption><\/figure><\/li><li class=\"blocks-gallery-item\"><figure><img loading=\"lazy\" decoding=\"async\" width=\"1024\" height=\"683\" src=\"https:\/\/soheilwoodmosaics.com\/wp-content\/uploads\/2020\/03\/Golabi-rage-dar-1024x683.jpg\" alt=\"Pear\" data-id=\"249\" data-full-url=\"https:\/\/soheilwoodmosaics.com\/wp-content\/uploads\/2020\/03\/Golabi-rage-dar.jpg\" data-link=\"https:\/\/soheilwoodmosaics.com\/amazing-wood\/golabi-rage-dar\/\" class=\"wp-image-249\" srcset=\"https:\/\/soheilwoodmosaics.com\/wp-content\/uploads\/2020\/03\/Golabi-rage-dar-1024x683.jpg 1024w, https:\/\/soheilwoodmosaics.com\/wp-content\/uploads\/2020\/03\/Golabi-rage-dar-300x200.jpg 300w, https:\/\/soheilwoodmosaics.com\/wp-content\/uploads\/2020\/03\/Golabi-rage-dar-768x512.jpg 768w, https:\/\/soheilwoodmosaics.com\/wp-content\/uploads\/2020\/03\/Golabi-rage-dar-750x500.jpg 750w, https:\/\/soheilwoodmosaics.com\/wp-content\/uploads\/2020\/03\/Golabi-rage-dar-600x400.jpg 600w, https:\/\/soheilwoodmosaics.com\/wp-content\/uploads\/2020\/03\/Golabi-rage-dar.jpg 1200w\" sizes=\"(max-width: 1024px) 100vw, 1024px\" \/><figcaption class=\"blocks-gallery-item__caption\">Pear<\/figcaption><\/figure><\/li><li class=\"blocks-gallery-item\"><figure><img loading=\"lazy\" decoding=\"async\" width=\"1024\" height=\"683\" src=\"https:\/\/soheilwoodmosaics.com\/wp-content\/uploads\/2020\/03\/Golabi-2-1024x683.jpg\" alt=\"Pear\" data-id=\"248\" data-full-url=\"https:\/\/soheilwoodmosaics.com\/wp-content\/uploads\/2020\/03\/Golabi-2.jpg\" data-link=\"https:\/\/soheilwoodmosaics.com\/amazing-wood\/golabi-2\/\" class=\"wp-image-248\" srcset=\"https:\/\/soheilwoodmosaics.com\/wp-content\/uploads\/2020\/03\/Golabi-2-1024x683.jpg 1024w, https:\/\/soheilwoodmosaics.com\/wp-content\/uploads\/2020\/03\/Golabi-2-300x200.jpg 300w, https:\/\/soheilwoodmosaics.com\/wp-content\/uploads\/2020\/03\/Golabi-2-768x512.jpg 768w, https:\/\/soheilwoodmosaics.com\/wp-content\/uploads\/2020\/03\/Golabi-2-750x500.jpg 750w, https:\/\/soheilwoodmosaics.com\/wp-content\/uploads\/2020\/03\/Golabi-2-600x400.jpg 600w, https:\/\/soheilwoodmosaics.com\/wp-content\/uploads\/2020\/03\/Golabi-2.jpg 1200w\" sizes=\"(max-width: 1024px) 100vw, 1024px\" \/><figcaption class=\"blocks-gallery-item__caption\">Pear<\/figcaption><\/figure><\/li><li class=\"blocks-gallery-item\"><figure><img loading=\"lazy\" decoding=\"async\" width=\"1024\" height=\"683\" src=\"https:\/\/soheilwoodmosaics.com\/wp-content\/uploads\/2020\/03\/Gilas-2-1024x683.jpg\" alt=\"Cherry\" data-id=\"247\" data-full-url=\"https:\/\/soheilwoodmosaics.com\/wp-content\/uploads\/2020\/03\/Gilas-2.jpg\" data-link=\"https:\/\/soheilwoodmosaics.com\/amazing-wood\/gilas-2\/\" class=\"wp-image-247\" srcset=\"https:\/\/soheilwoodmosaics.com\/wp-content\/uploads\/2020\/03\/Gilas-2-1024x683.jpg 1024w, https:\/\/soheilwoodmosaics.com\/wp-content\/uploads\/2020\/03\/Gilas-2-300x200.jpg 300w, https:\/\/soheilwoodmosaics.com\/wp-content\/uploads\/2020\/03\/Gilas-2-768x512.jpg 768w, https:\/\/soheilwoodmosaics.com\/wp-content\/uploads\/2020\/03\/Gilas-2-750x500.jpg 750w, https:\/\/soheilwoodmosaics.com\/wp-content\/uploads\/2020\/03\/Gilas-2-600x400.jpg 600w, https:\/\/soheilwoodmosaics.com\/wp-content\/uploads\/2020\/03\/Gilas-2.jpg 1200w\" sizes=\"(max-width: 1024px) 100vw, 1024px\" \/><figcaption class=\"blocks-gallery-item__caption\">Cherry<\/figcaption><\/figure><\/li><li class=\"blocks-gallery-item\"><figure><img loading=\"lazy\" decoding=\"async\" width=\"1024\" height=\"683\" src=\"https:\/\/soheilwoodmosaics.com\/wp-content\/uploads\/2020\/03\/Gerdoo-Tire-1024x683.jpg\" alt=\"Walnut\" data-id=\"246\" data-full-url=\"https:\/\/soheilwoodmosaics.com\/wp-content\/uploads\/2020\/03\/Gerdoo-Tire.jpg\" data-link=\"https:\/\/soheilwoodmosaics.com\/amazing-wood\/gerdoo-tire\/\" class=\"wp-image-246\" srcset=\"https:\/\/soheilwoodmosaics.com\/wp-content\/uploads\/2020\/03\/Gerdoo-Tire-1024x683.jpg 1024w, https:\/\/soheilwoodmosaics.com\/wp-content\/uploads\/2020\/03\/Gerdoo-Tire-300x200.jpg 300w, https:\/\/soheilwoodmosaics.com\/wp-content\/uploads\/2020\/03\/Gerdoo-Tire-768x512.jpg 768w, https:\/\/soheilwoodmosaics.com\/wp-content\/uploads\/2020\/03\/Gerdoo-Tire-750x500.jpg 750w, https:\/\/soheilwoodmosaics.com\/wp-content\/uploads\/2020\/03\/Gerdoo-Tire-600x400.jpg 600w, https:\/\/soheilwoodmosaics.com\/wp-content\/uploads\/2020\/03\/Gerdoo-Tire.jpg 1200w\" sizes=\"(max-width: 1024px) 100vw, 1024px\" \/><figcaption class=\"blocks-gallery-item__caption\">Walnut<\/figcaption><\/figure><\/li><li class=\"blocks-gallery-item\"><figure><img loading=\"lazy\" decoding=\"async\" width=\"1024\" height=\"683\" src=\"https:\/\/soheilwoodmosaics.com\/wp-content\/uploads\/2020\/03\/Gerdoo-tire-2-1024x683.jpg\" alt=\"Walnut\" data-id=\"245\" data-full-url=\"https:\/\/soheilwoodmosaics.com\/wp-content\/uploads\/2020\/03\/Gerdoo-tire-2.jpg\" data-link=\"https:\/\/soheilwoodmosaics.com\/amazing-wood\/gerdoo-tire-2\/\" class=\"wp-image-245\" srcset=\"https:\/\/soheilwoodmosaics.com\/wp-content\/uploads\/2020\/03\/Gerdoo-tire-2-1024x683.jpg 1024w, https:\/\/soheilwoodmosaics.com\/wp-content\/uploads\/2020\/03\/Gerdoo-tire-2-300x200.jpg 300w, https:\/\/soheilwoodmosaics.com\/wp-content\/uploads\/2020\/03\/Gerdoo-tire-2-768x512.jpg 768w, https:\/\/soheilwoodmosaics.com\/wp-content\/uploads\/2020\/03\/Gerdoo-tire-2-750x500.jpg 750w, https:\/\/soheilwoodmosaics.com\/wp-content\/uploads\/2020\/03\/Gerdoo-tire-2-600x400.jpg 600w, https:\/\/soheilwoodmosaics.com\/wp-content\/uploads\/2020\/03\/Gerdoo-tire-2.jpg 1200w\" sizes=\"(max-width: 1024px) 100vw, 1024px\" \/><figcaption class=\"blocks-gallery-item__caption\">Walnut<\/figcaption><\/figure><\/li><li class=\"blocks-gallery-item\"><figure><img loading=\"lazy\" decoding=\"async\" width=\"1024\" height=\"683\" src=\"https:\/\/soheilwoodmosaics.com\/wp-content\/uploads\/2020\/03\/Chenar-1024x683.jpg\" alt=\"Plane trees\" data-id=\"243\" data-full-url=\"https:\/\/soheilwoodmosaics.com\/wp-content\/uploads\/2020\/03\/Chenar.jpg\" data-link=\"https:\/\/soheilwoodmosaics.com\/amazing-wood\/chenar\/\" class=\"wp-image-243\" srcset=\"https:\/\/soheilwoodmosaics.com\/wp-content\/uploads\/2020\/03\/Chenar-1024x683.jpg 1024w, https:\/\/soheilwoodmosaics.com\/wp-content\/uploads\/2020\/03\/Chenar-300x200.jpg 300w, https:\/\/soheilwoodmosaics.com\/wp-content\/uploads\/2020\/03\/Chenar-768x512.jpg 768w, https:\/\/soheilwoodmosaics.com\/wp-content\/uploads\/2020\/03\/Chenar-750x500.jpg 750w, https:\/\/soheilwoodmosaics.com\/wp-content\/uploads\/2020\/03\/Chenar-600x400.jpg 600w, https:\/\/soheilwoodmosaics.com\/wp-content\/uploads\/2020\/03\/Chenar.jpg 1200w\" sizes=\"(max-width: 1024px) 100vw, 1024px\" \/><figcaption class=\"blocks-gallery-item__caption\">Plane trees<\/figcaption><\/figure><\/li><li class=\"blocks-gallery-item\"><figure><img loading=\"lazy\" decoding=\"async\" width=\"1024\" height=\"683\" src=\"https:\/\/soheilwoodmosaics.com\/wp-content\/uploads\/2020\/03\/Badam-1024x683.jpg\" alt=\"Almond\" data-id=\"242\" data-full-url=\"https:\/\/soheilwoodmosaics.com\/wp-content\/uploads\/2020\/03\/Badam.jpg\" data-link=\"https:\/\/soheilwoodmosaics.com\/amazing-wood\/badam\/\" class=\"wp-image-242\" srcset=\"https:\/\/soheilwoodmosaics.com\/wp-content\/uploads\/2020\/03\/Badam-1024x683.jpg 1024w, https:\/\/soheilwoodmosaics.com\/wp-content\/uploads\/2020\/03\/Badam-300x200.jpg 300w, https:\/\/soheilwoodmosaics.com\/wp-content\/uploads\/2020\/03\/Badam-768x512.jpg 768w, https:\/\/soheilwoodmosaics.com\/wp-content\/uploads\/2020\/03\/Badam-750x500.jpg 750w, https:\/\/soheilwoodmosaics.com\/wp-content\/uploads\/2020\/03\/Badam-600x400.jpg 600w, https:\/\/soheilwoodmosaics.com\/wp-content\/uploads\/2020\/03\/Badam.jpg 1200w\" sizes=\"(max-width: 1024px) 100vw, 1024px\" \/><figcaption class=\"blocks-gallery-item__caption\">Almond<\/figcaption><\/figure><\/li><li class=\"blocks-gallery-item\"><figure><img loading=\"lazy\" decoding=\"async\" width=\"1024\" height=\"683\" src=\"https:\/\/soheilwoodmosaics.com\/wp-content\/uploads\/2020\/03\/Ar-ar-1024x683.jpg\" alt=\"Tree of heaven\" data-id=\"241\" data-full-url=\"https:\/\/soheilwoodmosaics.com\/wp-content\/uploads\/2020\/03\/Ar-ar.jpg\" data-link=\"https:\/\/soheilwoodmosaics.com\/amazing-wood\/ar-ar\/\" class=\"wp-image-241\" srcset=\"https:\/\/soheilwoodmosaics.com\/wp-content\/uploads\/2020\/03\/Ar-ar-1024x683.jpg 1024w, https:\/\/soheilwoodmosaics.com\/wp-content\/uploads\/2020\/03\/Ar-ar-300x200.jpg 300w, https:\/\/soheilwoodmosaics.com\/wp-content\/uploads\/2020\/03\/Ar-ar-768x512.jpg 768w, https:\/\/soheilwoodmosaics.com\/wp-content\/uploads\/2020\/03\/Ar-ar-750x500.jpg 750w, https:\/\/soheilwoodmosaics.com\/wp-content\/uploads\/2020\/03\/Ar-ar-600x400.jpg 600w, https:\/\/soheilwoodmosaics.com\/wp-content\/uploads\/2020\/03\/Ar-ar.jpg 1200w\" sizes=\"(max-width: 1024px) 100vw, 1024px\" \/><figcaption class=\"blocks-gallery-item__caption\">Tree of heaven<\/figcaption><\/figure><\/li><li class=\"blocks-gallery-item\"><figure><img loading=\"lazy\" decoding=\"async\" width=\"1024\" height=\"683\" src=\"https:\/\/soheilwoodmosaics.com\/wp-content\/uploads\/2020\/03\/Anab-1024x683.jpg\" alt=\"Jujube tree\" data-id=\"240\" data-full-url=\"https:\/\/soheilwoodmosaics.com\/wp-content\/uploads\/2020\/03\/Anab.jpg\" data-link=\"https:\/\/soheilwoodmosaics.com\/amazing-wood\/anab\/\" class=\"wp-image-240\" srcset=\"https:\/\/soheilwoodmosaics.com\/wp-content\/uploads\/2020\/03\/Anab-1024x683.jpg 1024w, https:\/\/soheilwoodmosaics.com\/wp-content\/uploads\/2020\/03\/Anab-300x200.jpg 300w, https:\/\/soheilwoodmosaics.com\/wp-content\/uploads\/2020\/03\/Anab-768x512.jpg 768w, https:\/\/soheilwoodmosaics.com\/wp-content\/uploads\/2020\/03\/Anab-750x500.jpg 750w, https:\/\/soheilwoodmosaics.com\/wp-content\/uploads\/2020\/03\/Anab-600x400.jpg 600w, https:\/\/soheilwoodmosaics.com\/wp-content\/uploads\/2020\/03\/Anab.jpg 1200w\" sizes=\"(max-width: 1024px) 100vw, 1024px\" \/><figcaption class=\"blocks-gallery-item__caption\">Jujube tree<\/figcaption><\/figure><\/li><li class=\"blocks-gallery-item\"><figure><img loading=\"lazy\" decoding=\"async\" width=\"1024\" height=\"683\" src=\"https:\/\/soheilwoodmosaics.com\/wp-content\/uploads\/2020\/03\/Anab-o-Portugal-1024x683.jpg\" alt=\"Jujube &amp; Orange tree\" data-id=\"239\" data-full-url=\"https:\/\/soheilwoodmosaics.com\/wp-content\/uploads\/2020\/03\/Anab-o-Portugal.jpg\" data-link=\"https:\/\/soheilwoodmosaics.com\/amazing-wood\/anab-o-portugal\/\" class=\"wp-image-239\" srcset=\"https:\/\/soheilwoodmosaics.com\/wp-content\/uploads\/2020\/03\/Anab-o-Portugal-1024x683.jpg 1024w, https:\/\/soheilwoodmosaics.com\/wp-content\/uploads\/2020\/03\/Anab-o-Portugal-300x200.jpg 300w, https:\/\/soheilwoodmosaics.com\/wp-content\/uploads\/2020\/03\/Anab-o-Portugal-768x512.jpg 768w, https:\/\/soheilwoodmosaics.com\/wp-content\/uploads\/2020\/03\/Anab-o-Portugal-750x500.jpg 750w, https:\/\/soheilwoodmosaics.com\/wp-content\/uploads\/2020\/03\/Anab-o-Portugal-600x400.jpg 600w, https:\/\/soheilwoodmosaics.com\/wp-content\/uploads\/2020\/03\/Anab-o-Portugal.jpg 1200w\" sizes=\"(max-width: 1024px) 100vw, 1024px\" \/><figcaption class=\"blocks-gallery-item__caption\">Jujube &amp; Orange tree<\/figcaption><\/figure><\/li><li class=\"blocks-gallery-item\"><figure><img loading=\"lazy\" decoding=\"async\" width=\"1024\" height=\"683\" src=\"https:\/\/soheilwoodmosaics.com\/wp-content\/uploads\/2020\/03\/Alooche-1024x683.jpg\" alt=\"Cherry plum\" data-id=\"238\" data-full-url=\"https:\/\/soheilwoodmosaics.com\/wp-content\/uploads\/2020\/03\/Alooche.jpg\" data-link=\"https:\/\/soheilwoodmosaics.com\/amazing-wood\/alooche\/\" class=\"wp-image-238\" srcset=\"https:\/\/soheilwoodmosaics.com\/wp-content\/uploads\/2020\/03\/Alooche-1024x683.jpg 1024w, https:\/\/soheilwoodmosaics.com\/wp-content\/uploads\/2020\/03\/Alooche-300x200.jpg 300w, https:\/\/soheilwoodmosaics.com\/wp-content\/uploads\/2020\/03\/Alooche-768x512.jpg 768w, https:\/\/soheilwoodmosaics.com\/wp-content\/uploads\/2020\/03\/Alooche-750x500.jpg 750w, https:\/\/soheilwoodmosaics.com\/wp-content\/uploads\/2020\/03\/Alooche-600x400.jpg 600w, https:\/\/soheilwoodmosaics.com\/wp-content\/uploads\/2020\/03\/Alooche.jpg 1200w\" sizes=\"(max-width: 1024px) 100vw, 1024px\" \/><figcaption class=\"blocks-gallery-item__caption\">Cherry plum<\/figcaption><\/figure><\/li><li class=\"blocks-gallery-item\"><figure><img loading=\"lazy\" decoding=\"async\" width=\"1024\" height=\"683\" src=\"https:\/\/soheilwoodmosaics.com\/wp-content\/uploads\/2020\/03\/Gerdoo-Anjire-Siah-1024x683.jpg\" alt=\"Walnut &amp; Common fig\" data-id=\"279\" data-full-url=\"https:\/\/soheilwoodmosaics.com\/wp-content\/uploads\/2020\/03\/Gerdoo-Anjire-Siah.jpg\" data-link=\"https:\/\/soheilwoodmosaics.com\/amazing-wood\/gerdoo-anjire-siah\/\" class=\"wp-image-279\" srcset=\"https:\/\/soheilwoodmosaics.com\/wp-content\/uploads\/2020\/03\/Gerdoo-Anjire-Siah-1024x683.jpg 1024w, https:\/\/soheilwoodmosaics.com\/wp-content\/uploads\/2020\/03\/Gerdoo-Anjire-Siah-300x200.jpg 300w, https:\/\/soheilwoodmosaics.com\/wp-content\/uploads\/2020\/03\/Gerdoo-Anjire-Siah-768x512.jpg 768w, https:\/\/soheilwoodmosaics.com\/wp-content\/uploads\/2020\/03\/Gerdoo-Anjire-Siah-750x500.jpg 750w, https:\/\/soheilwoodmosaics.com\/wp-content\/uploads\/2020\/03\/Gerdoo-Anjire-Siah-600x400.jpg 600w, https:\/\/soheilwoodmosaics.com\/wp-content\/uploads\/2020\/03\/Gerdoo-Anjire-Siah.jpg 1200w\" sizes=\"(max-width: 1024px) 100vw, 1024px\" \/><figcaption class=\"blocks-gallery-item__caption\">Walnut &amp; Common fig<\/figcaption><\/figure><\/li><\/ul><\/figure>\n\n\n\n<p><\/p>","protected":false},"excerpt":{"rendered":"<p>One of the most exciting aspects of being a wood mosaic artist is getting to know and developing an affinity with the many beautifully grained and coloured woods I have had the privilege to work with. A developing expertise in the colour, texture, design, hardness and sex of the wood becomes an inevitable consequence of [&hellip;]<\/p>","protected":false},"author":1,"featured_media":0,"parent":0,"menu_order":0,"comment_status":"closed","ping_status":"closed","template":"","meta":{"footnotes":""},"_links":{"self":[{"href":"https:\/\/soheilwoodmosaics.com\/fr\/wp-json\/wp\/v2\/pages\/178"}],"collection":[{"href":"https:\/\/soheilwoodmosaics.com\/fr\/wp-json\/wp\/v2\/pages"}],"about":[{"href":"https:\/\/soheilwoodmosaics.com\/fr\/wp-json\/wp\/v2\/types\/page"}],"author":[{"embeddable":true,"href":"https:\/\/soheilwoodmosaics.com\/fr\/wp-json\/wp\/v2\/users\/1"}],"replies":[{"embeddable":true,"href":"https:\/\/soheilwoodmosaics.com\/fr\/wp-json\/wp\/v2\/comments?post=178"}],"version-history":[{"count":14,"href":"https:\/\/soheilwoodmosaics.com\/fr\/wp-json\/wp\/v2\/pages\/178\/revisions"}],"predecessor-version":[{"id":293,"href":"https:\/\/soheilwoodmosaics.com\/fr\/wp-json\/wp\/v2\/pages\/178\/revisions\/293"}],"wp:attachment":[{"href":"https:\/\/soheilwoodmosaics.com\/fr\/wp-json\/wp\/v2\/media?parent=178"}],"curies":[{"name":"wp","href":"https:\/\/api.w.org\/{rel}","templated":true}]}}