{"id":24,"date":"2020-02-06T18:11:47","date_gmt":"2020-02-06T14:41:47","guid":{"rendered":"http:\/\/soheilwoodmosaics.com\/?page_id=24"},"modified":"2022-03-09T00:25:12","modified_gmt":"2022-03-08T20:55:12","slug":"about-me","status":"publish","type":"page","link":"https:\/\/soheilwoodmosaics.com\/es\/about-me\/","title":{"rendered":"Sobre M\u00ed"},"content":{"rendered":"<p><strong>Sobre M\u00ed<\/strong><\/p>\n\n\n\n<p>Hace unos diez a\u00f1os, durante mi servicio militar, se me exigi\u00f3 trabajar en la Oficina del Patrimonio Cultural. Fue all\u00ed donde observ\u00e9 por primera vez a un artista de artesan\u00eda de madera en el trabajo y la formaci\u00f3n recibida por sus aprendices. Desde entonces, me enamor\u00e9 de este oficio. Me enamor\u00e9 de la apariencia, la sensaci\u00f3n, el olor de la madera y me di cuenta de que mi ambici\u00f3n era entrenar como artesano como ellos. Despu\u00e9s de una larga conversaci\u00f3n, el artista de artesan\u00eda de madera sugiri\u00f3 que pod\u00eda seguir adelante al final de mi d\u00eda de trabajo, una vez que el personal hab\u00eda salido del edificio y aprender algunas de las habilidades. As\u00ed que cerraba las puertas y en secreto iba a la sala de manuales para que mi maravilloso mentor lo ense\u00f1ara. Aprovech\u00e9 todas las oportunidades para practicar todo lo que pude y me enamor\u00e9 cada vez m\u00e1s de este hermoso arte. Aprend\u00ed a dominar las sierras y a cortar una l\u00ednea recta en madera. Luego pas\u00e9 a l\u00edneas curvas y despu\u00e9s de s\u00f3lo una semana comenc\u00e9 a hacer una simple imagen de madera simple. Mi mentor me dijo que ten\u00eda mucho talento y me dio im\u00e1genes cada vez m\u00e1s sofisticadas. Me sent\u00ed muy orgulloso cuando mi entrenador me dijo que hab\u00eda estudiantes que hab\u00edan estado haciendo esto durante un a\u00f1o que eran mucho menos precisos que yo.\u00a0<\/p>\n\n\n\n<p>&nbsp; &nbsp;Despu\u00e9s de que mi servicio militar termin\u00f3, regres\u00e9 a casa y decid\u00ed trabajar con un viejo, muy experimentado, h\u00e1bil maestro con el fin de progresar a un nivel m\u00e1s avanzado. Dentro de ese tiempo, no s\u00f3lo mejor\u00e9 mis habilidades, sino que tambi\u00e9n aprend\u00ed, a trav\u00e9s de su ejemplo, a ser un m\u00e1s paciente, m\u00e1s amable y amar a los dem\u00e1s tal como lo hizo. Siempre me esforzar\u00e9 por ser como \u00e9l. Tristemente, muri\u00f3 unos meses m\u00e1s tarde, pero su memoria y su ejemplo permanecen dentro de m\u00ed.&nbsp;<\/p>\n\n\n\n<p>&nbsp; &nbsp;Tuve la suerte de poder crear mi propio taller y despu\u00e9s de varios a\u00f1os he obtenido una licencia de la Organizaci\u00f3n Iran\u00ed de Patrimonio Cultural y Artesan\u00eda. Esto me dio el reconocimiento que necesitaba como artista de mosaico de madera profesional y habilidoso, y me permiti\u00f3 acceder a tableros de mosaico de madera avanzados.<\/p>\n\n\n\n<figure class=\"wp-block-video\"><video controls src=\"https:\/\/soheilwoodmosaics.com\/wp-content\/uploads\/2021\/05\/Soheil_Trailer-final.mp4\"><\/video><figcaption>Short Teaser of My Documentary Film &#8220;Eternal Life&#8221;<\/figcaption><\/figure>\n\n\n\n<div class=\"wp-block-group\"><div class=\"wp-block-group__inner-container is-layout-flow wp-block-group-is-layout-flow\">\n<div style=\"height:50px\" aria-hidden=\"true\" class=\"wp-block-spacer\"><\/div>\n\n\n\n<hr class=\"wp-block-separator has-text-color has-background has-black-background-color has-black-color is-style-wide\"\/>\n\n\n\n<div style=\"height:50px\" aria-hidden=\"true\" class=\"wp-block-spacer\"><\/div>\n<\/div><\/div>\n\n\n\n<figure class=\"wp-block-image size-large\"><img loading=\"lazy\" decoding=\"async\" width=\"1024\" height=\"683\" src=\"http:\/\/soheilwoodmosaics.com\/wp-content\/uploads\/2020\/03\/Soheyll-34-1024x683.jpg\" alt=\"\" class=\"wp-image-85\" srcset=\"https:\/\/soheilwoodmosaics.com\/wp-content\/uploads\/2020\/03\/Soheyll-34-1024x683.jpg 1024w, https:\/\/soheilwoodmosaics.com\/wp-content\/uploads\/2020\/03\/Soheyll-34-300x200.jpg 300w, https:\/\/soheilwoodmosaics.com\/wp-content\/uploads\/2020\/03\/Soheyll-34-768x512.jpg 768w, https:\/\/soheilwoodmosaics.com\/wp-content\/uploads\/2020\/03\/Soheyll-34-750x500.jpg 750w, https:\/\/soheilwoodmosaics.com\/wp-content\/uploads\/2020\/03\/Soheyll-34-600x400.jpg 600w, https:\/\/soheilwoodmosaics.com\/wp-content\/uploads\/2020\/03\/Soheyll-34.jpg 1200w\" sizes=\"(max-width: 1024px) 100vw, 1024px\" \/><\/figure>\n\n\n\n<figure class=\"wp-block-image size-large\"><img loading=\"lazy\" decoding=\"async\" width=\"1024\" height=\"683\" src=\"http:\/\/soheilwoodmosaics.com\/wp-content\/uploads\/2020\/03\/e7e11afa-8775-4f56-8e7e-f633de0b0b9a-1024x683.jpeg\" alt=\"\" class=\"wp-image-162\" srcset=\"https:\/\/soheilwoodmosaics.com\/wp-content\/uploads\/2020\/03\/e7e11afa-8775-4f56-8e7e-f633de0b0b9a-1024x683.jpeg 1024w, https:\/\/soheilwoodmosaics.com\/wp-content\/uploads\/2020\/03\/e7e11afa-8775-4f56-8e7e-f633de0b0b9a-300x200.jpeg 300w, https:\/\/soheilwoodmosaics.com\/wp-content\/uploads\/2020\/03\/e7e11afa-8775-4f56-8e7e-f633de0b0b9a-768x512.jpeg 768w, https:\/\/soheilwoodmosaics.com\/wp-content\/uploads\/2020\/03\/e7e11afa-8775-4f56-8e7e-f633de0b0b9a-750x500.jpeg 750w, https:\/\/soheilwoodmosaics.com\/wp-content\/uploads\/2020\/03\/e7e11afa-8775-4f56-8e7e-f633de0b0b9a-600x400.jpeg 600w, https:\/\/soheilwoodmosaics.com\/wp-content\/uploads\/2020\/03\/e7e11afa-8775-4f56-8e7e-f633de0b0b9a.jpeg 1080w\" sizes=\"(max-width: 1024px) 100vw, 1024px\" \/><\/figure>\n\n\n\n<figure class=\"wp-block-image size-large\"><img loading=\"lazy\" decoding=\"async\" width=\"1024\" height=\"683\" src=\"http:\/\/soheilwoodmosaics.com\/wp-content\/uploads\/2020\/03\/da7f5992-f268-4e4c-90a0-c176032c4659-1024x683.jpeg\" alt=\"\" class=\"wp-image-161\" srcset=\"https:\/\/soheilwoodmosaics.com\/wp-content\/uploads\/2020\/03\/da7f5992-f268-4e4c-90a0-c176032c4659-1024x683.jpeg 1024w, https:\/\/soheilwoodmosaics.com\/wp-content\/uploads\/2020\/03\/da7f5992-f268-4e4c-90a0-c176032c4659-300x200.jpeg 300w, https:\/\/soheilwoodmosaics.com\/wp-content\/uploads\/2020\/03\/da7f5992-f268-4e4c-90a0-c176032c4659-768x512.jpeg 768w, https:\/\/soheilwoodmosaics.com\/wp-content\/uploads\/2020\/03\/da7f5992-f268-4e4c-90a0-c176032c4659-750x500.jpeg 750w, https:\/\/soheilwoodmosaics.com\/wp-content\/uploads\/2020\/03\/da7f5992-f268-4e4c-90a0-c176032c4659-600x400.jpeg 600w, https:\/\/soheilwoodmosaics.com\/wp-content\/uploads\/2020\/03\/da7f5992-f268-4e4c-90a0-c176032c4659.jpeg 1080w\" sizes=\"(max-width: 1024px) 100vw, 1024px\" \/><\/figure>\n\n\n\n<figure class=\"wp-block-image size-large\"><img loading=\"lazy\" decoding=\"async\" width=\"1024\" height=\"683\" src=\"http:\/\/soheilwoodmosaics.com\/wp-content\/uploads\/2020\/03\/30ec9d5f-e32c-4ea6-9745-7c128612ff46-1024x683.jpeg\" alt=\"\" class=\"wp-image-155\" srcset=\"https:\/\/soheilwoodmosaics.com\/wp-content\/uploads\/2020\/03\/30ec9d5f-e32c-4ea6-9745-7c128612ff46-1024x683.jpeg 1024w, https:\/\/soheilwoodmosaics.com\/wp-content\/uploads\/2020\/03\/30ec9d5f-e32c-4ea6-9745-7c128612ff46-300x200.jpeg 300w, https:\/\/soheilwoodmosaics.com\/wp-content\/uploads\/2020\/03\/30ec9d5f-e32c-4ea6-9745-7c128612ff46-768x512.jpeg 768w, https:\/\/soheilwoodmosaics.com\/wp-content\/uploads\/2020\/03\/30ec9d5f-e32c-4ea6-9745-7c128612ff46-750x500.jpeg 750w, https:\/\/soheilwoodmosaics.com\/wp-content\/uploads\/2020\/03\/30ec9d5f-e32c-4ea6-9745-7c128612ff46-600x400.jpeg 600w, https:\/\/soheilwoodmosaics.com\/wp-content\/uploads\/2020\/03\/30ec9d5f-e32c-4ea6-9745-7c128612ff46.jpeg 1080w\" sizes=\"(max-width: 1024px) 100vw, 1024px\" \/><\/figure>\n\n\n\n<figure class=\"wp-block-image size-large\"><img loading=\"lazy\" decoding=\"async\" width=\"1024\" height=\"683\" src=\"http:\/\/soheilwoodmosaics.com\/wp-content\/uploads\/2020\/03\/Soheyll-49-1024x683.jpg\" alt=\"\" class=\"wp-image-83\" srcset=\"https:\/\/soheilwoodmosaics.com\/wp-content\/uploads\/2020\/03\/Soheyll-49-1024x683.jpg 1024w, https:\/\/soheilwoodmosaics.com\/wp-content\/uploads\/2020\/03\/Soheyll-49-300x200.jpg 300w, https:\/\/soheilwoodmosaics.com\/wp-content\/uploads\/2020\/03\/Soheyll-49-768x512.jpg 768w, https:\/\/soheilwoodmosaics.com\/wp-content\/uploads\/2020\/03\/Soheyll-49-750x500.jpg 750w, https:\/\/soheilwoodmosaics.com\/wp-content\/uploads\/2020\/03\/Soheyll-49-600x400.jpg 600w, https:\/\/soheilwoodmosaics.com\/wp-content\/uploads\/2020\/03\/Soheyll-49.jpg 1200w\" sizes=\"(max-width: 1024px) 100vw, 1024px\" \/><\/figure>\n\n\n\n<figure class=\"wp-block-image size-large\"><img loading=\"lazy\" decoding=\"async\" width=\"1024\" height=\"683\" src=\"http:\/\/soheilwoodmosaics.com\/wp-content\/uploads\/2020\/03\/9d55a16e-4198-4d21-a6b7-b4a92bcd04f4-1024x683.jpeg\" alt=\"\" class=\"wp-image-154\" srcset=\"https:\/\/soheilwoodmosaics.com\/wp-content\/uploads\/2020\/03\/9d55a16e-4198-4d21-a6b7-b4a92bcd04f4-1024x683.jpeg 1024w, https:\/\/soheilwoodmosaics.com\/wp-content\/uploads\/2020\/03\/9d55a16e-4198-4d21-a6b7-b4a92bcd04f4-300x200.jpeg 300w, https:\/\/soheilwoodmosaics.com\/wp-content\/uploads\/2020\/03\/9d55a16e-4198-4d21-a6b7-b4a92bcd04f4-768x512.jpeg 768w, https:\/\/soheilwoodmosaics.com\/wp-content\/uploads\/2020\/03\/9d55a16e-4198-4d21-a6b7-b4a92bcd04f4-750x500.jpeg 750w, https:\/\/soheilwoodmosaics.com\/wp-content\/uploads\/2020\/03\/9d55a16e-4198-4d21-a6b7-b4a92bcd04f4-600x400.jpeg 600w, https:\/\/soheilwoodmosaics.com\/wp-content\/uploads\/2020\/03\/9d55a16e-4198-4d21-a6b7-b4a92bcd04f4.jpeg 1080w\" sizes=\"(max-width: 1024px) 100vw, 1024px\" \/><\/figure>\n\n\n\n<figure class=\"wp-block-image size-large\"><img loading=\"lazy\" decoding=\"async\" width=\"1024\" height=\"683\" src=\"http:\/\/soheilwoodmosaics.com\/wp-content\/uploads\/2020\/03\/Soheyll-33-1024x683.jpg\" alt=\"\" class=\"wp-image-86\" srcset=\"https:\/\/soheilwoodmosaics.com\/wp-content\/uploads\/2020\/03\/Soheyll-33-1024x683.jpg 1024w, https:\/\/soheilwoodmosaics.com\/wp-content\/uploads\/2020\/03\/Soheyll-33-300x200.jpg 300w, https:\/\/soheilwoodmosaics.com\/wp-content\/uploads\/2020\/03\/Soheyll-33-768x512.jpg 768w, https:\/\/soheilwoodmosaics.com\/wp-content\/uploads\/2020\/03\/Soheyll-33-750x500.jpg 750w, https:\/\/soheilwoodmosaics.com\/wp-content\/uploads\/2020\/03\/Soheyll-33-600x400.jpg 600w, https:\/\/soheilwoodmosaics.com\/wp-content\/uploads\/2020\/03\/Soheyll-33.jpg 1200w\" sizes=\"(max-width: 1024px) 100vw, 1024px\" \/><\/figure>\n\n\n\n<figure class=\"wp-block-image size-large\"><img loading=\"lazy\" decoding=\"async\" width=\"1024\" height=\"683\" src=\"http:\/\/soheilwoodmosaics.com\/wp-content\/uploads\/2020\/03\/309d69a6-eb4d-47da-9ec3-7242e8ca3375-1024x683.jpeg\" alt=\"\" class=\"wp-image-157\" srcset=\"https:\/\/soheilwoodmosaics.com\/wp-content\/uploads\/2020\/03\/309d69a6-eb4d-47da-9ec3-7242e8ca3375-1024x683.jpeg 1024w, https:\/\/soheilwoodmosaics.com\/wp-content\/uploads\/2020\/03\/309d69a6-eb4d-47da-9ec3-7242e8ca3375-300x200.jpeg 300w, https:\/\/soheilwoodmosaics.com\/wp-content\/uploads\/2020\/03\/309d69a6-eb4d-47da-9ec3-7242e8ca3375-768x512.jpeg 768w, https:\/\/soheilwoodmosaics.com\/wp-content\/uploads\/2020\/03\/309d69a6-eb4d-47da-9ec3-7242e8ca3375-750x500.jpeg 750w, https:\/\/soheilwoodmosaics.com\/wp-content\/uploads\/2020\/03\/309d69a6-eb4d-47da-9ec3-7242e8ca3375-600x400.jpeg 600w, https:\/\/soheilwoodmosaics.com\/wp-content\/uploads\/2020\/03\/309d69a6-eb4d-47da-9ec3-7242e8ca3375.jpeg 1080w\" sizes=\"(max-width: 1024px) 100vw, 1024px\" \/><\/figure>\n\n\n\n<figure class=\"wp-block-image size-large\"><img loading=\"lazy\" decoding=\"async\" width=\"1024\" height=\"683\" src=\"http:\/\/soheilwoodmosaics.com\/wp-content\/uploads\/2020\/03\/561b9158-d404-4ab8-9971-dcf15ef3b2f2-1024x683.jpeg\" alt=\"\" class=\"wp-image-158\" srcset=\"https:\/\/soheilwoodmosaics.com\/wp-content\/uploads\/2020\/03\/561b9158-d404-4ab8-9971-dcf15ef3b2f2-1024x683.jpeg 1024w, https:\/\/soheilwoodmosaics.com\/wp-content\/uploads\/2020\/03\/561b9158-d404-4ab8-9971-dcf15ef3b2f2-300x200.jpeg 300w, https:\/\/soheilwoodmosaics.com\/wp-content\/uploads\/2020\/03\/561b9158-d404-4ab8-9971-dcf15ef3b2f2-768x512.jpeg 768w, https:\/\/soheilwoodmosaics.com\/wp-content\/uploads\/2020\/03\/561b9158-d404-4ab8-9971-dcf15ef3b2f2-750x500.jpeg 750w, https:\/\/soheilwoodmosaics.com\/wp-content\/uploads\/2020\/03\/561b9158-d404-4ab8-9971-dcf15ef3b2f2-600x400.jpeg 600w, https:\/\/soheilwoodmosaics.com\/wp-content\/uploads\/2020\/03\/561b9158-d404-4ab8-9971-dcf15ef3b2f2.jpeg 1080w\" sizes=\"(max-width: 1024px) 100vw, 1024px\" \/><\/figure>\n\n\n\n<figure class=\"wp-block-image size-large\"><img loading=\"lazy\" decoding=\"async\" width=\"1024\" height=\"683\" src=\"http:\/\/soheilwoodmosaics.com\/wp-content\/uploads\/2020\/03\/c2e566a4-4285-4f5e-903d-6e9636363d43-1024x683.jpeg\" alt=\"\" class=\"wp-image-159\" srcset=\"https:\/\/soheilwoodmosaics.com\/wp-content\/uploads\/2020\/03\/c2e566a4-4285-4f5e-903d-6e9636363d43-1024x683.jpeg 1024w, https:\/\/soheilwoodmosaics.com\/wp-content\/uploads\/2020\/03\/c2e566a4-4285-4f5e-903d-6e9636363d43-300x200.jpeg 300w, https:\/\/soheilwoodmosaics.com\/wp-content\/uploads\/2020\/03\/c2e566a4-4285-4f5e-903d-6e9636363d43-768x512.jpeg 768w, https:\/\/soheilwoodmosaics.com\/wp-content\/uploads\/2020\/03\/c2e566a4-4285-4f5e-903d-6e9636363d43-750x500.jpeg 750w, https:\/\/soheilwoodmosaics.com\/wp-content\/uploads\/2020\/03\/c2e566a4-4285-4f5e-903d-6e9636363d43-600x400.jpeg 600w, https:\/\/soheilwoodmosaics.com\/wp-content\/uploads\/2020\/03\/c2e566a4-4285-4f5e-903d-6e9636363d43.jpeg 1080w\" sizes=\"(max-width: 1024px) 100vw, 1024px\" \/><\/figure>\n\n\n\n<figure class=\"wp-block-image size-large\"><img loading=\"lazy\" decoding=\"async\" width=\"1024\" height=\"683\" src=\"http:\/\/soheilwoodmosaics.com\/wp-content\/uploads\/2020\/03\/52c037d3-ea4d-43a3-a70a-5b20327be4e6-1024x683.jpeg\" alt=\"\" class=\"wp-image-156\" srcset=\"https:\/\/soheilwoodmosaics.com\/wp-content\/uploads\/2020\/03\/52c037d3-ea4d-43a3-a70a-5b20327be4e6-1024x683.jpeg 1024w, https:\/\/soheilwoodmosaics.com\/wp-content\/uploads\/2020\/03\/52c037d3-ea4d-43a3-a70a-5b20327be4e6-300x200.jpeg 300w, https:\/\/soheilwoodmosaics.com\/wp-content\/uploads\/2020\/03\/52c037d3-ea4d-43a3-a70a-5b20327be4e6-768x512.jpeg 768w, https:\/\/soheilwoodmosaics.com\/wp-content\/uploads\/2020\/03\/52c037d3-ea4d-43a3-a70a-5b20327be4e6-750x500.jpeg 750w, https:\/\/soheilwoodmosaics.com\/wp-content\/uploads\/2020\/03\/52c037d3-ea4d-43a3-a70a-5b20327be4e6-600x400.jpeg 600w, https:\/\/soheilwoodmosaics.com\/wp-content\/uploads\/2020\/03\/52c037d3-ea4d-43a3-a70a-5b20327be4e6.jpeg 1080w\" sizes=\"(max-width: 1024px) 100vw, 1024px\" \/><\/figure>\n\n\n\n<figure class=\"wp-block-image size-large\"><img loading=\"lazy\" decoding=\"async\" width=\"1024\" height=\"628\" src=\"http:\/\/soheilwoodmosaics.com\/wp-content\/uploads\/2020\/03\/d5e7b8a8-da07-4fd6-9f7e-d6739ffba9ae-1024x628.jpeg\" alt=\"\" class=\"wp-image-160\" srcset=\"https:\/\/soheilwoodmosaics.com\/wp-content\/uploads\/2020\/03\/d5e7b8a8-da07-4fd6-9f7e-d6739ffba9ae-1024x628.jpeg 1024w, https:\/\/soheilwoodmosaics.com\/wp-content\/uploads\/2020\/03\/d5e7b8a8-da07-4fd6-9f7e-d6739ffba9ae-300x184.jpeg 300w, https:\/\/soheilwoodmosaics.com\/wp-content\/uploads\/2020\/03\/d5e7b8a8-da07-4fd6-9f7e-d6739ffba9ae-768x471.jpeg 768w, https:\/\/soheilwoodmosaics.com\/wp-content\/uploads\/2020\/03\/d5e7b8a8-da07-4fd6-9f7e-d6739ffba9ae-600x368.jpeg 600w, https:\/\/soheilwoodmosaics.com\/wp-content\/uploads\/2020\/03\/d5e7b8a8-da07-4fd6-9f7e-d6739ffba9ae.jpeg 1080w\" sizes=\"(max-width: 1024px) 100vw, 1024px\" \/><\/figure>\n\n\n\n<div class=\"wp-block-group\"><div class=\"wp-block-group__inner-container is-layout-flow wp-block-group-is-layout-flow\">\n<div style=\"height:50px\" aria-hidden=\"true\" class=\"wp-block-spacer\"><\/div>\n\n\n\n<hr class=\"wp-block-separator has-text-color has-background has-black-background-color has-black-color is-style-wide\"\/>\n\n\n\n<div style=\"height:50px\" aria-hidden=\"true\" class=\"wp-block-spacer\"><\/div>\n<\/div><\/div>\n\n\n\n<figure class=\"wp-block-video\"><video controls src=\"https:\/\/soheilwoodmosaics.com\/wp-content\/uploads\/2021\/05\/Zendegi-Javdaneh-Teaser_final_.mp4\"><\/video><figcaption>Another Teaser of My Documentary Film &#8220;Eternal Life&#8221;<\/figcaption><\/figure>","protected":false},"excerpt":{"rendered":"<p>About Me About ten years ago during my military service, I was required to work at the Cultural Heritage Bureau. It was there that I first observed a wood craft artist at work and the training received by his apprentices. From then on, I fell in love with this craft. I fell in love with [&hellip;]<\/p>","protected":false},"author":1,"featured_media":0,"parent":0,"menu_order":0,"comment_status":"closed","ping_status":"closed","template":"","meta":{"footnotes":""},"_links":{"self":[{"href":"https:\/\/soheilwoodmosaics.com\/es\/wp-json\/wp\/v2\/pages\/24"}],"collection":[{"href":"https:\/\/soheilwoodmosaics.com\/es\/wp-json\/wp\/v2\/pages"}],"about":[{"href":"https:\/\/soheilwoodmosaics.com\/es\/wp-json\/wp\/v2\/types\/page"}],"author":[{"embeddable":true,"href":"https:\/\/soheilwoodmosaics.com\/es\/wp-json\/wp\/v2\/users\/1"}],"replies":[{"embeddable":true,"href":"https:\/\/soheilwoodmosaics.com\/es\/wp-json\/wp\/v2\/comments?post=24"}],"version-history":[{"count":34,"href":"https:\/\/soheilwoodmosaics.com\/es\/wp-json\/wp\/v2\/pages\/24\/revisions"}],"predecessor-version":[{"id":504,"href":"https:\/\/soheilwoodmosaics.com\/es\/wp-json\/wp\/v2\/pages\/24\/revisions\/504"}],"wp:attachment":[{"href":"https:\/\/soheilwoodmosaics.com\/es\/wp-json\/wp\/v2\/media?parent=24"}],"curies":[{"name":"wp","href":"https:\/\/api.w.org\/{rel}","templated":true}]}}