{"id":186,"date":"2020-03-08T13:47:47","date_gmt":"2020-03-08T10:17:47","guid":{"rendered":"http:\/\/soheilwoodmosaics.com\/?page_id=186"},"modified":"2020-03-09T23:00:49","modified_gmt":"2020-03-09T19:30:49","slug":"order","status":"publish","type":"page","link":"https:\/\/soheilwoodmosaics.com\/es\/order\/","title":{"rendered":"Pago\/Pedido\/Mantenimiento"},"content":{"rendered":"<h4 class=\"wp-block-heading\">\u00d3rdenes<\/h4>\n\n\n\n<p>Los pedidos y comisiones deben realizarse por correo electr\u00f3nico utilizando las instalaciones de Contacto conmigo, en Contacto en el men\u00fa principal.&nbsp;<\/p>\n\n\n\n<p>Usted tendr\u00e1 la oportunidad de obtener m\u00e1s informaci\u00f3n sobre su compra y negociar sus ideas para una comisi\u00f3n.&nbsp;<\/p>\n\n\n\n<p>Esta es una etapa crucialmente importante en la que tengo mucho cuidado para asegurar que sus especificaciones sean escuchadas y, en la medida de lo posible,<\/p>\n\n\n\n<h4 class=\"wp-block-heading\">Procedimiento de pago<\/h4>\n\n\n\n<p>Se enviar\u00e1 una factura por correo electr\u00f3nico que contiene: 1) N\u00famero de pedido 2) Fecha 3) Art\u00edculo comprado 4) Costo del art\u00edculo 5) Costo de env\u00edo (detalles del env\u00edo) <br>Detalles de PayPal: Todos los pagos por PayPal. Su pedido ser\u00e1 enviado directamente el pago ha sido recibido.<\/p>\n\n\n\n<p>Si tiene alguna pregunta, no dude en enviar un correo electr\u00f3nico\u00a0<em><strong>info@soheilwoodmosaics.com<\/strong><\/em><\/p>\n\n\n\n<h4 class=\"wp-block-heading\">Servicio postventa y mantenimiento\u00a0<\/h4>\n\n\n\n<p>Mis tableros durar\u00e1n por generaciones y pueden proporcionar un impresionante legado para los miembros de su familia, si se los trata con respeto.<\/p>\n\n\n\n<p>Por lo tanto, proporciono un servicio de atenci\u00f3n posterior que implica la lubricaci\u00f3n.<\/p>","protected":false},"excerpt":{"rendered":"<p>Orders Orders and commissions should be placed by email using the&nbsp;Contact Me&nbsp;facility, under&nbsp;Contact&nbsp;on the main&nbsp;Menu.&nbsp; You will have the opportunity to find out more about your purchase and negotiate your ideas for a commission.&nbsp; This is a crucially important stage where I take great care to ensure your specifications are listened to and as far [&hellip;]<\/p>","protected":false},"author":1,"featured_media":0,"parent":0,"menu_order":0,"comment_status":"closed","ping_status":"closed","template":"","meta":{"footnotes":""},"_links":{"self":[{"href":"https:\/\/soheilwoodmosaics.com\/es\/wp-json\/wp\/v2\/pages\/186"}],"collection":[{"href":"https:\/\/soheilwoodmosaics.com\/es\/wp-json\/wp\/v2\/pages"}],"about":[{"href":"https:\/\/soheilwoodmosaics.com\/es\/wp-json\/wp\/v2\/types\/page"}],"author":[{"embeddable":true,"href":"https:\/\/soheilwoodmosaics.com\/es\/wp-json\/wp\/v2\/users\/1"}],"replies":[{"embeddable":true,"href":"https:\/\/soheilwoodmosaics.com\/es\/wp-json\/wp\/v2\/comments?post=186"}],"version-history":[{"count":3,"href":"https:\/\/soheilwoodmosaics.com\/es\/wp-json\/wp\/v2\/pages\/186\/revisions"}],"predecessor-version":[{"id":226,"href":"https:\/\/soheilwoodmosaics.com\/es\/wp-json\/wp\/v2\/pages\/186\/revisions\/226"}],"wp:attachment":[{"href":"https:\/\/soheilwoodmosaics.com\/es\/wp-json\/wp\/v2\/media?parent=186"}],"curies":[{"name":"wp","href":"https:\/\/api.w.org\/{rel}","templated":true}]}}