{"id":184,"date":"2020-03-08T13:45:21","date_gmt":"2020-03-08T10:15:21","guid":{"rendered":"http:\/\/soheilwoodmosaics.com\/?page_id=184"},"modified":"2020-03-10T18:09:57","modified_gmt":"2020-03-10T14:39:57","slug":"commissions","status":"publish","type":"page","link":"https:\/\/soheilwoodmosaics.com\/es\/commissions\/","title":{"rendered":"Comisiones"},"content":{"rendered":"<p>Doy la bienvenida a las comisiones para la creaci\u00f3n de grupos individuales, pares o grupos de tableros a medida. Analizar\u00e9 e interpretar\u00e9 im\u00e1genes y seleccionar\u00e9 las maderas m\u00e1s adecuadas de una amplia gama de muestras, (que se pueden ver en la p\u00e1gina \"Muestras de madera\" en este sitio web). Las placas se pueden hacer de una gama de cuatro tama\u00f1os diferentes (20x30cm, 40x60cm, 70x50cm o 80x80cm). Se aceptan pedidos para todo tipo de escritorios, sillas, accesorios como tableros de backgammon (decorativos y funcionales). La comunicaci\u00f3n visual en l\u00ednea y por correo electr\u00f3nico garantizar\u00e1 que est\u00e9 bien informado sobre c\u00f3mo est\u00e1 progresando su comisi\u00f3n.<br>\nEl costo de su comisi\u00f3n se negociar\u00e1 y finalizar\u00e1 antes de que se realice su pedido y se basar\u00e1 en el tama\u00f1o del tablero y la complejidad del proyecto propuesto. Los materiales se cobran por adelantado. Solicitar\u00eda un tercio de la tarifa al comienzo del proyecto, un tercio en la etapa intermedia y un tercio al finalizar.<\/p>\n\n\n\n<p>TODO MI TRABAJO ES BESPOKE Y CORTE A MANO CON LA BELLEZA NATURAL DE UNA AMPLIA GAMA DE MADERA PARA COLOR E IMPACTO.<br> (Nunca pintado como muchos productos inferiores)<\/p>","protected":false},"excerpt":{"rendered":"<p>I welcome commissions for the creation of bespoke individual, pairs of or groups of boards. I will analyse and interpret images and select the most appropriate woods from a wide range of samples, (which can be seen on the &#8216;Wood Samples&#8217; page on this website). Boards can be made from a range of four different [&hellip;]<\/p>","protected":false},"author":1,"featured_media":0,"parent":0,"menu_order":0,"comment_status":"closed","ping_status":"closed","template":"","meta":{"footnotes":""},"_links":{"self":[{"href":"https:\/\/soheilwoodmosaics.com\/es\/wp-json\/wp\/v2\/pages\/184"}],"collection":[{"href":"https:\/\/soheilwoodmosaics.com\/es\/wp-json\/wp\/v2\/pages"}],"about":[{"href":"https:\/\/soheilwoodmosaics.com\/es\/wp-json\/wp\/v2\/types\/page"}],"author":[{"embeddable":true,"href":"https:\/\/soheilwoodmosaics.com\/es\/wp-json\/wp\/v2\/users\/1"}],"replies":[{"embeddable":true,"href":"https:\/\/soheilwoodmosaics.com\/es\/wp-json\/wp\/v2\/comments?post=184"}],"version-history":[{"count":4,"href":"https:\/\/soheilwoodmosaics.com\/es\/wp-json\/wp\/v2\/pages\/184\/revisions"}],"predecessor-version":[{"id":236,"href":"https:\/\/soheilwoodmosaics.com\/es\/wp-json\/wp\/v2\/pages\/184\/revisions\/236"}],"wp:attachment":[{"href":"https:\/\/soheilwoodmosaics.com\/es\/wp-json\/wp\/v2\/media?parent=184"}],"curies":[{"name":"wp","href":"https:\/\/api.w.org\/{rel}","templated":true}]}}