{"id":180,"date":"2020-03-08T13:44:46","date_gmt":"2020-03-08T10:14:46","guid":{"rendered":"http:\/\/soheilwoodmosaics.com\/?page_id=180"},"modified":"2020-03-21T18:46:31","modified_gmt":"2020-03-21T15:16:31","slug":"the-environment","status":"publish","type":"page","link":"https:\/\/soheilwoodmosaics.com\/es\/the-environment\/","title":{"rendered":"El medio ambiente"},"content":{"rendered":"<div class=\"wp-block-media-text alignwide is-stacked-on-mobile is-vertically-aligned-top\" style=\"grid-template-columns:61% auto\"><figure class=\"wp-block-media-text__media\"><video controls src=\"http:\/\/soheilwoodmosaics.com\/wp-content\/uploads\/2020\/03\/video_2020-03-06_20-54-37.webm\"><\/video><\/figure><div class=\"wp-block-media-text__content\">\n<p class=\"has-normal-font-size\"><strong>Madera<\/strong>: mi materia prima m\u00e1s importante y valorada.<br> Estas son algunas de las variedades que utilizo para crear im\u00e1genes en mis mosaicos de madera cortados a mano.<br> Incluso despu\u00e9s de la muerte, los \u00e1rboles hacen que nuestro mundo sea mucho m\u00e1s hermoso.<\/p>\n<\/div><\/div>\n\n\n\n<p>Soy un ecologista dedicado y honestamente puedo decir que nunca he cortado un \u00e1rbol vivo y solo uso \u00e1rboles frutales secos, para demostrar c\u00f3mo los \u00e1rboles que han muerto naturalmente son igualmente capaces de proporcionar belleza en nuestro mundo. Adem\u00e1s de su exquisita madera, los \u00e1rboles nos proporcionan ox\u00edgeno, salud, belleza, tranquilidad y tranquilidad. He aprendido lecciones de vida y paz de los \u00e1rboles que nos rodean.&nbsp;<\/p>\n\n\n\n<figure class=\"wp-block-image size-large\"><img loading=\"lazy\" decoding=\"async\" width=\"576\" height=\"1024\" src=\"http:\/\/soheilwoodmosaics.com\/wp-content\/uploads\/2020\/03\/P_20190613_112131-576x1024.jpg\" alt=\"\" class=\"wp-image-283\" srcset=\"https:\/\/soheilwoodmosaics.com\/wp-content\/uploads\/2020\/03\/P_20190613_112131-576x1024.jpg 576w, https:\/\/soheilwoodmosaics.com\/wp-content\/uploads\/2020\/03\/P_20190613_112131-169x300.jpg 169w, https:\/\/soheilwoodmosaics.com\/wp-content\/uploads\/2020\/03\/P_20190613_112131-600x1067.jpg 600w, https:\/\/soheilwoodmosaics.com\/wp-content\/uploads\/2020\/03\/P_20190613_112131.jpg 675w\" sizes=\"(max-width: 576px) 100vw, 576px\" \/><\/figure>\n\n\n\n<figure class=\"wp-block-image size-large\"><img loading=\"lazy\" decoding=\"async\" width=\"576\" height=\"1024\" src=\"http:\/\/soheilwoodmosaics.com\/wp-content\/uploads\/2020\/03\/P_20190613_112116-576x1024.jpg\" alt=\"\" class=\"wp-image-282\" srcset=\"https:\/\/soheilwoodmosaics.com\/wp-content\/uploads\/2020\/03\/P_20190613_112116-576x1024.jpg 576w, https:\/\/soheilwoodmosaics.com\/wp-content\/uploads\/2020\/03\/P_20190613_112116-169x300.jpg 169w, https:\/\/soheilwoodmosaics.com\/wp-content\/uploads\/2020\/03\/P_20190613_112116-600x1067.jpg 600w, https:\/\/soheilwoodmosaics.com\/wp-content\/uploads\/2020\/03\/P_20190613_112116.jpg 675w\" sizes=\"(max-width: 576px) 100vw, 576px\" \/><\/figure>\n\n\n\n<figure class=\"wp-block-image size-large\"><img loading=\"lazy\" decoding=\"async\" width=\"576\" height=\"1024\" src=\"http:\/\/soheilwoodmosaics.com\/wp-content\/uploads\/2020\/03\/P_20190613_112102-576x1024.jpg\" alt=\"\" class=\"wp-image-281\" srcset=\"https:\/\/soheilwoodmosaics.com\/wp-content\/uploads\/2020\/03\/P_20190613_112102-576x1024.jpg 576w, https:\/\/soheilwoodmosaics.com\/wp-content\/uploads\/2020\/03\/P_20190613_112102-169x300.jpg 169w, https:\/\/soheilwoodmosaics.com\/wp-content\/uploads\/2020\/03\/P_20190613_112102-600x1067.jpg 600w, https:\/\/soheilwoodmosaics.com\/wp-content\/uploads\/2020\/03\/P_20190613_112102.jpg 675w\" sizes=\"(max-width: 576px) 100vw, 576px\" \/><\/figure>","protected":false},"excerpt":{"rendered":"<p>Wood: my most important and valued raw material. Here are some of the varieties I use for creating images on my hand-cut wood mosaics. Even after death, trees make our world so much more beautiful. I am a dedicated environmentalist and can honestly say that I have never cut down a living tree and only [&hellip;]<\/p>","protected":false},"author":1,"featured_media":0,"parent":0,"menu_order":0,"comment_status":"closed","ping_status":"closed","template":"","meta":{"footnotes":""},"_links":{"self":[{"href":"https:\/\/soheilwoodmosaics.com\/es\/wp-json\/wp\/v2\/pages\/180"}],"collection":[{"href":"https:\/\/soheilwoodmosaics.com\/es\/wp-json\/wp\/v2\/pages"}],"about":[{"href":"https:\/\/soheilwoodmosaics.com\/es\/wp-json\/wp\/v2\/types\/page"}],"author":[{"embeddable":true,"href":"https:\/\/soheilwoodmosaics.com\/es\/wp-json\/wp\/v2\/users\/1"}],"replies":[{"embeddable":true,"href":"https:\/\/soheilwoodmosaics.com\/es\/wp-json\/wp\/v2\/comments?post=180"}],"version-history":[{"count":5,"href":"https:\/\/soheilwoodmosaics.com\/es\/wp-json\/wp\/v2\/pages\/180\/revisions"}],"predecessor-version":[{"id":285,"href":"https:\/\/soheilwoodmosaics.com\/es\/wp-json\/wp\/v2\/pages\/180\/revisions\/285"}],"wp:attachment":[{"href":"https:\/\/soheilwoodmosaics.com\/es\/wp-json\/wp\/v2\/media?parent=180"}],"curies":[{"name":"wp","href":"https:\/\/api.w.org\/{rel}","templated":true}]}}