{"id":24,"date":"2020-02-06T18:11:47","date_gmt":"2020-02-06T14:41:47","guid":{"rendered":"http:\/\/soheilwoodmosaics.com\/?page_id=24"},"modified":"2022-03-09T00:25:12","modified_gmt":"2022-03-08T20:55:12","slug":"about-me","status":"publish","type":"page","link":"https:\/\/soheilwoodmosaics.com\/de\/about-me\/","title":{"rendered":"\u00dcber mich"},"content":{"rendered":"<p><strong>\u00dcber mich<\/strong><\/p>\n\n\n\n<p>Vor etwa zehn Jahren musste ich w\u00e4hrend meines Milit\u00e4rdienstes im B\u00fcro f\u00fcr Kulturerbe arbeiten. Dort beobachtete ich zum ersten Mal einen Holzhandwerker bei der Arbeit und die Ausbildung seiner Lehrlinge. Von da an verliebte ich mich in dieses Handwerk. Ich verliebte mich in das Aussehen, das Gef\u00fchl, den Geruch des Holzes und erkannte, dass mein Ehrgeiz darin bestand, als Handwerker wie sie zu trainieren. Nach einem l\u00e4ngeren Gespr\u00e4ch schlug der Holzhandwerker vor, dass ich am Ende meines Arbeitstages mitmachen k\u00f6nnte, nachdem die Mitarbeiter das Geb\u00e4ude verlassen und einige der F\u00e4higkeiten erlernt hatten. Also w\u00fcrde ich die T\u00fcren verriegeln und heimlich in den Handwerksraum gehen, um von meinem wunderbaren Mentor unterrichtet zu werden. Ich nutzte jede Gelegenheit, um so viel wie m\u00f6glich zu \u00fcben und verliebte mich immer mehr in diese sch\u00f6ne Kunst. Ich lernte, wie man S\u00e4gen meistert und wie man eine gerade Linie aus Holz schneidet. Ich ging dann zu gekr\u00fcmmten Linien und nach nur einer Woche ich an, ein einfaches einfaches Holzbild zu machen. Mein Mentor sagte mir, dass ich sehr talentiert war und gab mir immer anspruchsvollere Bilder. Ich war sehr stolz, als mein Trainer mir erz\u00e4hlte, dass es Studenten gab, die dies seit einem Jahr gemacht hatten, die viel weniger genau waren als ich.\u00a0<\/p>\n\n\n\n<p>&nbsp; &nbsp;Nach dem Ende meines Milit\u00e4rdienstes kehrte ich nach Hause zur\u00fcck und beschloss, mit einem alten, sehr erfahrenen, erfahrenen Meister zu arbeiten, um auf ein fortgeschritteneres Niveau zu kommen. In dieser Zeit habe ich nicht nur meine F\u00e4higkeiten verbessert, sondern durch sein Beispiel auch gelernt, geduldiger, freundlicher zu sein und andere so zu lieben, wie er es tat. Ich werde mich immer bem\u00fchen, wie er zu sein. Leider starb er ein paar Monate sp\u00e4ter, aber sein Andenken und sein Beispiel bleiben in mir.&nbsp;<\/p>\n\n\n\n<p>&nbsp; &nbsp;Ich hatte das Gl\u00fcck, eine eigene Werkstatt einrichten zu k\u00f6nnen und nach einigen Jahren habe ich eine Lizenz von der iranischen Organisation f\u00fcr Kulturerbe und Handwerk erhalten. Dies gab mir die Anerkennung, die ich als professioneller, geschickter Holzmosaikk\u00fcnstler brauchte, und erm\u00f6glichte mir den Zugang zu fortschrittlichen Holzmosaikplatten.<\/p>\n\n\n\n<figure class=\"wp-block-video\"><video controls src=\"https:\/\/soheilwoodmosaics.com\/wp-content\/uploads\/2021\/05\/Soheil_Trailer-final.mp4\"><\/video><figcaption>Short Teaser of My Documentary Film &#8220;Eternal Life&#8221;<\/figcaption><\/figure>\n\n\n\n<div class=\"wp-block-group\"><div class=\"wp-block-group__inner-container is-layout-flow wp-block-group-is-layout-flow\">\n<div style=\"height:50px\" aria-hidden=\"true\" class=\"wp-block-spacer\"><\/div>\n\n\n\n<hr class=\"wp-block-separator has-text-color has-background has-black-background-color has-black-color is-style-wide\"\/>\n\n\n\n<div style=\"height:50px\" aria-hidden=\"true\" class=\"wp-block-spacer\"><\/div>\n<\/div><\/div>\n\n\n\n<figure class=\"wp-block-image size-large\"><img loading=\"lazy\" decoding=\"async\" width=\"1024\" height=\"683\" src=\"http:\/\/soheilwoodmosaics.com\/wp-content\/uploads\/2020\/03\/Soheyll-34-1024x683.jpg\" alt=\"\" class=\"wp-image-85\" srcset=\"https:\/\/soheilwoodmosaics.com\/wp-content\/uploads\/2020\/03\/Soheyll-34-1024x683.jpg 1024w, https:\/\/soheilwoodmosaics.com\/wp-content\/uploads\/2020\/03\/Soheyll-34-300x200.jpg 300w, https:\/\/soheilwoodmosaics.com\/wp-content\/uploads\/2020\/03\/Soheyll-34-768x512.jpg 768w, https:\/\/soheilwoodmosaics.com\/wp-content\/uploads\/2020\/03\/Soheyll-34-750x500.jpg 750w, https:\/\/soheilwoodmosaics.com\/wp-content\/uploads\/2020\/03\/Soheyll-34-600x400.jpg 600w, https:\/\/soheilwoodmosaics.com\/wp-content\/uploads\/2020\/03\/Soheyll-34.jpg 1200w\" sizes=\"(max-width: 1024px) 100vw, 1024px\" \/><\/figure>\n\n\n\n<figure class=\"wp-block-image size-large\"><img loading=\"lazy\" decoding=\"async\" width=\"1024\" height=\"683\" src=\"http:\/\/soheilwoodmosaics.com\/wp-content\/uploads\/2020\/03\/e7e11afa-8775-4f56-8e7e-f633de0b0b9a-1024x683.jpeg\" alt=\"\" class=\"wp-image-162\" srcset=\"https:\/\/soheilwoodmosaics.com\/wp-content\/uploads\/2020\/03\/e7e11afa-8775-4f56-8e7e-f633de0b0b9a-1024x683.jpeg 1024w, https:\/\/soheilwoodmosaics.com\/wp-content\/uploads\/2020\/03\/e7e11afa-8775-4f56-8e7e-f633de0b0b9a-300x200.jpeg 300w, https:\/\/soheilwoodmosaics.com\/wp-content\/uploads\/2020\/03\/e7e11afa-8775-4f56-8e7e-f633de0b0b9a-768x512.jpeg 768w, https:\/\/soheilwoodmosaics.com\/wp-content\/uploads\/2020\/03\/e7e11afa-8775-4f56-8e7e-f633de0b0b9a-750x500.jpeg 750w, https:\/\/soheilwoodmosaics.com\/wp-content\/uploads\/2020\/03\/e7e11afa-8775-4f56-8e7e-f633de0b0b9a-600x400.jpeg 600w, https:\/\/soheilwoodmosaics.com\/wp-content\/uploads\/2020\/03\/e7e11afa-8775-4f56-8e7e-f633de0b0b9a.jpeg 1080w\" sizes=\"(max-width: 1024px) 100vw, 1024px\" \/><\/figure>\n\n\n\n<figure class=\"wp-block-image size-large\"><img loading=\"lazy\" decoding=\"async\" width=\"1024\" height=\"683\" src=\"http:\/\/soheilwoodmosaics.com\/wp-content\/uploads\/2020\/03\/da7f5992-f268-4e4c-90a0-c176032c4659-1024x683.jpeg\" alt=\"\" class=\"wp-image-161\" srcset=\"https:\/\/soheilwoodmosaics.com\/wp-content\/uploads\/2020\/03\/da7f5992-f268-4e4c-90a0-c176032c4659-1024x683.jpeg 1024w, https:\/\/soheilwoodmosaics.com\/wp-content\/uploads\/2020\/03\/da7f5992-f268-4e4c-90a0-c176032c4659-300x200.jpeg 300w, https:\/\/soheilwoodmosaics.com\/wp-content\/uploads\/2020\/03\/da7f5992-f268-4e4c-90a0-c176032c4659-768x512.jpeg 768w, https:\/\/soheilwoodmosaics.com\/wp-content\/uploads\/2020\/03\/da7f5992-f268-4e4c-90a0-c176032c4659-750x500.jpeg 750w, https:\/\/soheilwoodmosaics.com\/wp-content\/uploads\/2020\/03\/da7f5992-f268-4e4c-90a0-c176032c4659-600x400.jpeg 600w, https:\/\/soheilwoodmosaics.com\/wp-content\/uploads\/2020\/03\/da7f5992-f268-4e4c-90a0-c176032c4659.jpeg 1080w\" sizes=\"(max-width: 1024px) 100vw, 1024px\" \/><\/figure>\n\n\n\n<figure class=\"wp-block-image size-large\"><img loading=\"lazy\" decoding=\"async\" width=\"1024\" height=\"683\" src=\"http:\/\/soheilwoodmosaics.com\/wp-content\/uploads\/2020\/03\/30ec9d5f-e32c-4ea6-9745-7c128612ff46-1024x683.jpeg\" alt=\"\" class=\"wp-image-155\" srcset=\"https:\/\/soheilwoodmosaics.com\/wp-content\/uploads\/2020\/03\/30ec9d5f-e32c-4ea6-9745-7c128612ff46-1024x683.jpeg 1024w, https:\/\/soheilwoodmosaics.com\/wp-content\/uploads\/2020\/03\/30ec9d5f-e32c-4ea6-9745-7c128612ff46-300x200.jpeg 300w, https:\/\/soheilwoodmosaics.com\/wp-content\/uploads\/2020\/03\/30ec9d5f-e32c-4ea6-9745-7c128612ff46-768x512.jpeg 768w, https:\/\/soheilwoodmosaics.com\/wp-content\/uploads\/2020\/03\/30ec9d5f-e32c-4ea6-9745-7c128612ff46-750x500.jpeg 750w, https:\/\/soheilwoodmosaics.com\/wp-content\/uploads\/2020\/03\/30ec9d5f-e32c-4ea6-9745-7c128612ff46-600x400.jpeg 600w, https:\/\/soheilwoodmosaics.com\/wp-content\/uploads\/2020\/03\/30ec9d5f-e32c-4ea6-9745-7c128612ff46.jpeg 1080w\" sizes=\"(max-width: 1024px) 100vw, 1024px\" \/><\/figure>\n\n\n\n<figure class=\"wp-block-image size-large\"><img loading=\"lazy\" decoding=\"async\" width=\"1024\" height=\"683\" src=\"http:\/\/soheilwoodmosaics.com\/wp-content\/uploads\/2020\/03\/Soheyll-49-1024x683.jpg\" alt=\"\" class=\"wp-image-83\" srcset=\"https:\/\/soheilwoodmosaics.com\/wp-content\/uploads\/2020\/03\/Soheyll-49-1024x683.jpg 1024w, https:\/\/soheilwoodmosaics.com\/wp-content\/uploads\/2020\/03\/Soheyll-49-300x200.jpg 300w, https:\/\/soheilwoodmosaics.com\/wp-content\/uploads\/2020\/03\/Soheyll-49-768x512.jpg 768w, https:\/\/soheilwoodmosaics.com\/wp-content\/uploads\/2020\/03\/Soheyll-49-750x500.jpg 750w, https:\/\/soheilwoodmosaics.com\/wp-content\/uploads\/2020\/03\/Soheyll-49-600x400.jpg 600w, https:\/\/soheilwoodmosaics.com\/wp-content\/uploads\/2020\/03\/Soheyll-49.jpg 1200w\" sizes=\"(max-width: 1024px) 100vw, 1024px\" \/><\/figure>\n\n\n\n<figure class=\"wp-block-image size-large\"><img loading=\"lazy\" decoding=\"async\" width=\"1024\" height=\"683\" src=\"http:\/\/soheilwoodmosaics.com\/wp-content\/uploads\/2020\/03\/9d55a16e-4198-4d21-a6b7-b4a92bcd04f4-1024x683.jpeg\" alt=\"\" class=\"wp-image-154\" srcset=\"https:\/\/soheilwoodmosaics.com\/wp-content\/uploads\/2020\/03\/9d55a16e-4198-4d21-a6b7-b4a92bcd04f4-1024x683.jpeg 1024w, https:\/\/soheilwoodmosaics.com\/wp-content\/uploads\/2020\/03\/9d55a16e-4198-4d21-a6b7-b4a92bcd04f4-300x200.jpeg 300w, https:\/\/soheilwoodmosaics.com\/wp-content\/uploads\/2020\/03\/9d55a16e-4198-4d21-a6b7-b4a92bcd04f4-768x512.jpeg 768w, https:\/\/soheilwoodmosaics.com\/wp-content\/uploads\/2020\/03\/9d55a16e-4198-4d21-a6b7-b4a92bcd04f4-750x500.jpeg 750w, https:\/\/soheilwoodmosaics.com\/wp-content\/uploads\/2020\/03\/9d55a16e-4198-4d21-a6b7-b4a92bcd04f4-600x400.jpeg 600w, https:\/\/soheilwoodmosaics.com\/wp-content\/uploads\/2020\/03\/9d55a16e-4198-4d21-a6b7-b4a92bcd04f4.jpeg 1080w\" sizes=\"(max-width: 1024px) 100vw, 1024px\" \/><\/figure>\n\n\n\n<figure class=\"wp-block-image size-large\"><img loading=\"lazy\" decoding=\"async\" width=\"1024\" height=\"683\" src=\"http:\/\/soheilwoodmosaics.com\/wp-content\/uploads\/2020\/03\/Soheyll-33-1024x683.jpg\" alt=\"\" class=\"wp-image-86\" srcset=\"https:\/\/soheilwoodmosaics.com\/wp-content\/uploads\/2020\/03\/Soheyll-33-1024x683.jpg 1024w, https:\/\/soheilwoodmosaics.com\/wp-content\/uploads\/2020\/03\/Soheyll-33-300x200.jpg 300w, https:\/\/soheilwoodmosaics.com\/wp-content\/uploads\/2020\/03\/Soheyll-33-768x512.jpg 768w, https:\/\/soheilwoodmosaics.com\/wp-content\/uploads\/2020\/03\/Soheyll-33-750x500.jpg 750w, https:\/\/soheilwoodmosaics.com\/wp-content\/uploads\/2020\/03\/Soheyll-33-600x400.jpg 600w, https:\/\/soheilwoodmosaics.com\/wp-content\/uploads\/2020\/03\/Soheyll-33.jpg 1200w\" sizes=\"(max-width: 1024px) 100vw, 1024px\" \/><\/figure>\n\n\n\n<figure class=\"wp-block-image size-large\"><img loading=\"lazy\" decoding=\"async\" width=\"1024\" height=\"683\" src=\"http:\/\/soheilwoodmosaics.com\/wp-content\/uploads\/2020\/03\/309d69a6-eb4d-47da-9ec3-7242e8ca3375-1024x683.jpeg\" alt=\"\" class=\"wp-image-157\" srcset=\"https:\/\/soheilwoodmosaics.com\/wp-content\/uploads\/2020\/03\/309d69a6-eb4d-47da-9ec3-7242e8ca3375-1024x683.jpeg 1024w, https:\/\/soheilwoodmosaics.com\/wp-content\/uploads\/2020\/03\/309d69a6-eb4d-47da-9ec3-7242e8ca3375-300x200.jpeg 300w, https:\/\/soheilwoodmosaics.com\/wp-content\/uploads\/2020\/03\/309d69a6-eb4d-47da-9ec3-7242e8ca3375-768x512.jpeg 768w, https:\/\/soheilwoodmosaics.com\/wp-content\/uploads\/2020\/03\/309d69a6-eb4d-47da-9ec3-7242e8ca3375-750x500.jpeg 750w, https:\/\/soheilwoodmosaics.com\/wp-content\/uploads\/2020\/03\/309d69a6-eb4d-47da-9ec3-7242e8ca3375-600x400.jpeg 600w, https:\/\/soheilwoodmosaics.com\/wp-content\/uploads\/2020\/03\/309d69a6-eb4d-47da-9ec3-7242e8ca3375.jpeg 1080w\" sizes=\"(max-width: 1024px) 100vw, 1024px\" \/><\/figure>\n\n\n\n<figure class=\"wp-block-image size-large\"><img loading=\"lazy\" decoding=\"async\" width=\"1024\" height=\"683\" src=\"http:\/\/soheilwoodmosaics.com\/wp-content\/uploads\/2020\/03\/561b9158-d404-4ab8-9971-dcf15ef3b2f2-1024x683.jpeg\" alt=\"\" class=\"wp-image-158\" srcset=\"https:\/\/soheilwoodmosaics.com\/wp-content\/uploads\/2020\/03\/561b9158-d404-4ab8-9971-dcf15ef3b2f2-1024x683.jpeg 1024w, https:\/\/soheilwoodmosaics.com\/wp-content\/uploads\/2020\/03\/561b9158-d404-4ab8-9971-dcf15ef3b2f2-300x200.jpeg 300w, https:\/\/soheilwoodmosaics.com\/wp-content\/uploads\/2020\/03\/561b9158-d404-4ab8-9971-dcf15ef3b2f2-768x512.jpeg 768w, https:\/\/soheilwoodmosaics.com\/wp-content\/uploads\/2020\/03\/561b9158-d404-4ab8-9971-dcf15ef3b2f2-750x500.jpeg 750w, https:\/\/soheilwoodmosaics.com\/wp-content\/uploads\/2020\/03\/561b9158-d404-4ab8-9971-dcf15ef3b2f2-600x400.jpeg 600w, https:\/\/soheilwoodmosaics.com\/wp-content\/uploads\/2020\/03\/561b9158-d404-4ab8-9971-dcf15ef3b2f2.jpeg 1080w\" sizes=\"(max-width: 1024px) 100vw, 1024px\" \/><\/figure>\n\n\n\n<figure class=\"wp-block-image size-large\"><img loading=\"lazy\" decoding=\"async\" width=\"1024\" height=\"683\" src=\"http:\/\/soheilwoodmosaics.com\/wp-content\/uploads\/2020\/03\/c2e566a4-4285-4f5e-903d-6e9636363d43-1024x683.jpeg\" alt=\"\" class=\"wp-image-159\" srcset=\"https:\/\/soheilwoodmosaics.com\/wp-content\/uploads\/2020\/03\/c2e566a4-4285-4f5e-903d-6e9636363d43-1024x683.jpeg 1024w, https:\/\/soheilwoodmosaics.com\/wp-content\/uploads\/2020\/03\/c2e566a4-4285-4f5e-903d-6e9636363d43-300x200.jpeg 300w, https:\/\/soheilwoodmosaics.com\/wp-content\/uploads\/2020\/03\/c2e566a4-4285-4f5e-903d-6e9636363d43-768x512.jpeg 768w, https:\/\/soheilwoodmosaics.com\/wp-content\/uploads\/2020\/03\/c2e566a4-4285-4f5e-903d-6e9636363d43-750x500.jpeg 750w, https:\/\/soheilwoodmosaics.com\/wp-content\/uploads\/2020\/03\/c2e566a4-4285-4f5e-903d-6e9636363d43-600x400.jpeg 600w, https:\/\/soheilwoodmosaics.com\/wp-content\/uploads\/2020\/03\/c2e566a4-4285-4f5e-903d-6e9636363d43.jpeg 1080w\" sizes=\"(max-width: 1024px) 100vw, 1024px\" \/><\/figure>\n\n\n\n<figure class=\"wp-block-image size-large\"><img loading=\"lazy\" decoding=\"async\" width=\"1024\" height=\"683\" src=\"http:\/\/soheilwoodmosaics.com\/wp-content\/uploads\/2020\/03\/52c037d3-ea4d-43a3-a70a-5b20327be4e6-1024x683.jpeg\" alt=\"\" class=\"wp-image-156\" srcset=\"https:\/\/soheilwoodmosaics.com\/wp-content\/uploads\/2020\/03\/52c037d3-ea4d-43a3-a70a-5b20327be4e6-1024x683.jpeg 1024w, https:\/\/soheilwoodmosaics.com\/wp-content\/uploads\/2020\/03\/52c037d3-ea4d-43a3-a70a-5b20327be4e6-300x200.jpeg 300w, https:\/\/soheilwoodmosaics.com\/wp-content\/uploads\/2020\/03\/52c037d3-ea4d-43a3-a70a-5b20327be4e6-768x512.jpeg 768w, https:\/\/soheilwoodmosaics.com\/wp-content\/uploads\/2020\/03\/52c037d3-ea4d-43a3-a70a-5b20327be4e6-750x500.jpeg 750w, https:\/\/soheilwoodmosaics.com\/wp-content\/uploads\/2020\/03\/52c037d3-ea4d-43a3-a70a-5b20327be4e6-600x400.jpeg 600w, https:\/\/soheilwoodmosaics.com\/wp-content\/uploads\/2020\/03\/52c037d3-ea4d-43a3-a70a-5b20327be4e6.jpeg 1080w\" sizes=\"(max-width: 1024px) 100vw, 1024px\" \/><\/figure>\n\n\n\n<figure class=\"wp-block-image size-large\"><img loading=\"lazy\" decoding=\"async\" width=\"1024\" height=\"628\" src=\"http:\/\/soheilwoodmosaics.com\/wp-content\/uploads\/2020\/03\/d5e7b8a8-da07-4fd6-9f7e-d6739ffba9ae-1024x628.jpeg\" alt=\"\" class=\"wp-image-160\" srcset=\"https:\/\/soheilwoodmosaics.com\/wp-content\/uploads\/2020\/03\/d5e7b8a8-da07-4fd6-9f7e-d6739ffba9ae-1024x628.jpeg 1024w, https:\/\/soheilwoodmosaics.com\/wp-content\/uploads\/2020\/03\/d5e7b8a8-da07-4fd6-9f7e-d6739ffba9ae-300x184.jpeg 300w, https:\/\/soheilwoodmosaics.com\/wp-content\/uploads\/2020\/03\/d5e7b8a8-da07-4fd6-9f7e-d6739ffba9ae-768x471.jpeg 768w, https:\/\/soheilwoodmosaics.com\/wp-content\/uploads\/2020\/03\/d5e7b8a8-da07-4fd6-9f7e-d6739ffba9ae-600x368.jpeg 600w, https:\/\/soheilwoodmosaics.com\/wp-content\/uploads\/2020\/03\/d5e7b8a8-da07-4fd6-9f7e-d6739ffba9ae.jpeg 1080w\" sizes=\"(max-width: 1024px) 100vw, 1024px\" \/><\/figure>\n\n\n\n<div class=\"wp-block-group\"><div class=\"wp-block-group__inner-container is-layout-flow wp-block-group-is-layout-flow\">\n<div style=\"height:50px\" aria-hidden=\"true\" class=\"wp-block-spacer\"><\/div>\n\n\n\n<hr class=\"wp-block-separator has-text-color has-background has-black-background-color has-black-color is-style-wide\"\/>\n\n\n\n<div style=\"height:50px\" aria-hidden=\"true\" class=\"wp-block-spacer\"><\/div>\n<\/div><\/div>\n\n\n\n<figure class=\"wp-block-video\"><video controls src=\"https:\/\/soheilwoodmosaics.com\/wp-content\/uploads\/2021\/05\/Zendegi-Javdaneh-Teaser_final_.mp4\"><\/video><figcaption>Another Teaser of My Documentary Film &#8220;Eternal Life&#8221;<\/figcaption><\/figure>","protected":false},"excerpt":{"rendered":"<p>About Me About ten years ago during my military service, I was required to work at the Cultural Heritage Bureau. It was there that I first observed a wood craft artist at work and the training received by his apprentices. From then on, I fell in love with this craft. I fell in love with [&hellip;]<\/p>","protected":false},"author":1,"featured_media":0,"parent":0,"menu_order":0,"comment_status":"closed","ping_status":"closed","template":"","meta":{"footnotes":""},"_links":{"self":[{"href":"https:\/\/soheilwoodmosaics.com\/de\/wp-json\/wp\/v2\/pages\/24"}],"collection":[{"href":"https:\/\/soheilwoodmosaics.com\/de\/wp-json\/wp\/v2\/pages"}],"about":[{"href":"https:\/\/soheilwoodmosaics.com\/de\/wp-json\/wp\/v2\/types\/page"}],"author":[{"embeddable":true,"href":"https:\/\/soheilwoodmosaics.com\/de\/wp-json\/wp\/v2\/users\/1"}],"replies":[{"embeddable":true,"href":"https:\/\/soheilwoodmosaics.com\/de\/wp-json\/wp\/v2\/comments?post=24"}],"version-history":[{"count":34,"href":"https:\/\/soheilwoodmosaics.com\/de\/wp-json\/wp\/v2\/pages\/24\/revisions"}],"predecessor-version":[{"id":504,"href":"https:\/\/soheilwoodmosaics.com\/de\/wp-json\/wp\/v2\/pages\/24\/revisions\/504"}],"wp:attachment":[{"href":"https:\/\/soheilwoodmosaics.com\/de\/wp-json\/wp\/v2\/media?parent=24"}],"curies":[{"name":"wp","href":"https:\/\/api.w.org\/{rel}","templated":true}]}}