{"id":186,"date":"2020-03-08T13:47:47","date_gmt":"2020-03-08T10:17:47","guid":{"rendered":"http:\/\/soheilwoodmosaics.com\/?page_id=186"},"modified":"2020-03-09T23:00:49","modified_gmt":"2020-03-09T19:30:49","slug":"order","status":"publish","type":"page","link":"https:\/\/soheilwoodmosaics.com\/de\/order\/","title":{"rendered":"Bezahlung\/Bestellung\/Wartung"},"content":{"rendered":"<h4 class=\"wp-block-heading\">Bestellungen<\/h4>\n\n\n\n<p>Bestellungen und Provisionen sollten per E-Mail \u00fcber die Kontakt-Mich-Funktion unter Kontakt im Hauptmen\u00fc aufgegeben werden.&nbsp;<\/p>\n\n\n\n<p>Sie haben die M\u00f6glichkeit, mehr \u00fcber Ihren Kauf zu erfahren und Ihre Ideen f\u00fcr eine Provision auszuhandeln.&nbsp;<\/p>\n\n\n\n<p>Dies ist eine \u00e4u\u00dferst wichtige Phase, in der ich sehr darauf achten muss, dass Ihre Spezifikationen eingehalten und so weit wie m\u00f6glich eingehalten werden.<\/p>\n\n\n\n<h4 class=\"wp-block-heading\">Zahlungsverfahren<\/h4>\n\n\n\n<p>Eine Rechnung wird per E-Mail verschickt, die Folgendes enth\u00e4lt: 1) Bestellnummer 2) Datum 3) gekaufter Artikel 4) Kosten des Artikels 5) Versandkosten (Versanddetails) <br>PayPal-Details: Alle Zahlungen per PayPal. Ihre Bestellung wird direkt versendet Zahlung ist eingegangen.<\/p>\n\n\n\n<p>Wenn Sie Fragen haben, z\u00f6gern Sie nicht, eine E-Mail an\u00a0<em><strong>info@soheilwoodmosaics.com<\/strong><\/em><\/p>\n\n\n\n<h4 class=\"wp-block-heading\">After Sales Service und Wartung\u00a0<\/h4>\n\n\n\n<p>Meine Vorst\u00e4nde werden \u00fcber Generationen dauern und k\u00f6nnen ein atemberaubendes Verm\u00e4chtnis f\u00fcr Mitglieder Ihrer Familie bieten, wenn sie mit Respekt behandelt werden.<\/p>\n\n\n\n<p>Daher stelle ich einen Nachsorgeservice mit der Schmierung zur Verf\u00fcgung.<\/p>","protected":false},"excerpt":{"rendered":"<p>Orders Orders and commissions should be placed by email using the&nbsp;Contact Me&nbsp;facility, under&nbsp;Contact&nbsp;on the main&nbsp;Menu.&nbsp; You will have the opportunity to find out more about your purchase and negotiate your ideas for a commission.&nbsp; This is a crucially important stage where I take great care to ensure your specifications are listened to and as far [&hellip;]<\/p>","protected":false},"author":1,"featured_media":0,"parent":0,"menu_order":0,"comment_status":"closed","ping_status":"closed","template":"","meta":{"footnotes":""},"_links":{"self":[{"href":"https:\/\/soheilwoodmosaics.com\/de\/wp-json\/wp\/v2\/pages\/186"}],"collection":[{"href":"https:\/\/soheilwoodmosaics.com\/de\/wp-json\/wp\/v2\/pages"}],"about":[{"href":"https:\/\/soheilwoodmosaics.com\/de\/wp-json\/wp\/v2\/types\/page"}],"author":[{"embeddable":true,"href":"https:\/\/soheilwoodmosaics.com\/de\/wp-json\/wp\/v2\/users\/1"}],"replies":[{"embeddable":true,"href":"https:\/\/soheilwoodmosaics.com\/de\/wp-json\/wp\/v2\/comments?post=186"}],"version-history":[{"count":3,"href":"https:\/\/soheilwoodmosaics.com\/de\/wp-json\/wp\/v2\/pages\/186\/revisions"}],"predecessor-version":[{"id":226,"href":"https:\/\/soheilwoodmosaics.com\/de\/wp-json\/wp\/v2\/pages\/186\/revisions\/226"}],"wp:attachment":[{"href":"https:\/\/soheilwoodmosaics.com\/de\/wp-json\/wp\/v2\/media?parent=186"}],"curies":[{"name":"wp","href":"https:\/\/api.w.org\/{rel}","templated":true}]}}