{"id":184,"date":"2020-03-08T13:45:21","date_gmt":"2020-03-08T10:15:21","guid":{"rendered":"http:\/\/soheilwoodmosaics.com\/?page_id=184"},"modified":"2020-03-10T18:09:57","modified_gmt":"2020-03-10T14:39:57","slug":"commissions","status":"publish","type":"page","link":"https:\/\/soheilwoodmosaics.com\/de\/commissions\/","title":{"rendered":"Provisionen"},"content":{"rendered":"<p>Ich begr\u00fc\u00dfe Auftr\u00e4ge f\u00fcr die Schaffung von ma\u00dfgeschneiderten Einzel-, Paaren oder Gruppen von Brettern. Ich werde Bilder analysieren und interpretieren und die am besten geeigneten H\u00f6lzer aus einer Vielzahl von Proben ausw\u00e4hlen (die auf der Seite \"Holzproben\" auf dieser Website zu sehen sind). Die Boards k\u00f6nnen aus vier verschiedenen Gr\u00f6\u00dfen (20x30cm, 40x60cm, 70x50cm oder 80x80cm) hergestellt werden. Bestellungen f\u00fcr alle Arten von Schreibtischen, St\u00fchlen, Zubeh\u00f6r wie Backgammon-Boards (dekorativ und funktional) werden akzeptiert. Visuelle Kommunikation online und per E-Mail wird sicherstellen, dass Sie gut \u00fcber den Fortschritt Ihrer Kommission informiert werden.<br>\nDie Kosten F\u00fcr Ihre Provision werden vor der Auftragsvergabe ausgehandelt und abgeschlossen und basieren auf der Gr\u00f6\u00dfe des Boards und der Komplexit\u00e4t des vorgeschlagenen Projekts. Die Materialien werden im Voraus in Rechnung gestellt. Ich w\u00fcrde zu Beginn des Projekts ein Drittel der Geb\u00fchr, ein Drittel zur Halbzeit und ein Drittel nach Fertigstellung verlangen.<\/p>\n\n\n\n<p>ALLE MEINE ARBEIT IST BESPOKE UND HANDGESCHNITTEN, UNTER VERWENDUNG DER NAT\u00dcRLICHEN SCH\u00d6NHEIT EINES BREITEN HOLZBEREICHS F\u00dcR FARBE UND AUSWIRKUNGEN.<br> (Niemals gemalt, wie viele minderwertige Produkte)<\/p>","protected":false},"excerpt":{"rendered":"<p>I welcome commissions for the creation of bespoke individual, pairs of or groups of boards. I will analyse and interpret images and select the most appropriate woods from a wide range of samples, (which can be seen on the &#8216;Wood Samples&#8217; page on this website). Boards can be made from a range of four different [&hellip;]<\/p>","protected":false},"author":1,"featured_media":0,"parent":0,"menu_order":0,"comment_status":"closed","ping_status":"closed","template":"","meta":{"footnotes":""},"_links":{"self":[{"href":"https:\/\/soheilwoodmosaics.com\/de\/wp-json\/wp\/v2\/pages\/184"}],"collection":[{"href":"https:\/\/soheilwoodmosaics.com\/de\/wp-json\/wp\/v2\/pages"}],"about":[{"href":"https:\/\/soheilwoodmosaics.com\/de\/wp-json\/wp\/v2\/types\/page"}],"author":[{"embeddable":true,"href":"https:\/\/soheilwoodmosaics.com\/de\/wp-json\/wp\/v2\/users\/1"}],"replies":[{"embeddable":true,"href":"https:\/\/soheilwoodmosaics.com\/de\/wp-json\/wp\/v2\/comments?post=184"}],"version-history":[{"count":4,"href":"https:\/\/soheilwoodmosaics.com\/de\/wp-json\/wp\/v2\/pages\/184\/revisions"}],"predecessor-version":[{"id":236,"href":"https:\/\/soheilwoodmosaics.com\/de\/wp-json\/wp\/v2\/pages\/184\/revisions\/236"}],"wp:attachment":[{"href":"https:\/\/soheilwoodmosaics.com\/de\/wp-json\/wp\/v2\/media?parent=184"}],"curies":[{"name":"wp","href":"https:\/\/api.w.org\/{rel}","templated":true}]}}