{"id":182,"date":"2020-03-08T13:45:06","date_gmt":"2020-03-08T10:15:06","guid":{"rendered":"http:\/\/soheilwoodmosaics.com\/?page_id=182"},"modified":"2020-03-24T20:24:45","modified_gmt":"2020-03-24T16:54:45","slug":"the-history-of-wood-mosaics","status":"publish","type":"page","link":"https:\/\/soheilwoodmosaics.com\/de\/the-history-of-wood-mosaics\/","title":{"rendered":"Die Geschichte der Holzmosaiken"},"content":{"rendered":"<p class=\"underlined-text\"><strong>Die Geschichte der h\u00f6lzernen Mosaikkunst im Iran<\/strong><\/p>\n\n\n\n<p>Persische Kunst oder iranische Kunst hat eines der reichsten Kunsterbe der Weltgeschichte. Eines der sch\u00f6nsten Kunsthandwerk im Iran ist Holzmosaikkunst.&nbsp;<\/p>\n\n\n\n<p>Das \u00e4lteste Beispiel der Holzmosaikkunst im Iran wurde bei Ausgrabungen in der alten verbrannten Stadt Zabul entdeckt. Es stammt aus dem f\u00fcnften Jahrtausend v. Chr. Es bestand aus geometrischen Formen.<\/p>\n\n\n\n<figure class=\"wp-block-image size-large\"><img loading=\"lazy\" decoding=\"async\" width=\"1024\" height=\"719\" src=\"https:\/\/soheilwoodmosaics.com\/wp-content\/uploads\/2020\/03\/shahre-sookhte-1024x719.jpeg\" alt=\"\" class=\"wp-image-76\"\/><\/figure>\n\n\n\n<p>Vor tausend Jahren wurden zwei weitere Mosaike gefunden. Die erste wurde bei den verbrannten Stadtgrabungen entdeckt. Das zweite war ein Panel von 1313AH (1934). &nbsp;<\/p>\n\n\n\n<p>&nbsp;Diesen Beispielen folgte die hervorragende Arbeit von Ahmad Rhana. Seine Arbeiten gelten als ein hervorragendes fr\u00fches Beispiel f\u00fcr Holzmosaikkunst.&nbsp;<\/p>\n\n\n\n<p>(&nbsp;PHOTO)&nbsp;<\/p>\n\n\n\n<p>Ab dem sechsten Jahrhundert ist das Werk Seldschuks im Iran zu finden.&nbsp;<\/p>\n\n\n\n<p>Aus dem achten Jahrhundert AH stammend, gibt es einige au\u00dfergew\u00f6hnliche Beispiele iranischer Mosaikkunst. Die Iraner waren in der Lage, diese alte Kunst in den sch\u00f6nsten geometrischen Formen durch die Anwendung der mathematischen Wissenschaft zu schaffen.&nbsp;<\/p>\n\n\n\n<p>Ab 1334A (1955) wurden mehr Farbvariationen angewendet, so dass in den Mosaiken eine gr\u00f6\u00dfere Vielfalt an Industrieh\u00f6lzern zu erkennen war.<\/p>","protected":false},"excerpt":{"rendered":"<p>The History of Wooden Mosaic Art in Iran Persian&nbsp;art or&nbsp;Iranian&nbsp;art has one of the richest art heritages in world&nbsp;history.&nbsp;One of the most beautiful arts and crafts in Iran is wood mosaic art.&nbsp; The oldest example of wood mosaic art in Iran was discovered during excavations in the ancient burnt city of Zabul. It dated back [&hellip;]<\/p>","protected":false},"author":1,"featured_media":0,"parent":0,"menu_order":0,"comment_status":"closed","ping_status":"closed","template":"","meta":{"footnotes":""},"_links":{"self":[{"href":"https:\/\/soheilwoodmosaics.com\/de\/wp-json\/wp\/v2\/pages\/182"}],"collection":[{"href":"https:\/\/soheilwoodmosaics.com\/de\/wp-json\/wp\/v2\/pages"}],"about":[{"href":"https:\/\/soheilwoodmosaics.com\/de\/wp-json\/wp\/v2\/types\/page"}],"author":[{"embeddable":true,"href":"https:\/\/soheilwoodmosaics.com\/de\/wp-json\/wp\/v2\/users\/1"}],"replies":[{"embeddable":true,"href":"https:\/\/soheilwoodmosaics.com\/de\/wp-json\/wp\/v2\/comments?post=182"}],"version-history":[{"count":11,"href":"https:\/\/soheilwoodmosaics.com\/de\/wp-json\/wp\/v2\/pages\/182\/revisions"}],"predecessor-version":[{"id":294,"href":"https:\/\/soheilwoodmosaics.com\/de\/wp-json\/wp\/v2\/pages\/182\/revisions\/294"}],"wp:attachment":[{"href":"https:\/\/soheilwoodmosaics.com\/de\/wp-json\/wp\/v2\/media?parent=182"}],"curies":[{"name":"wp","href":"https:\/\/api.w.org\/{rel}","templated":true}]}}