{"id":178,"date":"2020-03-08T13:44:05","date_gmt":"2020-03-08T10:14:05","guid":{"rendered":"http:\/\/soheilwoodmosaics.com\/?page_id=178"},"modified":"2020-03-24T20:06:33","modified_gmt":"2020-03-24T16:36:33","slug":"amazing-wood","status":"publish","type":"page","link":"https:\/\/soheilwoodmosaics.com\/de\/amazing-wood\/","title":{"rendered":"erstaunliches Holz"},"content":{"rendered":"<p>Einer der spannendsten Aspekte des Holzmosaik-K\u00fcnstlers ist das Kennenlernen und Entwickeln einer Affinit\u00e4t zu den vielen wundersch\u00f6n genarbten und farbigen H\u00f6lzern, mit denen ich arbeiten durfte. Eine sich entwickelnde Expertise in Farbe, Textur, Design, H\u00e4rte und Geschlecht des Holzes wird zu einer unvermeidlichen Folge dieser Beziehung. Holz kann alle nat\u00fcrlichen Farben um uns herum umfassen, von Sorten von Wei\u00df bis Rot, Braun und sogar T\u00f6ne von Gr\u00fcn und Blau.&nbsp;&nbsp;<\/p>\n\n\n\n<p>Holzsorten wie die Walnussfamilie k\u00f6nnen in bis zu 300 verschiedenen Farbt\u00f6nen auf dem Farbspektrum erh\u00e4ltlich sein. Die W\u00e4lder lassen sich in zwei Kategorien einteilen: den breiten Nadelholz und die breitbl\u00e4ttrigen Gruppen. Die Nadelb\u00e4ume wachsen vor allem auf der n\u00f6rdlichen Hemisph\u00e4re, in den kalten und gem\u00e4\u00dfigten Regionen. Sie sind mit der Umgebung kompatibel, stehen gro\u00df und sch\u00f6n geformt. Das Holz dieser Arten ist in der Regel leichter mit weniger Korn und viel weicher. Die Farben des Holzes in dieser Art variieren von Wei\u00df bis Creme, von Braun bis Rot und Violett. Breitlaubige B\u00e4ume sind im gesamten Anbaugebiet des Iran verstreut. Ihr gro\u00dfes Aussehen und ihre gro\u00dfen, unregelm\u00e4\u00dfigen Kronen sind ihre Hauptmerkmale. Das Holz der Laubb\u00e4ume hat eine Vielzahl von Strukturen und Texturen, die sowohl weiche bis sehr schwere als auch hochdichte Holzsorten produzieren. Diese Vielfalt ist auf die weit reichende Verbreitung dieser Arten auf der ganzen Welt zur\u00fcckzuf\u00fchren. Die Farben reichen von Wei\u00df, Cremes, Braun und Rot in einer Vielzahl von Schattierungen. Der Grund f\u00fcr diese wunderbaren Farbvariationen ist das Vorhandensein einer Vielzahl von Mineralien im Boden in den vielen Regionen des Iran.<\/p>\n\n\n\n<figure class=\"wp-block-gallery columns-3 is-cropped wp-block-gallery-1 is-layout-flex wp-block-gallery-is-layout-flex\"><ul class=\"blocks-gallery-grid\"><li class=\"blocks-gallery-item\"><figure><img loading=\"lazy\" decoding=\"async\" width=\"1024\" height=\"683\" src=\"https:\/\/soheilwoodmosaics.com\/wp-content\/uploads\/2020\/03\/Zereshk-1024x683.jpg\" alt=\"Barberries\" data-id=\"257\" data-full-url=\"https:\/\/soheilwoodmosaics.com\/wp-content\/uploads\/2020\/03\/Zereshk.jpg\" data-link=\"https:\/\/soheilwoodmosaics.com\/amazing-wood\/zereshk\/\" class=\"wp-image-257\" srcset=\"https:\/\/soheilwoodmosaics.com\/wp-content\/uploads\/2020\/03\/Zereshk-1024x683.jpg 1024w, https:\/\/soheilwoodmosaics.com\/wp-content\/uploads\/2020\/03\/Zereshk-300x200.jpg 300w, https:\/\/soheilwoodmosaics.com\/wp-content\/uploads\/2020\/03\/Zereshk-768x512.jpg 768w, https:\/\/soheilwoodmosaics.com\/wp-content\/uploads\/2020\/03\/Zereshk-750x500.jpg 750w, https:\/\/soheilwoodmosaics.com\/wp-content\/uploads\/2020\/03\/Zereshk-600x400.jpg 600w, https:\/\/soheilwoodmosaics.com\/wp-content\/uploads\/2020\/03\/Zereshk.jpg 1200w\" sizes=\"(max-width: 1024px) 100vw, 1024px\" \/><figcaption class=\"blocks-gallery-item__caption\">Beeren<\/figcaption><\/figure><\/li><li class=\"blocks-gallery-item\"><figure><img loading=\"lazy\" decoding=\"async\" width=\"533\" height=\"800\" src=\"https:\/\/soheilwoodmosaics.com\/wp-content\/uploads\/2020\/03\/Valik.jpg\" alt=\"Common hawthorn\" data-id=\"256\" data-full-url=\"https:\/\/soheilwoodmosaics.com\/wp-content\/uploads\/2020\/03\/Valik.jpg\" data-link=\"https:\/\/soheilwoodmosaics.com\/amazing-wood\/valik\/\" class=\"wp-image-256\" srcset=\"https:\/\/soheilwoodmosaics.com\/wp-content\/uploads\/2020\/03\/Valik.jpg 533w, https:\/\/soheilwoodmosaics.com\/wp-content\/uploads\/2020\/03\/Valik-200x300.jpg 200w\" sizes=\"(max-width: 533px) 100vw, 533px\" \/><figcaption class=\"blocks-gallery-item__caption\">Common hawthorn<\/figcaption><\/figure><\/li><li class=\"blocks-gallery-item\"><figure><img loading=\"lazy\" decoding=\"async\" width=\"1024\" height=\"683\" src=\"https:\/\/soheilwoodmosaics.com\/wp-content\/uploads\/2020\/03\/Tut-1024x683.jpg\" alt=\"Strawberry\" data-id=\"276\" data-full-url=\"https:\/\/soheilwoodmosaics.com\/wp-content\/uploads\/2020\/03\/Tut.jpg\" data-link=\"https:\/\/soheilwoodmosaics.com\/amazing-wood\/tut\/\" class=\"wp-image-276\" srcset=\"https:\/\/soheilwoodmosaics.com\/wp-content\/uploads\/2020\/03\/Tut-1024x683.jpg 1024w, https:\/\/soheilwoodmosaics.com\/wp-content\/uploads\/2020\/03\/Tut-300x200.jpg 300w, https:\/\/soheilwoodmosaics.com\/wp-content\/uploads\/2020\/03\/Tut-768x512.jpg 768w, https:\/\/soheilwoodmosaics.com\/wp-content\/uploads\/2020\/03\/Tut-750x500.jpg 750w, https:\/\/soheilwoodmosaics.com\/wp-content\/uploads\/2020\/03\/Tut-600x400.jpg 600w, https:\/\/soheilwoodmosaics.com\/wp-content\/uploads\/2020\/03\/Tut.jpg 1200w\" sizes=\"(max-width: 1024px) 100vw, 1024px\" \/><figcaption class=\"blocks-gallery-item__caption\">Strawberry<\/figcaption><\/figure><\/li><li class=\"blocks-gallery-item\"><figure><img loading=\"lazy\" decoding=\"async\" width=\"1024\" height=\"683\" src=\"https:\/\/soheilwoodmosaics.com\/wp-content\/uploads\/2020\/03\/Mamarz2-1024x683.jpg\" alt=\"European hornbeam\" data-id=\"254\" data-full-url=\"https:\/\/soheilwoodmosaics.com\/wp-content\/uploads\/2020\/03\/Mamarz2.jpg\" data-link=\"https:\/\/soheilwoodmosaics.com\/amazing-wood\/mamarz2\/\" class=\"wp-image-254\" srcset=\"https:\/\/soheilwoodmosaics.com\/wp-content\/uploads\/2020\/03\/Mamarz2-1024x683.jpg 1024w, https:\/\/soheilwoodmosaics.com\/wp-content\/uploads\/2020\/03\/Mamarz2-300x200.jpg 300w, https:\/\/soheilwoodmosaics.com\/wp-content\/uploads\/2020\/03\/Mamarz2-768x512.jpg 768w, https:\/\/soheilwoodmosaics.com\/wp-content\/uploads\/2020\/03\/Mamarz2-750x500.jpg 750w, https:\/\/soheilwoodmosaics.com\/wp-content\/uploads\/2020\/03\/Mamarz2-600x400.jpg 600w, https:\/\/soheilwoodmosaics.com\/wp-content\/uploads\/2020\/03\/Mamarz2.jpg 1200w\" sizes=\"(max-width: 1024px) 100vw, 1024px\" \/><figcaption class=\"blocks-gallery-item__caption\">European hornbeam<\/figcaption><\/figure><\/li><li class=\"blocks-gallery-item\"><figure><img loading=\"lazy\" decoding=\"async\" width=\"1024\" height=\"683\" src=\"https:\/\/soheilwoodmosaics.com\/wp-content\/uploads\/2020\/03\/Mamarz-1024x683.jpg\" alt=\"European hornbeam\" data-id=\"253\" data-full-url=\"https:\/\/soheilwoodmosaics.com\/wp-content\/uploads\/2020\/03\/Mamarz.jpg\" data-link=\"https:\/\/soheilwoodmosaics.com\/amazing-wood\/mamarz\/\" class=\"wp-image-253\" srcset=\"https:\/\/soheilwoodmosaics.com\/wp-content\/uploads\/2020\/03\/Mamarz-1024x683.jpg 1024w, https:\/\/soheilwoodmosaics.com\/wp-content\/uploads\/2020\/03\/Mamarz-300x200.jpg 300w, https:\/\/soheilwoodmosaics.com\/wp-content\/uploads\/2020\/03\/Mamarz-768x512.jpg 768w, https:\/\/soheilwoodmosaics.com\/wp-content\/uploads\/2020\/03\/Mamarz-750x500.jpg 750w, https:\/\/soheilwoodmosaics.com\/wp-content\/uploads\/2020\/03\/Mamarz-600x400.jpg 600w, https:\/\/soheilwoodmosaics.com\/wp-content\/uploads\/2020\/03\/Mamarz.jpg 1200w\" sizes=\"(max-width: 1024px) 100vw, 1024px\" \/><figcaption class=\"blocks-gallery-item__caption\">European hornbeam<\/figcaption><\/figure><\/li><li class=\"blocks-gallery-item\"><figure><img loading=\"lazy\" decoding=\"async\" width=\"1024\" height=\"683\" src=\"https:\/\/soheilwoodmosaics.com\/wp-content\/uploads\/2020\/03\/karat2-1024x683.jpg\" alt=\"Gleditsia caspica\" data-id=\"252\" data-full-url=\"https:\/\/soheilwoodmosaics.com\/wp-content\/uploads\/2020\/03\/karat2.jpg\" data-link=\"https:\/\/soheilwoodmosaics.com\/amazing-wood\/karat2\/\" class=\"wp-image-252\" srcset=\"https:\/\/soheilwoodmosaics.com\/wp-content\/uploads\/2020\/03\/karat2-1024x683.jpg 1024w, https:\/\/soheilwoodmosaics.com\/wp-content\/uploads\/2020\/03\/karat2-300x200.jpg 300w, https:\/\/soheilwoodmosaics.com\/wp-content\/uploads\/2020\/03\/karat2-768x512.jpg 768w, https:\/\/soheilwoodmosaics.com\/wp-content\/uploads\/2020\/03\/karat2-750x500.jpg 750w, https:\/\/soheilwoodmosaics.com\/wp-content\/uploads\/2020\/03\/karat2-600x400.jpg 600w, https:\/\/soheilwoodmosaics.com\/wp-content\/uploads\/2020\/03\/karat2.jpg 1200w\" sizes=\"(max-width: 1024px) 100vw, 1024px\" \/><figcaption class=\"blocks-gallery-item__caption\">Gleditsia caspica<\/figcaption><\/figure><\/li><li class=\"blocks-gallery-item\"><figure><img loading=\"lazy\" decoding=\"async\" width=\"1024\" height=\"683\" src=\"https:\/\/soheilwoodmosaics.com\/wp-content\/uploads\/2020\/03\/Karat-1024x683.jpg\" alt=\"Gleditsia caspica\" data-id=\"251\" data-full-url=\"https:\/\/soheilwoodmosaics.com\/wp-content\/uploads\/2020\/03\/Karat.jpg\" data-link=\"https:\/\/soheilwoodmosaics.com\/amazing-wood\/karat\/\" class=\"wp-image-251\" srcset=\"https:\/\/soheilwoodmosaics.com\/wp-content\/uploads\/2020\/03\/Karat-1024x683.jpg 1024w, https:\/\/soheilwoodmosaics.com\/wp-content\/uploads\/2020\/03\/Karat-300x200.jpg 300w, https:\/\/soheilwoodmosaics.com\/wp-content\/uploads\/2020\/03\/Karat-768x512.jpg 768w, https:\/\/soheilwoodmosaics.com\/wp-content\/uploads\/2020\/03\/Karat-750x500.jpg 750w, https:\/\/soheilwoodmosaics.com\/wp-content\/uploads\/2020\/03\/Karat-600x400.jpg 600w, https:\/\/soheilwoodmosaics.com\/wp-content\/uploads\/2020\/03\/Karat.jpg 1200w\" sizes=\"(max-width: 1024px) 100vw, 1024px\" \/><figcaption class=\"blocks-gallery-item__caption\">Gleditsia caspica<\/figcaption><\/figure><\/li><li class=\"blocks-gallery-item\"><figure><img loading=\"lazy\" decoding=\"async\" width=\"1024\" height=\"683\" src=\"https:\/\/soheilwoodmosaics.com\/wp-content\/uploads\/2020\/03\/Kahoor-1024x683.jpg\" alt=\"Mesquites\" data-id=\"250\" data-full-url=\"https:\/\/soheilwoodmosaics.com\/wp-content\/uploads\/2020\/03\/Kahoor.jpg\" data-link=\"https:\/\/soheilwoodmosaics.com\/amazing-wood\/kahoor\/\" class=\"wp-image-250\" srcset=\"https:\/\/soheilwoodmosaics.com\/wp-content\/uploads\/2020\/03\/Kahoor-1024x683.jpg 1024w, https:\/\/soheilwoodmosaics.com\/wp-content\/uploads\/2020\/03\/Kahoor-300x200.jpg 300w, https:\/\/soheilwoodmosaics.com\/wp-content\/uploads\/2020\/03\/Kahoor-768x512.jpg 768w, https:\/\/soheilwoodmosaics.com\/wp-content\/uploads\/2020\/03\/Kahoor-750x500.jpg 750w, https:\/\/soheilwoodmosaics.com\/wp-content\/uploads\/2020\/03\/Kahoor-600x400.jpg 600w, https:\/\/soheilwoodmosaics.com\/wp-content\/uploads\/2020\/03\/Kahoor.jpg 1200w\" sizes=\"(max-width: 1024px) 100vw, 1024px\" \/><figcaption class=\"blocks-gallery-item__caption\">Mesquites<\/figcaption><\/figure><\/li><li class=\"blocks-gallery-item\"><figure><img loading=\"lazy\" decoding=\"async\" width=\"1024\" height=\"683\" src=\"https:\/\/soheilwoodmosaics.com\/wp-content\/uploads\/2020\/03\/Golabi-rage-dar-1024x683.jpg\" alt=\"Pear\" data-id=\"249\" data-full-url=\"https:\/\/soheilwoodmosaics.com\/wp-content\/uploads\/2020\/03\/Golabi-rage-dar.jpg\" data-link=\"https:\/\/soheilwoodmosaics.com\/amazing-wood\/golabi-rage-dar\/\" class=\"wp-image-249\" srcset=\"https:\/\/soheilwoodmosaics.com\/wp-content\/uploads\/2020\/03\/Golabi-rage-dar-1024x683.jpg 1024w, https:\/\/soheilwoodmosaics.com\/wp-content\/uploads\/2020\/03\/Golabi-rage-dar-300x200.jpg 300w, https:\/\/soheilwoodmosaics.com\/wp-content\/uploads\/2020\/03\/Golabi-rage-dar-768x512.jpg 768w, https:\/\/soheilwoodmosaics.com\/wp-content\/uploads\/2020\/03\/Golabi-rage-dar-750x500.jpg 750w, https:\/\/soheilwoodmosaics.com\/wp-content\/uploads\/2020\/03\/Golabi-rage-dar-600x400.jpg 600w, https:\/\/soheilwoodmosaics.com\/wp-content\/uploads\/2020\/03\/Golabi-rage-dar.jpg 1200w\" sizes=\"(max-width: 1024px) 100vw, 1024px\" \/><figcaption class=\"blocks-gallery-item__caption\">Pear<\/figcaption><\/figure><\/li><li class=\"blocks-gallery-item\"><figure><img loading=\"lazy\" decoding=\"async\" width=\"1024\" height=\"683\" src=\"https:\/\/soheilwoodmosaics.com\/wp-content\/uploads\/2020\/03\/Golabi-2-1024x683.jpg\" alt=\"Pear\" data-id=\"248\" data-full-url=\"https:\/\/soheilwoodmosaics.com\/wp-content\/uploads\/2020\/03\/Golabi-2.jpg\" data-link=\"https:\/\/soheilwoodmosaics.com\/amazing-wood\/golabi-2\/\" class=\"wp-image-248\" srcset=\"https:\/\/soheilwoodmosaics.com\/wp-content\/uploads\/2020\/03\/Golabi-2-1024x683.jpg 1024w, https:\/\/soheilwoodmosaics.com\/wp-content\/uploads\/2020\/03\/Golabi-2-300x200.jpg 300w, https:\/\/soheilwoodmosaics.com\/wp-content\/uploads\/2020\/03\/Golabi-2-768x512.jpg 768w, https:\/\/soheilwoodmosaics.com\/wp-content\/uploads\/2020\/03\/Golabi-2-750x500.jpg 750w, https:\/\/soheilwoodmosaics.com\/wp-content\/uploads\/2020\/03\/Golabi-2-600x400.jpg 600w, https:\/\/soheilwoodmosaics.com\/wp-content\/uploads\/2020\/03\/Golabi-2.jpg 1200w\" sizes=\"(max-width: 1024px) 100vw, 1024px\" \/><figcaption class=\"blocks-gallery-item__caption\">Pear<\/figcaption><\/figure><\/li><li class=\"blocks-gallery-item\"><figure><img loading=\"lazy\" decoding=\"async\" width=\"1024\" height=\"683\" src=\"https:\/\/soheilwoodmosaics.com\/wp-content\/uploads\/2020\/03\/Gilas-2-1024x683.jpg\" alt=\"Cherry\" data-id=\"247\" data-full-url=\"https:\/\/soheilwoodmosaics.com\/wp-content\/uploads\/2020\/03\/Gilas-2.jpg\" data-link=\"https:\/\/soheilwoodmosaics.com\/amazing-wood\/gilas-2\/\" class=\"wp-image-247\" srcset=\"https:\/\/soheilwoodmosaics.com\/wp-content\/uploads\/2020\/03\/Gilas-2-1024x683.jpg 1024w, https:\/\/soheilwoodmosaics.com\/wp-content\/uploads\/2020\/03\/Gilas-2-300x200.jpg 300w, https:\/\/soheilwoodmosaics.com\/wp-content\/uploads\/2020\/03\/Gilas-2-768x512.jpg 768w, https:\/\/soheilwoodmosaics.com\/wp-content\/uploads\/2020\/03\/Gilas-2-750x500.jpg 750w, https:\/\/soheilwoodmosaics.com\/wp-content\/uploads\/2020\/03\/Gilas-2-600x400.jpg 600w, https:\/\/soheilwoodmosaics.com\/wp-content\/uploads\/2020\/03\/Gilas-2.jpg 1200w\" sizes=\"(max-width: 1024px) 100vw, 1024px\" \/><figcaption class=\"blocks-gallery-item__caption\">Cherry<\/figcaption><\/figure><\/li><li class=\"blocks-gallery-item\"><figure><img loading=\"lazy\" decoding=\"async\" width=\"1024\" height=\"683\" src=\"https:\/\/soheilwoodmosaics.com\/wp-content\/uploads\/2020\/03\/Gerdoo-Tire-1024x683.jpg\" alt=\"Walnut\" data-id=\"246\" data-full-url=\"https:\/\/soheilwoodmosaics.com\/wp-content\/uploads\/2020\/03\/Gerdoo-Tire.jpg\" data-link=\"https:\/\/soheilwoodmosaics.com\/amazing-wood\/gerdoo-tire\/\" class=\"wp-image-246\" srcset=\"https:\/\/soheilwoodmosaics.com\/wp-content\/uploads\/2020\/03\/Gerdoo-Tire-1024x683.jpg 1024w, https:\/\/soheilwoodmosaics.com\/wp-content\/uploads\/2020\/03\/Gerdoo-Tire-300x200.jpg 300w, https:\/\/soheilwoodmosaics.com\/wp-content\/uploads\/2020\/03\/Gerdoo-Tire-768x512.jpg 768w, https:\/\/soheilwoodmosaics.com\/wp-content\/uploads\/2020\/03\/Gerdoo-Tire-750x500.jpg 750w, https:\/\/soheilwoodmosaics.com\/wp-content\/uploads\/2020\/03\/Gerdoo-Tire-600x400.jpg 600w, https:\/\/soheilwoodmosaics.com\/wp-content\/uploads\/2020\/03\/Gerdoo-Tire.jpg 1200w\" sizes=\"(max-width: 1024px) 100vw, 1024px\" \/><figcaption class=\"blocks-gallery-item__caption\">Walnut<\/figcaption><\/figure><\/li><li class=\"blocks-gallery-item\"><figure><img loading=\"lazy\" decoding=\"async\" width=\"1024\" height=\"683\" src=\"https:\/\/soheilwoodmosaics.com\/wp-content\/uploads\/2020\/03\/Gerdoo-tire-2-1024x683.jpg\" alt=\"Walnut\" data-id=\"245\" data-full-url=\"https:\/\/soheilwoodmosaics.com\/wp-content\/uploads\/2020\/03\/Gerdoo-tire-2.jpg\" data-link=\"https:\/\/soheilwoodmosaics.com\/amazing-wood\/gerdoo-tire-2\/\" class=\"wp-image-245\" srcset=\"https:\/\/soheilwoodmosaics.com\/wp-content\/uploads\/2020\/03\/Gerdoo-tire-2-1024x683.jpg 1024w, https:\/\/soheilwoodmosaics.com\/wp-content\/uploads\/2020\/03\/Gerdoo-tire-2-300x200.jpg 300w, https:\/\/soheilwoodmosaics.com\/wp-content\/uploads\/2020\/03\/Gerdoo-tire-2-768x512.jpg 768w, https:\/\/soheilwoodmosaics.com\/wp-content\/uploads\/2020\/03\/Gerdoo-tire-2-750x500.jpg 750w, https:\/\/soheilwoodmosaics.com\/wp-content\/uploads\/2020\/03\/Gerdoo-tire-2-600x400.jpg 600w, https:\/\/soheilwoodmosaics.com\/wp-content\/uploads\/2020\/03\/Gerdoo-tire-2.jpg 1200w\" sizes=\"(max-width: 1024px) 100vw, 1024px\" \/><figcaption class=\"blocks-gallery-item__caption\">Walnut<\/figcaption><\/figure><\/li><li class=\"blocks-gallery-item\"><figure><img loading=\"lazy\" decoding=\"async\" width=\"1024\" height=\"683\" src=\"https:\/\/soheilwoodmosaics.com\/wp-content\/uploads\/2020\/03\/Chenar-1024x683.jpg\" alt=\"Plane trees\" data-id=\"243\" data-full-url=\"https:\/\/soheilwoodmosaics.com\/wp-content\/uploads\/2020\/03\/Chenar.jpg\" data-link=\"https:\/\/soheilwoodmosaics.com\/amazing-wood\/chenar\/\" class=\"wp-image-243\" srcset=\"https:\/\/soheilwoodmosaics.com\/wp-content\/uploads\/2020\/03\/Chenar-1024x683.jpg 1024w, https:\/\/soheilwoodmosaics.com\/wp-content\/uploads\/2020\/03\/Chenar-300x200.jpg 300w, https:\/\/soheilwoodmosaics.com\/wp-content\/uploads\/2020\/03\/Chenar-768x512.jpg 768w, https:\/\/soheilwoodmosaics.com\/wp-content\/uploads\/2020\/03\/Chenar-750x500.jpg 750w, https:\/\/soheilwoodmosaics.com\/wp-content\/uploads\/2020\/03\/Chenar-600x400.jpg 600w, https:\/\/soheilwoodmosaics.com\/wp-content\/uploads\/2020\/03\/Chenar.jpg 1200w\" sizes=\"(max-width: 1024px) 100vw, 1024px\" \/><figcaption class=\"blocks-gallery-item__caption\">Plane trees<\/figcaption><\/figure><\/li><li class=\"blocks-gallery-item\"><figure><img loading=\"lazy\" decoding=\"async\" width=\"1024\" height=\"683\" src=\"https:\/\/soheilwoodmosaics.com\/wp-content\/uploads\/2020\/03\/Badam-1024x683.jpg\" alt=\"Almond\" data-id=\"242\" data-full-url=\"https:\/\/soheilwoodmosaics.com\/wp-content\/uploads\/2020\/03\/Badam.jpg\" data-link=\"https:\/\/soheilwoodmosaics.com\/amazing-wood\/badam\/\" class=\"wp-image-242\" srcset=\"https:\/\/soheilwoodmosaics.com\/wp-content\/uploads\/2020\/03\/Badam-1024x683.jpg 1024w, https:\/\/soheilwoodmosaics.com\/wp-content\/uploads\/2020\/03\/Badam-300x200.jpg 300w, https:\/\/soheilwoodmosaics.com\/wp-content\/uploads\/2020\/03\/Badam-768x512.jpg 768w, https:\/\/soheilwoodmosaics.com\/wp-content\/uploads\/2020\/03\/Badam-750x500.jpg 750w, https:\/\/soheilwoodmosaics.com\/wp-content\/uploads\/2020\/03\/Badam-600x400.jpg 600w, https:\/\/soheilwoodmosaics.com\/wp-content\/uploads\/2020\/03\/Badam.jpg 1200w\" sizes=\"(max-width: 1024px) 100vw, 1024px\" \/><figcaption class=\"blocks-gallery-item__caption\">Almond<\/figcaption><\/figure><\/li><li class=\"blocks-gallery-item\"><figure><img loading=\"lazy\" decoding=\"async\" width=\"1024\" height=\"683\" src=\"https:\/\/soheilwoodmosaics.com\/wp-content\/uploads\/2020\/03\/Ar-ar-1024x683.jpg\" alt=\"Tree of heaven\" data-id=\"241\" data-full-url=\"https:\/\/soheilwoodmosaics.com\/wp-content\/uploads\/2020\/03\/Ar-ar.jpg\" data-link=\"https:\/\/soheilwoodmosaics.com\/amazing-wood\/ar-ar\/\" class=\"wp-image-241\" srcset=\"https:\/\/soheilwoodmosaics.com\/wp-content\/uploads\/2020\/03\/Ar-ar-1024x683.jpg 1024w, https:\/\/soheilwoodmosaics.com\/wp-content\/uploads\/2020\/03\/Ar-ar-300x200.jpg 300w, https:\/\/soheilwoodmosaics.com\/wp-content\/uploads\/2020\/03\/Ar-ar-768x512.jpg 768w, https:\/\/soheilwoodmosaics.com\/wp-content\/uploads\/2020\/03\/Ar-ar-750x500.jpg 750w, https:\/\/soheilwoodmosaics.com\/wp-content\/uploads\/2020\/03\/Ar-ar-600x400.jpg 600w, https:\/\/soheilwoodmosaics.com\/wp-content\/uploads\/2020\/03\/Ar-ar.jpg 1200w\" sizes=\"(max-width: 1024px) 100vw, 1024px\" \/><figcaption class=\"blocks-gallery-item__caption\">Tree of heaven<\/figcaption><\/figure><\/li><li class=\"blocks-gallery-item\"><figure><img loading=\"lazy\" decoding=\"async\" width=\"1024\" height=\"683\" src=\"https:\/\/soheilwoodmosaics.com\/wp-content\/uploads\/2020\/03\/Anab-1024x683.jpg\" alt=\"Jujube tree\" data-id=\"240\" data-full-url=\"https:\/\/soheilwoodmosaics.com\/wp-content\/uploads\/2020\/03\/Anab.jpg\" data-link=\"https:\/\/soheilwoodmosaics.com\/amazing-wood\/anab\/\" class=\"wp-image-240\" srcset=\"https:\/\/soheilwoodmosaics.com\/wp-content\/uploads\/2020\/03\/Anab-1024x683.jpg 1024w, https:\/\/soheilwoodmosaics.com\/wp-content\/uploads\/2020\/03\/Anab-300x200.jpg 300w, https:\/\/soheilwoodmosaics.com\/wp-content\/uploads\/2020\/03\/Anab-768x512.jpg 768w, https:\/\/soheilwoodmosaics.com\/wp-content\/uploads\/2020\/03\/Anab-750x500.jpg 750w, https:\/\/soheilwoodmosaics.com\/wp-content\/uploads\/2020\/03\/Anab-600x400.jpg 600w, https:\/\/soheilwoodmosaics.com\/wp-content\/uploads\/2020\/03\/Anab.jpg 1200w\" sizes=\"(max-width: 1024px) 100vw, 1024px\" \/><figcaption class=\"blocks-gallery-item__caption\">Jujube tree<\/figcaption><\/figure><\/li><li class=\"blocks-gallery-item\"><figure><img loading=\"lazy\" decoding=\"async\" width=\"1024\" height=\"683\" src=\"https:\/\/soheilwoodmosaics.com\/wp-content\/uploads\/2020\/03\/Anab-o-Portugal-1024x683.jpg\" alt=\"Jujube &amp; Orange tree\" data-id=\"239\" data-full-url=\"https:\/\/soheilwoodmosaics.com\/wp-content\/uploads\/2020\/03\/Anab-o-Portugal.jpg\" data-link=\"https:\/\/soheilwoodmosaics.com\/amazing-wood\/anab-o-portugal\/\" class=\"wp-image-239\" srcset=\"https:\/\/soheilwoodmosaics.com\/wp-content\/uploads\/2020\/03\/Anab-o-Portugal-1024x683.jpg 1024w, https:\/\/soheilwoodmosaics.com\/wp-content\/uploads\/2020\/03\/Anab-o-Portugal-300x200.jpg 300w, https:\/\/soheilwoodmosaics.com\/wp-content\/uploads\/2020\/03\/Anab-o-Portugal-768x512.jpg 768w, https:\/\/soheilwoodmosaics.com\/wp-content\/uploads\/2020\/03\/Anab-o-Portugal-750x500.jpg 750w, https:\/\/soheilwoodmosaics.com\/wp-content\/uploads\/2020\/03\/Anab-o-Portugal-600x400.jpg 600w, https:\/\/soheilwoodmosaics.com\/wp-content\/uploads\/2020\/03\/Anab-o-Portugal.jpg 1200w\" sizes=\"(max-width: 1024px) 100vw, 1024px\" \/><figcaption class=\"blocks-gallery-item__caption\">Jujube &amp; Orange tree<\/figcaption><\/figure><\/li><li class=\"blocks-gallery-item\"><figure><img loading=\"lazy\" decoding=\"async\" width=\"1024\" height=\"683\" src=\"https:\/\/soheilwoodmosaics.com\/wp-content\/uploads\/2020\/03\/Alooche-1024x683.jpg\" alt=\"Cherry plum\" data-id=\"238\" data-full-url=\"https:\/\/soheilwoodmosaics.com\/wp-content\/uploads\/2020\/03\/Alooche.jpg\" data-link=\"https:\/\/soheilwoodmosaics.com\/amazing-wood\/alooche\/\" class=\"wp-image-238\" srcset=\"https:\/\/soheilwoodmosaics.com\/wp-content\/uploads\/2020\/03\/Alooche-1024x683.jpg 1024w, https:\/\/soheilwoodmosaics.com\/wp-content\/uploads\/2020\/03\/Alooche-300x200.jpg 300w, https:\/\/soheilwoodmosaics.com\/wp-content\/uploads\/2020\/03\/Alooche-768x512.jpg 768w, https:\/\/soheilwoodmosaics.com\/wp-content\/uploads\/2020\/03\/Alooche-750x500.jpg 750w, https:\/\/soheilwoodmosaics.com\/wp-content\/uploads\/2020\/03\/Alooche-600x400.jpg 600w, https:\/\/soheilwoodmosaics.com\/wp-content\/uploads\/2020\/03\/Alooche.jpg 1200w\" sizes=\"(max-width: 1024px) 100vw, 1024px\" \/><figcaption class=\"blocks-gallery-item__caption\">Cherry plum<\/figcaption><\/figure><\/li><li class=\"blocks-gallery-item\"><figure><img loading=\"lazy\" decoding=\"async\" width=\"1024\" height=\"683\" src=\"https:\/\/soheilwoodmosaics.com\/wp-content\/uploads\/2020\/03\/Gerdoo-Anjire-Siah-1024x683.jpg\" alt=\"Walnut &amp; Common fig\" data-id=\"279\" data-full-url=\"https:\/\/soheilwoodmosaics.com\/wp-content\/uploads\/2020\/03\/Gerdoo-Anjire-Siah.jpg\" data-link=\"https:\/\/soheilwoodmosaics.com\/amazing-wood\/gerdoo-anjire-siah\/\" class=\"wp-image-279\" srcset=\"https:\/\/soheilwoodmosaics.com\/wp-content\/uploads\/2020\/03\/Gerdoo-Anjire-Siah-1024x683.jpg 1024w, https:\/\/soheilwoodmosaics.com\/wp-content\/uploads\/2020\/03\/Gerdoo-Anjire-Siah-300x200.jpg 300w, https:\/\/soheilwoodmosaics.com\/wp-content\/uploads\/2020\/03\/Gerdoo-Anjire-Siah-768x512.jpg 768w, https:\/\/soheilwoodmosaics.com\/wp-content\/uploads\/2020\/03\/Gerdoo-Anjire-Siah-750x500.jpg 750w, https:\/\/soheilwoodmosaics.com\/wp-content\/uploads\/2020\/03\/Gerdoo-Anjire-Siah-600x400.jpg 600w, https:\/\/soheilwoodmosaics.com\/wp-content\/uploads\/2020\/03\/Gerdoo-Anjire-Siah.jpg 1200w\" sizes=\"(max-width: 1024px) 100vw, 1024px\" \/><figcaption class=\"blocks-gallery-item__caption\">Walnut &amp; Common fig<\/figcaption><\/figure><\/li><\/ul><\/figure>\n\n\n\n<p><\/p>","protected":false},"excerpt":{"rendered":"<p>One of the most exciting aspects of being a wood mosaic artist is getting to know and developing an affinity with the many beautifully grained and coloured woods I have had the privilege to work with. A developing expertise in the colour, texture, design, hardness and sex of the wood becomes an inevitable consequence of [&hellip;]<\/p>","protected":false},"author":1,"featured_media":0,"parent":0,"menu_order":0,"comment_status":"closed","ping_status":"closed","template":"","meta":{"footnotes":""},"_links":{"self":[{"href":"https:\/\/soheilwoodmosaics.com\/de\/wp-json\/wp\/v2\/pages\/178"}],"collection":[{"href":"https:\/\/soheilwoodmosaics.com\/de\/wp-json\/wp\/v2\/pages"}],"about":[{"href":"https:\/\/soheilwoodmosaics.com\/de\/wp-json\/wp\/v2\/types\/page"}],"author":[{"embeddable":true,"href":"https:\/\/soheilwoodmosaics.com\/de\/wp-json\/wp\/v2\/users\/1"}],"replies":[{"embeddable":true,"href":"https:\/\/soheilwoodmosaics.com\/de\/wp-json\/wp\/v2\/comments?post=178"}],"version-history":[{"count":14,"href":"https:\/\/soheilwoodmosaics.com\/de\/wp-json\/wp\/v2\/pages\/178\/revisions"}],"predecessor-version":[{"id":293,"href":"https:\/\/soheilwoodmosaics.com\/de\/wp-json\/wp\/v2\/pages\/178\/revisions\/293"}],"wp:attachment":[{"href":"https:\/\/soheilwoodmosaics.com\/de\/wp-json\/wp\/v2\/media?parent=178"}],"curies":[{"name":"wp","href":"https:\/\/api.w.org\/{rel}","templated":true}]}}